{"id":4698,"date":"2015-07-12T18:35:24","date_gmt":"2015-07-12T16:35:24","guid":{"rendered":"https:\/\/knezevi-vinogradi.hr\/?page_id=4698"},"modified":"2017-07-14T09:26:36","modified_gmt":"2017-07-14T08:26:36","slug":"willkommen","status":"publish","type":"page","link":"https:\/\/knezevi-vinogradi.hr\/de\/willkommen\/","title":{"rendered":"Willkommen"},"content":{"rendered":"<p>[vc_row][vc_column]<div class=\"c-content-box m-forced\"><strong>Liebe Besucher, wohlmeinenden Freunde!<\/strong><\/p>\n<p><img loading=\"lazy\" class=\"size-thumbnail wp-image-10438 alignright\" src=\"https:\/\/knezevi-vinogradi.hr\/wp-content\/uploads\/2015\/07\/Slika1-150x150.jpg\" alt=\"slika1\" width=\"150\" height=\"150\" \/>Mein Wunsch ist es, Sie aufrichtig zu begr\u00fc\u00dfen und f\u00fcr das\u00a0 Interesse, das Sie\u00a0 f\u00fcr die Gemeinde Kne\u017eevi Vinogradi\u00a0 zeigen,\u00a0 zu danken. Die Gemeinde \u00a0Kne\u017eevi Vinogradi ist territorial eine der gr\u00f6\u00dferen Gemeinden, nicht nur in der Gespanschaft Osje\u010dko-baranjska \u00a0sondern auch in der Republik Kroatien, und befindet sich im nord\u00f6stlichen Teil der Baranja \u2013 der Republik Kroatien.\u00a0Au\u00dfer einer Darstellung des geschichtlichen und gegenw\u00e4rtigen Standes der Gemeinde ist es das offenbare Anliegen und der Wunsch dieser Seite, den Reichtum des Gemeindegebietes in jedem Sinne vorzustellen, damit es \u00a0f\u00fcr Besucher interessant wird, damit \u00a0diese sich von dem Flei\u00df und der Gastfreundlichkeit der Bewohner\u00a0 in jedem Sinne \u00fcberzeugen k\u00f6nnen.<\/p>\n<p><p><a href=\"https:\/\/knezevi-vinogradi.hr\/de\/wort-des-gemeindevorstandes\/\" class=\"c-button\">Mehr<\/a><\/p>\n<\/div>[\/vc_column][\/vc_row][vc_row][vc_column]<div class=\"c-directory m-2-columns\"><div class=\"c-content-box\"><div class=\"directory-inner\"><h2 class=\"directory-title\">Ausgew\u00e4hlte Webseiten<\/h2><div class=\"directory-content\"><div class=\"menu-menu-sredina-container\"><ul id=\"menu-menu-sredina\" class=\"directory-menu\"><li id=\"menu-item-2836\" class=\"menu-item menu-item-type-post_type menu-item-object-page menu-item-2836\"><a href=\"https:\/\/knezevi-vinogradi.hr\/kontakt\/\">Kontakt<\/a><\/li>\n<li id=\"menu-item-2837\" class=\"menu-item menu-item-type-post_type menu-item-object-page menu-item-2837\"><a href=\"https:\/\/knezevi-vinogradi.hr\/opcina\/\">Op\u0107ina<\/a><\/li>\n<li id=\"menu-item-2838\" class=\"menu-item menu-item-type-post_type menu-item-object-page menu-item-2838\"><a href=\"https:\/\/knezevi-vinogradi.hr\/turizam\/\">Turizam<\/a><\/li>\n<li id=\"menu-item-49473\" class=\"menu-item menu-item-type-custom menu-item-object-custom menu-item-49473\"><a href=\"https:\/\/www.zona.knezevi-vinogradi.hr\/\">Poslovno-poduzetni\u010dka i rekreativna zona Kne\u017eevi Vinogradi<\/a><\/li>\n<li id=\"menu-item-3597\" class=\"menu-item menu-item-type-post_type menu-item-object-page menu-item-3597\"><a href=\"https:\/\/knezevi-vinogradi.hr\/ustanove-i-tvrtke\/knezevi-parkovi-doo\/\">Kne\u017eevi parkovi d.o.o.<\/a><\/li>\n<li id=\"menu-item-6182\" class=\"menu-item menu-item-type-post_type menu-item-object-page menu-item-6182\"><a href=\"https:\/\/knezevi-vinogradi.hr\/ustroj\/ostvarivanje-prava-na-pristup-informacijama\/\">Ostvarivanje prava na pristup informacijama<\/a><\/li>\n<li id=\"menu-item-12225\" class=\"menu-item menu-item-type-post_type menu-item-object-page menu-item-12225\"><a href=\"https:\/\/knezevi-vinogradi.hr\/sluzbenik-za-zastitu-osobnih-podataka\/\">Slu\u017ebenik za za\u0161titu osobnih podataka<\/a><\/li>\n<li id=\"menu-item-7625\" class=\"menu-item menu-item-type-custom menu-item-object-custom menu-item-7625\"><a href=\"http:\/\/biblio.knezevi-vinogradi.hr\">Biblio &#8211; Baza Podataka<\/a><\/li>\n<\/ul><\/div><\/div><\/div><\/div><\/div>[\/vc_column][\/vc_row]<\/p>\n","protected":false},"excerpt":{"rendered":"<p>[vc_row][vc_column][\/vc_column][\/vc_row][vc_row][vc_column][\/vc_column][\/vc_row]<\/p>\n","protected":false},"author":2,"featured_media":0,"parent":0,"menu_order":0,"comment_status":"closed","ping_status":"open","template":"","meta":[],"_links":{"self":[{"href":"https:\/\/knezevi-vinogradi.hr\/de\/wp-json\/wp\/v2\/pages\/4698\/"}],"collection":[{"href":"https:\/\/knezevi-vinogradi.hr\/de\/wp-json\/wp\/v2\/pages\/"}],"about":[{"href":"https:\/\/knezevi-vinogradi.hr\/de\/wp-json\/wp\/v2\/types\/page\/"}],"author":[{"embeddable":true,"href":"https:\/\/knezevi-vinogradi.hr\/de\/wp-json\/wp\/v2\/users\/2\/"}],"replies":[{"embeddable":true,"href":"https:\/\/knezevi-vinogradi.hr\/de\/wp-json\/wp\/v2\/comments\/?post=4698"}],"version-history":[{"count":8,"href":"https:\/\/knezevi-vinogradi.hr\/de\/wp-json\/wp\/v2\/pages\/4698\/revisions\/"}],"predecessor-version":[{"id":10610,"href":"https:\/\/knezevi-vinogradi.hr\/de\/wp-json\/wp\/v2\/pages\/4698\/revisions\/10610\/"}],"wp:attachment":[{"href":"https:\/\/knezevi-vinogradi.hr\/de\/wp-json\/wp\/v2\/media\/?parent=4698"}],"curies":[{"name":"wp","href":"https:\/\/api.w.org\/{rel}","templated":true}]}}