{"id":4726,"date":"2013-12-01T17:45:28","date_gmt":"2013-12-01T15:45:28","guid":{"rendered":"https:\/\/knezevi-vinogradi.hr\/?page_id=4726"},"modified":"2024-10-25T08:25:58","modified_gmt":"2024-10-25T06:25:58","slug":"kontakt","status":"publish","type":"page","link":"https:\/\/knezevi-vinogradi.hr\/de\/kontakt\/","title":{"rendered":"Kontakt"},"content":{"rendered":"<p><strong>Op\u0107ina (Gemeinde) Kne\u017eevi Vinogradi<br \/>\n<\/strong><span style=\"line-height: 1.5;\">31309 Kne\u017eevi Vinogradi<br \/>\n<\/span><span style=\"line-height: 1.5;\">Hrvatske Republike 3<\/span><\/p>\n<p>E-mail: <a href=\"mailto:opcina@knezevi-vinogradi.hr\">opcina@knezevi-vinogradi.hr<\/a>, <a href=\"mailto:pisarnica@knezevi-vinogradi.hr\">pisarnica@knezevi-vinogradi.hr<\/a><\/p>\n<p>\u0422el.: +385 (0) 31 730 938<br \/>\nFax: +385 (0) 31 732 106<\/p>\n<p><strong>Matrikelnummer:<\/strong> 02551900<br \/>\n<strong>OIB:<\/strong> 35938293122<\/p>\n<p>Name und Sitz der Gesellschaft bei welcher die Hauptgesch\u00e4ftsrechnung er\u00f6ffnet wurde:<br \/>\nPrivredna banka d.d. Zagreb<br \/>\nIBAN: <strong>HR83 23400091819500000<\/strong><\/p>\n","protected":false},"excerpt":{"rendered":"<p>Op\u0107ina (Gemeinde) Kne\u017eevi Vinogradi 31309 Kne\u017eevi Vinogradi Hrvatske Republike 3 E-mail: opcina@knezevi-vinogradi.hr, pisarnica@knezevi-vinogradi.hr \u0422el.: +385 (0) 31 730 938 Fax: +385 (0) 31 732 106 Matrikelnummer: 02551900 OIB: 35938293122 Name und Sitz der Gesellschaft bei welcher die Hauptgesch\u00e4ftsrechnung er\u00f6ffnet wurde: Privredna banka d.d. Zagreb IBAN: HR83 23400091819500000<\/p>\n","protected":false},"author":2,"featured_media":0,"parent":0,"menu_order":0,"comment_status":"closed","ping_status":"closed","template":"","meta":[],"_links":{"self":[{"href":"https:\/\/knezevi-vinogradi.hr\/de\/wp-json\/wp\/v2\/pages\/4726\/"}],"collection":[{"href":"https:\/\/knezevi-vinogradi.hr\/de\/wp-json\/wp\/v2\/pages\/"}],"about":[{"href":"https:\/\/knezevi-vinogradi.hr\/de\/wp-json\/wp\/v2\/types\/page\/"}],"author":[{"embeddable":true,"href":"https:\/\/knezevi-vinogradi.hr\/de\/wp-json\/wp\/v2\/users\/2\/"}],"replies":[{"embeddable":true,"href":"https:\/\/knezevi-vinogradi.hr\/de\/wp-json\/wp\/v2\/comments\/?post=4726"}],"version-history":[{"count":5,"href":"https:\/\/knezevi-vinogradi.hr\/de\/wp-json\/wp\/v2\/pages\/4726\/revisions\/"}],"predecessor-version":[{"id":60571,"href":"https:\/\/knezevi-vinogradi.hr\/de\/wp-json\/wp\/v2\/pages\/4726\/revisions\/60571\/"}],"wp:attachment":[{"href":"https:\/\/knezevi-vinogradi.hr\/de\/wp-json\/wp\/v2\/media\/?parent=4726"}],"curies":[{"name":"wp","href":"https:\/\/api.w.org\/{rel}","templated":true}]}}