{"id":4732,"date":"2015-07-03T13:19:26","date_gmt":"2015-07-03T12:19:26","guid":{"rendered":"https:\/\/knezevi-vinogradi.hr\/?page_id=4732"},"modified":"2016-01-13T09:27:55","modified_gmt":"2016-01-13T08:27:55","slug":"tourismus","status":"publish","type":"page","link":"https:\/\/knezevi-vinogradi.hr\/de\/tourismus\/","title":{"rendered":"Tourismus"},"content":{"rendered":"<p>Sind Sie auf der Suche nach einem Zufluchtsort zur Erholung von Alltagshektik und Anspannung sowie dem Stress der modernen Lebensweise, sind die Siedlungen der Gemeinde Kne\u017eevi Vinogradi, in welchen Sie von der eigenartigen Umwelt der baranjaer Weingebiete umfangen werden, der richtige Ort daf\u00fcr.<\/p>\n<p>Ungef\u00e4hr zwanzig Minuten n\u00f6rdlich von Osijek befindet sich diese Oase auf den sonnigen H\u00e4ngen des Banovo brdo\/Banush\u00fcgels. Hier scheint die Zeit zu stehen oder so langsam zu flie\u00dfen wie die Donau und die Drau, welche jahrhundertelang diese Gegend umrahmen. Eben diese Umarmung der Natur, deren W\u00e4lder, Felder, Weing\u00e4rten, Sumpfgebiete, Fl\u00fcsse und des Menschen, der jahrhundertelang in diesen Gebieten arbeitet und lebt, bildet ihre unzerrei\u00dfbare Verbundenheit. Diese erkennt man in den zahlreichen Eigenheiten der Baranja, welche sie gleichzeitig scheu verbirgt und selbstlos an ihre Besucher verschenkt.<\/p>\n<p>Jahrhundertalte und eigenartige Weinkeller, in den Grund des baranjaer H\u00fcgels eingegraben, un\u00fcbersehbare Weing\u00e4rten, vorz\u00fcgliche autochthone Sorten der baranjer Weine, einheimische gastronomische Spezialit\u00e4ten aus Fisch und Wildbrett, traditionelle Familienobjekte zur Erholung, Jagdh\u00e4user tief\u00a0 in den baranjaer W\u00e4lder, alte Gewerbe vom Vergessen bewahrt, die Tamburizza und die Lieder sowie interessante Volksbr\u00e4uche \u2013 das sind nur Bruchteile des touristischen Angebotes, welches dieses Gebiet einzigartig, interessant und erkennbar macht.<\/p>\n<p>Wer einmal die Gemeinde Kne\u017eevi Vinogradi besucht \u00a0kommt immer wieder zur\u00fcck, denn ihre Sch\u00f6nheit bleibt immer in Erinnerung.<\/p>\n<p>Die Gemeinde Kne\u017eevi Vinogradi ist seit alten Zeit als Weingebiet bekannt, das wegen seiner g\u00fcnstigen Natur- und Klimabedingungen eine lange und gl\u00e4nzende Geschichte der Weinproduktion hat. Baranja hei\u00dft auf Ungarisch \u00a0\u201cMutter des Weines\u201d und das zeugt am besten von den guten Naturbedingungen zum guten Weinbau und Qualit\u00e4tsweinproduktion.<\/p>\n<p>Die ersten Weing\u00e4rten wurden, laut einigen Autoren, noch zur Zeit des R\u00f6mischen Reiches gebaut und die Weinproduktion entwickelte und verbesserte ihre Qualit\u00e4t von der Zeit der feudalen Gro\u00dfgrundbesitzern, die in dieser Gegend herrschten, \u00fcber die weitbekannte Weinproduktion von Belje bis zu den heutigen Privatunternehmern, die in ihren Weinkellern Spitzenweine des baranjaer Weingebietes erzeugen (Josi\u0107, Ger\u0161tmajer, Medi\u0107, \u010co\u010di\u0107 und andere.).<\/p>\n<p>Weinliebhaber kennen sicherlich die Gra\u0161evina von Belje, welche jahrelang Spitzenpreise f\u00fcr Qualit\u00e4t auf verschiedenen Weinausstellungen gewann. Kleine Privatweinkeller an den H\u00e4ngen des Banovo brdo\/Banush\u00fcgels sind einzigartige Exemplare der ruralen Architektur Kroatiens und stellen ein gesch\u00fctztes Erbe der\u00a0 Geschichte, Kultur und des Bauwesens dar. Ein Besuch in den Weinkellern und Kosten des Weines unter fachlicher Begleitung der Erzeuger\u00a0 ist ein einzigartiges Erlebnis.<\/p>\n<p>Alle aus der Umgebung von Kne\u017eevi Vinogradi kennen auch das Sport- und Erholungszentrum \u00a0\u201eBazeni\u201c Kne\u017eevi Vinogradi \u2013 einen Ort der Entspannung, Erholung und Unterhaltung.<\/p>\n<p>Liebhaber des Abenteuers kommen in der Gemeinde Kne\u017eevi Vinogradi auch auf ihre\u00a0 Kosten bei einer Fahrt mit Feldfahrzeugen, Paddelbooten, auf einem Platz f\u00fcr Paintball und die Altertumsforscher k\u00f6nnen mit einer Kutsche durch das Ethnodorf Karanac fahren.<\/p>\n<p>Die unmittelbare N\u00e4he des Kopa\u010dki rit (ein kleiner Teil davon geh\u00f6rt auch zum Gemeindegebiet), sowie des Donausumpfgebietes &#8211; Dunavski rit \u2013 bietet den J\u00e4gern und den Fischern den Genuss des Jagens und Fischens.<\/p>\n","protected":false},"excerpt":{"rendered":"<p>Sind Sie auf der Suche nach einem Zufluchtsort zur Erholung von Alltagshektik und Anspannung sowie dem Stress der modernen Lebensweise, sind die Siedlungen der Gemeinde Kne\u017eevi Vinogradi, in welchen Sie von der eigenartigen Umwelt der baranjaer Weingebiete umfangen werden, der richtige Ort daf\u00fcr. Ungef\u00e4hr zwanzig Minuten n\u00f6rdlich von Osijek befindet sich diese Oase auf den [&hellip;]<\/p>\n","protected":false},"author":2,"featured_media":0,"parent":0,"menu_order":0,"comment_status":"closed","ping_status":"closed","template":"","meta":[],"_links":{"self":[{"href":"https:\/\/knezevi-vinogradi.hr\/de\/wp-json\/wp\/v2\/pages\/4732\/"}],"collection":[{"href":"https:\/\/knezevi-vinogradi.hr\/de\/wp-json\/wp\/v2\/pages\/"}],"about":[{"href":"https:\/\/knezevi-vinogradi.hr\/de\/wp-json\/wp\/v2\/types\/page\/"}],"author":[{"embeddable":true,"href":"https:\/\/knezevi-vinogradi.hr\/de\/wp-json\/wp\/v2\/users\/2\/"}],"replies":[{"embeddable":true,"href":"https:\/\/knezevi-vinogradi.hr\/de\/wp-json\/wp\/v2\/comments\/?post=4732"}],"version-history":[{"count":3,"href":"https:\/\/knezevi-vinogradi.hr\/de\/wp-json\/wp\/v2\/pages\/4732\/revisions\/"}],"predecessor-version":[{"id":6794,"href":"https:\/\/knezevi-vinogradi.hr\/de\/wp-json\/wp\/v2\/pages\/4732\/revisions\/6794\/"}],"wp:attachment":[{"href":"https:\/\/knezevi-vinogradi.hr\/de\/wp-json\/wp\/v2\/media\/?parent=4732"}],"curies":[{"name":"wp","href":"https:\/\/api.w.org\/{rel}","templated":true}]}}