{"id":6857,"date":"2015-05-26T00:12:15","date_gmt":"2015-05-25T22:12:15","guid":{"rendered":"https:\/\/knezevi-vinogradi.hr\/?page_id=6857"},"modified":"2017-04-05T14:00:12","modified_gmt":"2017-04-05T13:00:12","slug":"knezevi-parkovi-d-o-o","status":"publish","type":"page","link":"https:\/\/knezevi-vinogradi.hr\/de\/institutionen-und-unternehmen\/knezevi-parkovi-d-o-o\/","title":{"rendered":"Kne\u017eevi parkovi d.o.o."},"content":{"rendered":"<p>[vc_row][vc_column]<div class=\"c-content-box m-forced\">\n\n\t\t<style type=\"text\/css\">\n\t\t\t#gallery-1 {\n\t\t\t\tmargin: auto;\n\t\t\t}\n\t\t\t#gallery-1 .gallery-item {\n\t\t\t\tfloat: left;\n\t\t\t\tmargin-top: 10px;\n\t\t\t\ttext-align: center;\n\t\t\t\twidth: 100%;\n\t\t\t}\n\t\t\t#gallery-1 img {\n\t\t\t\tborder: 2px solid #cfcfcf;\n\t\t\t}\n\t\t\t#gallery-1 .gallery-caption {\n\t\t\t\tmargin-left: 0;\n\t\t\t}\n\t\t\t\/* see gallery_shortcode() in wp-includes\/media.php *\/\n\t\t<\/style>\n\t\t<div id='gallery-1' class='gallery galleryid-6857 gallery-columns-1 gallery-size-full'><dl class='gallery-item'>\n\t\t\t<dt class='gallery-icon landscape'>\n\t\t\t\t<a href='https:\/\/knezevi-vinogradi.hr\/wp-content\/uploads\/2015\/05\/KP-Logo.png' title=\"\" data-rl_title=\"\" class=\"rl-gallery-link\" data-rl_caption=\"\" data-rel=\"lightbox-gallery-1\"><img width=\"207\" height=\"48\" src=\"https:\/\/knezevi-vinogradi.hr\/wp-content\/uploads\/2015\/05\/KP-Logo.png\" class=\"attachment-full size-full\" alt=\"\" loading=\"lazy\" \/><\/a>\n\t\t\t<\/dt><\/dl><br style=\"clear: both\" \/>\n\t\t<\/div>\n\n<p>Das Unternehmen\u00a0<strong>Kne\u017eevi Parkovi d.o.o.<\/strong> wurde seitens der Gemeinde Kne\u017eevi Vinogradi zwecks Organisation, F\u00f6rderung und Entwicklung der Gemeindewirtschaft gegr\u00fcndet. Das Unternehmen wurde am 1. April 2015 gegr\u00fcndet und \u00fcbernahm sofort die Wirtschaft und die Verwaltung der\u00a0 Gemeindeinfrastruktur der Gemeinde \u00a0Kne\u017eevi Vinogradi.<\/p>\n<p>Zahlreiche Wirtschaftst\u00e4tigkeiten auf dem Gebiete der Gemeinde Kne\u017eevi Vinogradi, besonders die intensive Investitionsentwicklung in der Landwirtschaft, der Produktion, des Tourismus, der Kommunalt\u00e4tigkeiten f\u00fchrte zwangsweise zur Gr\u00fcndung eines Unternehmens mit Funktion einer Entwicklung der\u00a0 Gemeindewirtschaft und der Investitionsentwicklung sowie der Verwaltung der \u00f6ffentlichen Ressourcen. Zahlreiche \u00c4nderungen der Gesetzvorschriften, offene EU-Fonds mit riesigen M\u00f6glichkeiten der Nutzung zur Entwicklung der ruralen Gebiete forderte die Gr\u00fcndung eines neuen Systems zur Verwaltung dieser Verl\u00e4ufe.<\/p>\n<p>Da zahlreiche Projekte und deren Eigenschaften wirtschaftlich eine viel breitere Bedeutung haben \u2013 nicht nur f\u00fcr das Gebiet der Gemeinde Kne\u017eevi Vinogradi sondern auch f\u00fcr die ganze Baranja, als eine Einheit mit unz\u00e4hlbaren M\u00f6glichkeiten, wollen wir in unseren \u00dcberlegungen Wirtschaftsubjekten und allen an einer Zusammenarbeit interessierten Seiten eine Botschaft schicken. Besonders bezieht sich das auf die Entwicklung des Tourismus und der mit ihm verbundenen T\u00e4tigkeiten, die auf ein viel breiteres Gebiet als nur\u00a0 der Gemeinde Kne\u017eevi Vinogradi selbst gerichtet werden m\u00fcssen, ein Bild des Reichtums von Baranja und Kroatien bietend.<\/p>\n<\/div>[\/vc_column][\/vc_row][vc_row][vc_column width=&#8221;1\/3&#8243;]<div class=\"c-team-member\"><div class=\"c-content-box\"><div class=\"team-member-inner\"><h3 class=\"member-name\">Sport und tourismus<\/h3><div class=\"member-description\">\n<p><img loading=\"lazy\" class=\"size-thumbnail wp-image-5094 aligncenter\" src=\"https:\/\/knezevi-vinogradi.hr\/wp-content\/uploads\/2015\/05\/IMG_0109-150x150.jpg\" alt=\"IMG_0109\" width=\"150\" height=\"150\" \/><\/p>\n<\/div><\/div><\/div><\/div>[\/vc_column][vc_column width=&#8221;1\/3&#8243;]<div class=\"c-team-member\"><div class=\"c-content-box\"><div class=\"team-member-inner\"><h3 class=\"member-name\">Kommunalt\u00e4tigkeiten<\/h3><div class=\"member-description\">\n<p><img loading=\"lazy\" class=\"size-thumbnail wp-image-5518\" src=\"https:\/\/knezevi-vinogradi.hr\/wp-content\/uploads\/2015\/05\/VKP-150x150.jpg\" alt=\"OLYMPUS DIGITAL CAMERA\" width=\"150\" height=\"150\" \/><\/p>\n<\/div><\/div><\/div><\/div>[\/vc_column][vc_column width=&#8221;1\/3&#8243;]<div class=\"c-team-member\"><div class=\"c-content-box\"><div class=\"team-member-inner\"><h3 class=\"member-name\">Friedhofsverwaltung<\/h3><div class=\"member-description\">\n<p><img loading=\"lazy\" class=\"aligncenter size-thumbnail wp-image-5332\" src=\"https:\/\/knezevi-vinogradi.hr\/wp-content\/uploads\/2015\/05\/Kamenac-Katoli--ko-4-150x150.jpg\" alt=\"Kamenac - Katoli\u010dko (4)\" width=\"150\" height=\"150\" \/><\/p>\n<\/div><\/div><\/div><\/div>[\/vc_column][\/vc_row][vc_row][vc_column]<div class=\"c-content-box m-forced\"><strong>Kne\u017eevi parkovi d.o.o.<\/strong><br \/>\nGlavna 82<br \/>\n31309 Kne\u017eevi Vinogradi<\/p>\n<p>OIB:\u00a049223848546<\/p>\n<p>Tel: 031\/730-041<br \/>\nE-mail: <a href=\"mailto:knezevi.parkovi@gmail.com\" target=\"_blank\">knezevi.parkovi@gmail.com<\/a><br \/>\nDirektor: Jasna Petrovi\u0107, 098 959 8845<\/div>[\/vc_column][\/vc_row]<\/p>\n","protected":false},"excerpt":{"rendered":"<p>[vc_row][vc_column][\/vc_column][\/vc_row][vc_row][vc_column width=&#8221;1\/3&#8243;][\/vc_column][vc_column width=&#8221;1\/3&#8243;][\/vc_column][vc_column width=&#8221;1\/3&#8243;][\/vc_column][\/vc_row][vc_row][vc_column][\/vc_column][\/vc_row]<\/p>\n","protected":false},"author":4,"featured_media":0,"parent":6973,"menu_order":0,"comment_status":"closed","ping_status":"closed","template":"","meta":[],"_links":{"self":[{"href":"https:\/\/knezevi-vinogradi.hr\/de\/wp-json\/wp\/v2\/pages\/6857\/"}],"collection":[{"href":"https:\/\/knezevi-vinogradi.hr\/de\/wp-json\/wp\/v2\/pages\/"}],"about":[{"href":"https:\/\/knezevi-vinogradi.hr\/de\/wp-json\/wp\/v2\/types\/page\/"}],"author":[{"embeddable":true,"href":"https:\/\/knezevi-vinogradi.hr\/de\/wp-json\/wp\/v2\/users\/4\/"}],"replies":[{"embeddable":true,"href":"https:\/\/knezevi-vinogradi.hr\/de\/wp-json\/wp\/v2\/comments\/?post=6857"}],"version-history":[{"count":5,"href":"https:\/\/knezevi-vinogradi.hr\/de\/wp-json\/wp\/v2\/pages\/6857\/revisions\/"}],"predecessor-version":[{"id":10061,"href":"https:\/\/knezevi-vinogradi.hr\/de\/wp-json\/wp\/v2\/pages\/6857\/revisions\/10061\/"}],"up":[{"embeddable":true,"href":"https:\/\/knezevi-vinogradi.hr\/de\/wp-json\/wp\/v2\/pages\/6973\/"}],"wp:attachment":[{"href":"https:\/\/knezevi-vinogradi.hr\/de\/wp-json\/wp\/v2\/media\/?parent=6857"}],"curies":[{"name":"wp","href":"https:\/\/api.w.org\/{rel}","templated":true}]}}