{"id":6862,"date":"2015-07-12T22:35:38","date_gmt":"2015-07-12T21:35:38","guid":{"rendered":"https:\/\/knezevi-vinogradi.hr\/?page_id=6862"},"modified":"2017-07-12T10:40:43","modified_gmt":"2017-07-12T09:40:43","slug":"wort-des-gemeindevorstandes","status":"publish","type":"page","link":"https:\/\/knezevi-vinogradi.hr\/de\/wort-des-gemeindevorstandes\/","title":{"rendered":"Wort des Gemeindevorstandes"},"content":{"rendered":"<p><strong>Gesch\u00e4tzte Besucher, wohlgesinnte Freunde!<\/strong><\/p>\n<p><img loading=\"lazy\" class=\"size-large wp-image-10436 alignright\" src=\"https:\/\/knezevi-vinogradi.hr\/wp-content\/uploads\/2015\/07\/Slika-909x1024.jpg\" alt=\"slika\" width=\"500\" height=\"563\" srcset=\"https:\/\/knezevi-vinogradi.hr\/wp-content\/uploads\/2015\/07\/Slika-909x1024.jpg 909w, https:\/\/knezevi-vinogradi.hr\/wp-content\/uploads\/2015\/07\/Slika-426x480.jpg 426w, https:\/\/knezevi-vinogradi.hr\/wp-content\/uploads\/2015\/07\/Slika.jpg 1772w\" sizes=\"(max-width: 500px) 100vw, 500px\" \/><\/p>\n<p>Mein Wunsch ist es, Sie aufrichtig zu begr\u00fc\u00dfen und f\u00fcr das\u00a0 Interesse, das Sie\u00a0 f\u00fcr die Gemeinde \u00a0Kne\u017eevi Vinogradi\u00a0 zeigen,\u00a0 zu danken. Die Gemeinde \u00a0Kne\u017eevi Vinogradi ist territorial eine der gr\u00f6\u00dferen Gemeinden, nicht nur in der Gespanschaft Osje\u010dko-baranjska \u00a0sondern auch in der Republik Kroatien, und befindet sich im nord\u00f6stlichen Teil der Baranja \u2013 der Republik Kroatien. Ich muss betonen, dass es sich um eine ausgepr\u00e4gt multiethnische und multikonfessionelle Gemeinschaft handelt mit offenkundigen Natursch\u00e4tzen dieses Gebietes. Fruchtbarer Boden zum Ackerbau, der sanfte s\u00fcdliche Hang des \u00a0Baranjaer Berges (Baranjska planina) zum Wein- und Obstanbau, ein modernes Kanalnetz und Wasserreichtum zur Bew\u00e4sserung\u00a0 aus dem Donauried (Dunavski rit), W\u00e4lder und die vorgestellte \u00a0\u00a0Geschichtskultur sind eine gute Grundlage zur Entwicklung der Wirtschaft \u2013 vor allem der Landwirtschaft, der Lebensmittelindustrie, des Wein- und Obstbaues und der verschiedensten\u00a0 Formen des Tourismus \u2013 Wein-, Jagd- und Fischerei-, Religions- und im allgemeinen des l\u00e4ndlichen Tourismus.<\/p>\n<p>Trotz der erzielten Ergebnissen, besonders bez\u00fcglich der infrastrukturellen\u00a0 Ausstattung der D\u00f6rfer im Gemeindegebiet \u2013 Stra\u00dfennetz, Wasserleitung, Gas, Beleuchtung und Entw\u00e4sserung\u00a0 sowie wichtige Objekte des Gesellschaftsstandards in Bildung, Gesundheitswesen, Sozialversorgung, Sport, Kultur und Feuerwehrwesen sch\u00e4tze ich, dass die meisten Bewohner der Gemeinde keinen, dem Naturreichtum des Gemeindegebiets entsprechenden\u00a0 Lebensstandard haben. Allgemeine Sch\u00e4tzung ist, dass\u00a0 sich ein Teil der Wirtschaftssubjekte, einschlie\u00dflich \u00a0Familienlandwirtschaften, in den \u201eneu entstandenen wirtschaftlichen und \u00a0Marktbedingungen\u201c schwer zurechtfinden. Trotz aller Schwierigkeiten\u00a0 ermutigt aber die steigende \u00a0Zahl der positiven Beispiele in der Unternehmersph\u00e4re bez\u00fcglich\u00a0 Er\u00f6ffnung\u00a0 neuer Arbeitspl\u00e4tzen.<\/p>\n<p>Bez\u00fcglich der multiethnischen\u00a0 (nationalen) und multikonfessionellen Zusammensetzung der Bewohnerschaft der Gemeinde w\u00e4re es meinerseits ein gro\u00dfes Vers\u00e4umnis, w\u00fcrde ich das ruhige Zusammenleben und\u00a0 die zufriedenstellende Toleranzebene in den gegenseitigen wirtschaftlichen, sozialen und besonders zwischennationalen-politischen Verh\u00e4ltnissen\u00a0 nicht betonen.<\/p>\n<p>Au\u00dfer einer Darstellung des geschichtlichen und gegenw\u00e4rtigen Standes der Gemeinde ist es das offenbare Anliegen und der Wunsch dieser Seite, den Reichtum des Gemeindegebietes in jedem Sinne vorzustellen, damit es \u00a0f\u00fcr Besucher interessant wird, damit \u00a0diese sich von dem Flei\u00df und der Gastfreundlichkeit der Bewohner\u00a0 in jedem Sinne \u00fcberzeugen k\u00f6nnen.<\/p>\n<p>Vorstand der Gemeinde \u00a0Kne\u017eevi Vinogradi<br \/>\nVedran Kramari\u0107, mag.iur.<\/p>\n","protected":false},"excerpt":{"rendered":"<p>Gesch\u00e4tzte Besucher, wohlgesinnte Freunde! Mein Wunsch ist es, Sie aufrichtig zu begr\u00fc\u00dfen und f\u00fcr das\u00a0 Interesse, das Sie\u00a0 f\u00fcr die Gemeinde \u00a0Kne\u017eevi Vinogradi\u00a0 zeigen,\u00a0 zu danken. Die Gemeinde \u00a0Kne\u017eevi Vinogradi ist territorial eine der gr\u00f6\u00dferen Gemeinden, nicht nur in der Gespanschaft Osje\u010dko-baranjska \u00a0sondern auch in der Republik Kroatien, und befindet sich im nord\u00f6stlichen Teil der [&hellip;]<\/p>\n","protected":false},"author":2,"featured_media":0,"parent":0,"menu_order":0,"comment_status":"closed","ping_status":"open","template":"","meta":[],"_links":{"self":[{"href":"https:\/\/knezevi-vinogradi.hr\/de\/wp-json\/wp\/v2\/pages\/6862\/"}],"collection":[{"href":"https:\/\/knezevi-vinogradi.hr\/de\/wp-json\/wp\/v2\/pages\/"}],"about":[{"href":"https:\/\/knezevi-vinogradi.hr\/de\/wp-json\/wp\/v2\/types\/page\/"}],"author":[{"embeddable":true,"href":"https:\/\/knezevi-vinogradi.hr\/de\/wp-json\/wp\/v2\/users\/2\/"}],"replies":[{"embeddable":true,"href":"https:\/\/knezevi-vinogradi.hr\/de\/wp-json\/wp\/v2\/comments\/?post=6862"}],"version-history":[{"count":5,"href":"https:\/\/knezevi-vinogradi.hr\/de\/wp-json\/wp\/v2\/pages\/6862\/revisions\/"}],"predecessor-version":[{"id":10600,"href":"https:\/\/knezevi-vinogradi.hr\/de\/wp-json\/wp\/v2\/pages\/6862\/revisions\/10600\/"}],"wp:attachment":[{"href":"https:\/\/knezevi-vinogradi.hr\/de\/wp-json\/wp\/v2\/media\/?parent=6862"}],"curies":[{"name":"wp","href":"https:\/\/api.w.org\/{rel}","templated":true}]}}