{"id":6869,"date":"2015-05-25T20:24:36","date_gmt":"2015-05-25T19:24:36","guid":{"rendered":"https:\/\/knezevi-vinogradi.hr\/?page_id=6869"},"modified":"2016-01-15T19:34:08","modified_gmt":"2016-01-15T18:34:08","slug":"die-gemeinde","status":"publish","type":"page","link":"https:\/\/knezevi-vinogradi.hr\/de\/die-gemeinde\/","title":{"rendered":"Die Gemeinde"},"content":{"rendered":"<p>[vc_row][vc_column]<div class=\"c-slider\" data-autoplay=\"8000\"><div class=\"slide-list\"><div class=\"slide\" style=\"background-image: url( 'https:\/\/knezevi-vinogradi.hr\/wp-content\/uploads\/2015\/10\/11700517_949062658450015_4511367839481569031_o.jpg' );\"><div class=\"slide-bg\"><div class=\"slide-inner\"><div class=\"slide-content valign-middle\" style=\"height: 400px;\"><\/div><\/div><\/div><\/div><\/div><\/div>[\/vc_column][\/vc_row][vc_row][vc_column width=&#8221;1\/2&#8243;]<div class=\"c-article-list m-has-featured\"><div class=\"c-content-box\"><div class=\"article-list-inner\"><h2 class=\"article-list-title\"><a href=\"https:\/\/knezevi-vinogradi.hr\/kategorija\/vijesti\/\">Obavijesti<\/a><\/h2><div class=\"article-list-content\"><article class=\"featured-article\"><div class=\"article-core\"><h3 class=\"article-title\"><a href=\"https:\/\/knezevi-vinogradi.hr\/2026\/udruga-zena-izvor-javni-poziv-za-iskaz-interesa-za-ukljucivanje-u-projekt-ruka-podrske\/\">Udruga \u017eena Izvor: Javni poziv za iskaz interesa za uklju\u010divanje u projekt \u201cRuka podr\u0161ke\u201d<\/a><\/h3><div class=\"article-date\"><i class=\"ico tp tp-clock2\"><\/i>29\/04\/2026<\/div><div class=\"article-excerpt\"><p>Na temelju Ugovora o dodjeli bespovratnih sredstava, kodni broj: SF.3.4.11.04.0011 za projekt \u201eRuka podr\u0161ke \u2013 jer nitko ne bi trebao stariti sam\u201d, koji je sufinanciran od Europske unije iz Europskog socijalnog fonda plus (ESF+) u financijskom razdoblju 2021. \u2013 2027., Udruga \u017eena \u201eIzvor\u201d objavljuje Javni poziv za iskaz interesa za uklju\u010divanje u projekt \u201cRuka podr\u0161ke [&hellip;]<\/p>\n<\/div><\/div><\/article><article class=\"brief-article\"><h3 class=\"article-title\"><a href=\"https:\/\/knezevi-vinogradi.hr\/2026\/djecji-vrtic-zeko-natjecaji-za-radna-mjesta-2\/\">Dje\u010dji vrti\u0107 Zeko: Natje\u010daji za radna mjesta<\/a><\/h3><div class=\"article-date\">22\/04\/2026<\/div><\/article><article class=\"brief-article\"><h3 class=\"article-title\"><a href=\"https:\/\/knezevi-vinogradi.hr\/2026\/objavljen-prvi-godisnji-newsletter-projekta-danube-ruralscapes\/\">Objavljen prvi godi\u0161nji newsletter projekta Danube Ruralscapes<\/a><\/h3><div class=\"article-date\">10\/04\/2026<\/div><\/article><article class=\"brief-article\"><h3 class=\"article-title\"><a href=\"https:\/\/knezevi-vinogradi.hr\/2026\/djecji-vrtic-zeko-natjecaji-za-radna-mjesta\/\">Dje\u010dji vrti\u0107 Zeko: Natje\u010daji za radna mjesta<\/a><\/h3><div class=\"article-date\">07\/04\/2026<\/div><\/article><article class=\"brief-article\"><h3 class=\"article-title\"><a href=\"https:\/\/knezevi-vinogradi.hr\/2026\/dv-zeko-obavijest-o-upisima-u-podrucni-objekt-knezevo\/\">DV Zeko: Obavijest o upisima u podru\u010dni objekt Kne\u017eevo<\/a><\/h3><div class=\"article-date\">03\/04\/2026<\/div><\/article><article class=\"brief-article\"><h3 class=\"article-title\"><a href=\"https:\/\/knezevi-vinogradi.hr\/2026\/obavijest-o-upisima-u-djecji-vrtic-zeko-knezevi-vinogradi\/\">Obavijest o upisima u Dje\u010dji vrti\u0107 Zeko Kne\u017eevi Vinogradi<\/a><\/h3><div class=\"article-date\">02\/04\/2026<\/div><\/article><article class=\"brief-article\"><h3 class=\"article-title\"><a href=\"https:\/\/knezevi-vinogradi.hr\/2026\/otvoreni-javni-poziv-za-iskaz-interesa-za-ukljucivanje-u-projekt-drustvo-jednakih-mogucnosti\/\">Otvoreni javni poziv za iskaz interesa za uklju\u010divanje u projekt \u201eDRU\u0160TVO JEDNAKIH MOGU\u0106NOSTI\u201c<\/a><\/h3><div class=\"article-date\">09\/03\/2026<\/div><\/article><article class=\"brief-article\"><h3 class=\"article-title\"><a href=\"https:\/\/knezevi-vinogradi.hr\/2026\/dv-zeko-anketa-o-zainteresiranosti-za-upis-djece-u-novi-podrucni-odjel-u-knezevu\/\">DV Zeko: Anketa o zainteresiranosti za upis djece u novi podru\u010dni odjel u Kne\u017eevu<\/a><\/h3><div class=\"article-date\">09\/03\/2026<\/div><\/article><article class=\"brief-article\"><h3 class=\"article-title\"><a href=\"https:\/\/knezevi-vinogradi.hr\/2026\/eticki-kodeks-sluzbenika-i-namjestenika-jedinstvenog-upravnog-odjela-opcine-knezevi-vinogradi\/\">Eti\u010dki kodeks slu\u017ebenika i namje\u0161tenika Jedinstvenog upravnog odjela Op\u0107ine Kne\u017eevi Vinogradi<\/a><\/h3><div class=\"article-date\">26\/02\/2026<\/div><\/article><article class=\"brief-article\"><h3 class=\"article-title\"><a href=\"https:\/\/knezevi-vinogradi.hr\/2026\/poziv-za-sudjelovanje-u-istrazivanju\/\">Poziv za sudjelovanje u istra\u017eivanju<\/a><\/h3><div class=\"article-date\">20\/02\/2026<\/div><\/article><p class=\"more-btn-holder\"><a href=\"https:\/\/knezevi-vinogradi.hr\/kategorija\/vijesti\/\">Sve obavijesti<\/a><\/p><\/div><\/div><\/div><\/div>[\/vc_column][vc_column width=&#8221;1\/2&#8243;][vc_column_text]<\/p>\n<h2 class=\"article-list-title\" style=\"text-align: center;\">O nama<\/h2>\n<p><img loading=\"lazy\" class=\"alignleft wp-image-2376 size-thumbnail\" src=\"https:\/\/knezevi-vinogradi.hr\/wp-content\/uploads\/2015\/05\/GRB-160x160.jpg\" alt=\"Grb Op\u0107ine Kne\u017eevi Vinogradi\" width=\"150\" height=\"150\" \/> <strong>OP\u0106INA KNE\u017dEVI VINOGRADI <\/strong>&#8211; jedinica lokalne uprave u sastavu Osje\u010dko-baranjske \u017dupanije osnovana je Zakonom o podru\u010djima \u017eupanija, gradova i op\u0107ina u Republici Hrvatskoj 30. prosinca 1992. godine (&#8220;Narodne novine&#8221;, br. 90\/92.), a do tada je bila u sastavu biv\u0161e Op\u0107ine Beli Manastir. Konstituirana je u progonstvu u Osijeku, sjednicom u lipnju 1993. godine. Prva sjednica Op\u0107inskog vije\u0107a na podru\u010dju Op\u0107ine Kne\u017eevi Vinogradi odr\u017eana je\u00a028. svibnja 1997. godine. Za prvog na\u010delnika izabran je Kre\u0161imir Kramari\u0107\u00a0(HDZ) i na toj funkciji ostaje do 21. lipnja 1999. godine, kada ga naslje\u0111uje\u00a0Bo\u017eo \u010cerkez (HDZ). Nakon lokalnih izbora 2001. godine du\u017enost na\u010delnika 14.\u00a0lipnja preuzima dana\u0161nji na\u010delnik Dene\u0161 \u0160oja (SDP), a njegov zamjenik od 2009.\u00a0godine je Vedran Kramari\u0107.\u00a0Sukladno novim zakonskim odredbama od 2013. godine za zamjenika na\u010delnika iz\u00a0redova hrvatskog naroda izabran je Mario \u010cerkez (HDZ) i iz redova srpske manjine\u00a0Stojan Petrovi\u0107 (SDSS).<\/p>\n<p style=\"text-align: justify;\">Op\u0107ina Kne\u017eevi Vinogradi predstavlja prostor od 248,77 km\u00b2, s udjelom od 6% ukupne povr\u0161ine Osje\u010dko-baranjske \u017eupanije, odnosno 22% cijele Baranje. Obuhva\u0107a sedam naselja: Kne\u017eevi Vinogradi, Zmajevac,\u00a0Karanac, Suza, Kamenac, Kotlina i Mirkovac te dva radni\u010dka naselja &#8211; pustare, Jasenovac i Sokolovac.<\/p>\n<p style=\"text-align: justify;\">Prema posljednjem popisu stanovni\u0161tva 2011. godine na podru\u010dju Op\u0107ine Kne\u017eevi\u00a0Vinogradi je \u017eivjelo 4.614 stanovnika. Od toga Ma\u0111ara 1.784 ili 38,66%,\u00a0Hrvata\u00a01.758 ili 38,1%, Srba 815 ili 17,66%.<\/p>\n<p>\u00a0[\/vc_column_text][\/vc_column][\/vc_row][vc_row][vc_column]<hr class=\"c-separator m-default m-margin-top-small m-margin-bottom-medium\">[\/vc_column][\/vc_row][vc_row][vc_column width=&#8221;1\/4&#8243;]<div class=\"c-counter\"><div class=\"c-content-box\"><div class=\"c-counter-inner\"><h3 class=\"counter-data\"><span class=\"counter-value\">248<\/span><span class=\"counter-symbol\">km\u00b2<\/span><\/h3><h4 class=\"counter-label\">Povr\u0161ina<\/h4><\/div><\/div><\/div>[\/vc_column][vc_column width=&#8221;1\/4&#8243;]<div class=\"c-counter\"><div class=\"c-content-box\"><div class=\"c-counter-inner\"><h3 class=\"counter-data\"><span class=\"counter-value\">4614<\/span><\/h3><h4 class=\"counter-label\">Stanovnika<\/h4><\/div><\/div><\/div>[\/vc_column][vc_column width=&#8221;1\/4&#8243;]<div class=\"c-counter\"><div class=\"c-content-box\"><div class=\"c-counter-inner\"><h3 class=\"counter-data\"><span class=\"counter-value\">80<\/span><\/h3><h4 class=\"counter-label\">Broj vinskih podruma<\/h4><\/div><\/div><\/div>[\/vc_column][vc_column width=&#8221;1\/4&#8243;]<div class=\"c-counter\"><div class=\"c-content-box\"><div class=\"c-counter-inner\"><h3 class=\"counter-data\"><span class=\"counter-value\">245<\/span><span class=\"counter-symbol\">m<\/span><\/h3><h4 class=\"counter-label\">Visina Banske kose<\/h4><\/div><\/div><\/div>[\/vc_column][\/vc_row][vc_row][vc_column]<hr class=\"c-separator m-default m-margin-top-small m-margin-bottom-medium\">[\/vc_column][\/vc_row][vc_row][vc_column]<div class=\"c-directory m-4-columns\"><div class=\"c-content-box\"><div class=\"directory-inner\"><h2 class=\"directory-title\">Naselja<\/h2><div class=\"directory-content\"><div class=\"menu-naselja-container\"><ul id=\"menu-naselja\" class=\"directory-menu\"><li id=\"menu-item-2985\" class=\"menu-item menu-item-type-post_type menu-item-object-page menu-item-2985\"><a href=\"https:\/\/knezevi-vinogradi.hr\/opcina\/naselja\/knezevi-vinogradi\/\">Kne\u017eevi Vinogradi<\/a><\/li>\n<li id=\"menu-item-2987\" class=\"menu-item menu-item-type-post_type menu-item-object-page menu-item-2987\"><a href=\"https:\/\/knezevi-vinogradi.hr\/opcina\/naselja\/karanac\/\">Karanac<\/a><\/li>\n<li id=\"menu-item-2989\" class=\"menu-item menu-item-type-post_type menu-item-object-page menu-item-2989\"><a href=\"https:\/\/knezevi-vinogradi.hr\/opcina\/naselja\/suza\/\">Suza<\/a><\/li>\n<li id=\"menu-item-2984\" class=\"menu-item menu-item-type-post_type menu-item-object-page menu-item-2984\"><a href=\"https:\/\/knezevi-vinogradi.hr\/opcina\/naselja\/zmajevac\/\">Zmajevac<\/a><\/li>\n<li id=\"menu-item-2991\" class=\"menu-item menu-item-type-post_type menu-item-object-page menu-item-2991\"><a href=\"https:\/\/knezevi-vinogradi.hr\/opcina\/naselja\/kamenac\/\">Kamenac<\/a><\/li>\n<li id=\"menu-item-2986\" class=\"menu-item menu-item-type-post_type menu-item-object-page menu-item-2986\"><a href=\"https:\/\/knezevi-vinogradi.hr\/opcina\/naselja\/kotlina\/\">Kotlina<\/a><\/li>\n<li id=\"menu-item-2990\" class=\"menu-item menu-item-type-post_type menu-item-object-page menu-item-2990\"><a href=\"https:\/\/knezevi-vinogradi.hr\/opcina\/naselja\/mirkovac-i-radnicka-naselja\/\">Mirkovac i radni\u010dka naselja<\/a><\/li>\n<\/ul><\/div><\/div><\/div><\/div><\/div>[\/vc_column][\/vc_row]<\/p>\n","protected":false},"excerpt":{"rendered":"<p>[vc_row][vc_column][\/vc_column][\/vc_row][vc_row][vc_column width=&#8221;1\/2&#8243;][\/vc_column][vc_column width=&#8221;1\/2&#8243;][vc_column_text] O nama OP\u0106INA KNE\u017dEVI VINOGRADI &#8211; jedinica lokalne uprave u sastavu Osje\u010dko-baranjske \u017dupanije osnovana je Zakonom o podru\u010djima \u017eupanija, gradova i op\u0107ina u Republici Hrvatskoj 30. prosinca 1992. godine (&#8220;Narodne novine&#8221;, br. 90\/92.), a do tada je bila u sastavu biv\u0161e Op\u0107ine Beli Manastir. Konstituirana je u progonstvu u Osijeku, sjednicom u [&hellip;]<\/p>\n","protected":false},"author":4,"featured_media":0,"parent":0,"menu_order":0,"comment_status":"closed","ping_status":"closed","template":"","meta":[],"_links":{"self":[{"href":"https:\/\/knezevi-vinogradi.hr\/de\/wp-json\/wp\/v2\/pages\/6869\/"}],"collection":[{"href":"https:\/\/knezevi-vinogradi.hr\/de\/wp-json\/wp\/v2\/pages\/"}],"about":[{"href":"https:\/\/knezevi-vinogradi.hr\/de\/wp-json\/wp\/v2\/types\/page\/"}],"author":[{"embeddable":true,"href":"https:\/\/knezevi-vinogradi.hr\/de\/wp-json\/wp\/v2\/users\/4\/"}],"replies":[{"embeddable":true,"href":"https:\/\/knezevi-vinogradi.hr\/de\/wp-json\/wp\/v2\/comments\/?post=6869"}],"version-history":[{"count":1,"href":"https:\/\/knezevi-vinogradi.hr\/de\/wp-json\/wp\/v2\/pages\/6869\/revisions\/"}],"predecessor-version":[{"id":6870,"href":"https:\/\/knezevi-vinogradi.hr\/de\/wp-json\/wp\/v2\/pages\/6869\/revisions\/6870\/"}],"wp:attachment":[{"href":"https:\/\/knezevi-vinogradi.hr\/de\/wp-json\/wp\/v2\/media\/?parent=6869"}],"curies":[{"name":"wp","href":"https:\/\/api.w.org\/{rel}","templated":true}]}}