{"id":6871,"date":"2015-05-25T19:54:48","date_gmt":"2015-05-25T18:54:48","guid":{"rendered":"https:\/\/knezevi-vinogradi.hr\/?page_id=6871"},"modified":"2016-01-15T19:39:43","modified_gmt":"2016-01-15T18:39:43","slug":"uber-uns","status":"publish","type":"page","link":"https:\/\/knezevi-vinogradi.hr\/de\/die-gemeinde\/uber-uns\/","title":{"rendered":"\u00dcber uns"},"content":{"rendered":"<p><strong>DIE GEMEINDE KNE\u017dEVI VINOGRADI<\/strong><strong>\u00a0<\/strong>\u2013 ist eine Einheit der lokalen Verwaltung im Rahmen der Gespanschaft\u00a0 Osje\u010dko-baranjska, gegr\u00fcndet laut Gesetz \u00fcber die Gebiete der Gespanschaften, St\u00e4dte und Gemeinden in der Republik Kroatien, am 30. Dezember 1992 (\u201cNarodne novine\/Volksblatt\u201d, Nr. 90\/92.), bis zu diesem Zeitpunkt geh\u00f6rte sie zur Gemeinde \u00a0Beli Manastir. \u00a0Konstituiet wurde sie w\u00e4hrend der Verbannungszeit\u00a0 in Osijek,\u00a0 in der Sitzung vom Juni\u00a0 1993.<\/p>\n<p>Die Gemeinde Kne\u017eevi Vinogradi stellt ein Gebiet von 248,77 km\u00b2 dar, mit einem Anteil von 6 % an der Gesamtfl\u00e4che der Gespanschaft Osje\u010dko-baranjska, bzw. \u00a022% der ganzen\u00a0 Baranja. Sie umfasst sieben Siedlungen: Kne\u017eevi Vinogradi, Zmajevac,\u00a0Karanac, Suza, Kamenac, Kotlina und Mirkovac \u00a0sowie zwei Arbeitersiedlungen \u2013 sogenannte \u201epustara\u201c, Jasenovac und Sokolovac.<\/p>\n<p>Laut letzter V\u00f6lkerz\u00e4hlung in dem Jahr 2011 lebten auf dem Gebiet der Gemeinde \u00a0Kne\u017eevi\u00a0Vinogradi \u00a04.614 Bewohner, davon \u00a01.784 Ungaren oder \u00a038,66%,\u00a01.758 Kroaten oder\u00a0 38,1%, \u00a0815 Serben oder 17,66%.<\/p>\n<p><strong>\u00a0 \u00a0 \u00a0 WAPPEN UND FLAGGE<\/strong><\/p>\n<p><img loading=\"lazy\" class=\" wp-image-2947 alignleft\" src=\"https:\/\/knezevi-vinogradi.hr\/wp-content\/uploads\/2015\/07\/logo-big-408x480.png\" alt=\"logo-big\" width=\"208\" height=\"245\" srcset=\"https:\/\/knezevi-vinogradi.hr\/wp-content\/uploads\/2015\/07\/logo-big-408x480.png 408w, https:\/\/knezevi-vinogradi.hr\/wp-content\/uploads\/2015\/07\/logo-big-869x1024.png 869w, https:\/\/knezevi-vinogradi.hr\/wp-content\/uploads\/2015\/07\/logo-big.png 1148w\" sizes=\"(max-width: 208px) 100vw, 208px\" \/><\/p>\n<p>&nbsp;<\/p>\n<p>Das Wappen der Gemeinde hat die Form eines ovalen Schildes. Auf gr\u00fcnem Feld liegt\u00a0 in seinem oberen Teil eine gelbe Weizen\u00e4hre. Im zentralen Teil befinden sich drei gelbe Weintrauben mit braunem Stiel, die stehen und mit einem Teil das braune, horizontal gedrehte \u00a0runde Fass mit einem Hahn im unteren Teil,\u00a0 ber\u00fchren. Der Rand des Schildes ist schwarz. Die Gemeindeflagge ist gelb.<\/p>\n","protected":false},"excerpt":{"rendered":"<p>DIE GEMEINDE KNE\u017dEVI VINOGRADI\u00a0\u2013 ist eine Einheit der lokalen Verwaltung im Rahmen der Gespanschaft\u00a0 Osje\u010dko-baranjska, gegr\u00fcndet laut Gesetz \u00fcber die Gebiete der Gespanschaften, St\u00e4dte und Gemeinden in der Republik Kroatien, am 30. Dezember 1992 (\u201cNarodne novine\/Volksblatt\u201d, Nr. 90\/92.), bis zu diesem Zeitpunkt geh\u00f6rte sie zur Gemeinde \u00a0Beli Manastir. \u00a0Konstituiet wurde sie w\u00e4hrend der Verbannungszeit\u00a0 in [&hellip;]<\/p>\n","protected":false},"author":4,"featured_media":0,"parent":6869,"menu_order":0,"comment_status":"closed","ping_status":"open","template":"","meta":[],"_links":{"self":[{"href":"https:\/\/knezevi-vinogradi.hr\/de\/wp-json\/wp\/v2\/pages\/6871\/"}],"collection":[{"href":"https:\/\/knezevi-vinogradi.hr\/de\/wp-json\/wp\/v2\/pages\/"}],"about":[{"href":"https:\/\/knezevi-vinogradi.hr\/de\/wp-json\/wp\/v2\/types\/page\/"}],"author":[{"embeddable":true,"href":"https:\/\/knezevi-vinogradi.hr\/de\/wp-json\/wp\/v2\/users\/4\/"}],"replies":[{"embeddable":true,"href":"https:\/\/knezevi-vinogradi.hr\/de\/wp-json\/wp\/v2\/comments\/?post=6871"}],"version-history":[{"count":4,"href":"https:\/\/knezevi-vinogradi.hr\/de\/wp-json\/wp\/v2\/pages\/6871\/revisions\/"}],"predecessor-version":[{"id":6875,"href":"https:\/\/knezevi-vinogradi.hr\/de\/wp-json\/wp\/v2\/pages\/6871\/revisions\/6875\/"}],"up":[{"embeddable":true,"href":"https:\/\/knezevi-vinogradi.hr\/de\/wp-json\/wp\/v2\/pages\/6869\/"}],"wp:attachment":[{"href":"https:\/\/knezevi-vinogradi.hr\/de\/wp-json\/wp\/v2\/media\/?parent=6871"}],"curies":[{"name":"wp","href":"https:\/\/api.w.org\/{rel}","templated":true}]}}