{"id":6877,"date":"2015-05-25T00:01:24","date_gmt":"2015-05-24T23:01:24","guid":{"rendered":"https:\/\/knezevi-vinogradi.hr\/?page_id=6877"},"modified":"2016-01-15T19:45:21","modified_gmt":"2016-01-15T18:45:21","slug":"natureigenheiten","status":"publish","type":"page","link":"https:\/\/knezevi-vinogradi.hr\/de\/die-gemeinde\/uber-uns\/natureigenheiten\/","title":{"rendered":"Natureigenheiten"},"content":{"rendered":"<p>Das Gebiet der Gemeinde Kne\u017eevi Vinogradi geh\u00f6rt zum breiteren\u00a0 Flachlandgebiet\u00a0 der Baranja. Im Raum der Gemeinde kommen Formen des Flachland- und Bergreliefs\u00a0 vor.<\/p>\n<p>Das Bergrelief ist von den H\u00e4ngen der Baranjska planina\/Baranjaer Berg \u2013 Banska kosa\/Banushang im Nordwesten der Gemeinde vertreten, mit der h\u00f6chsten Spitze von \u00a0245 m.<\/p>\n<p>In diesem Gebiet herrscht ein m\u00e4\u00dfiges Kontinentalklima von h\u00e4ufigen, intensiven Wetterver\u00e4nderungen gekennzeichnet.<\/p>\n<p>Die Fl\u00e4chenstruktur der Gemeinde gem\u00e4\u00df Katasterkathegorien bilden:<\/p>\n<ul>\n<li>Landwirtschaftsfl\u00e4chen 573 ha \u2013 62,6%<\/li>\n<li>Waldfl\u00e4chen 948 ha \u2013 23,9%<\/li>\n<li>Flie\u00dfende Gew\u00e4sser und Kan\u00e4le 1.209 ha \u2013 4,8%<\/li>\n<li>Sonstige Fl\u00e4chen unter Schilf und Morast sowie unfruchtbares und bebautes Land 2.147 ha \u2013 8,6%<\/li>\n<\/ul>\n<p>Die Fl\u00e4che der gesamten Baufl\u00e4chen betr\u00e4gt\u00a0 943,7 ha und nimmt \u00a03,8% der Gemeinde ein. Das Bauland ist keine Katasterkathegorie und darin befinden sich, au\u00dfer unfruchtbarem Land, auch Landwirtschaftsfl\u00e4chen.<\/p>\n","protected":false},"excerpt":{"rendered":"<p>Das Gebiet der Gemeinde Kne\u017eevi Vinogradi geh\u00f6rt zum breiteren\u00a0 Flachlandgebiet\u00a0 der Baranja. Im Raum der Gemeinde kommen Formen des Flachland- und Bergreliefs\u00a0 vor. Das Bergrelief ist von den H\u00e4ngen der Baranjska planina\/Baranjaer Berg \u2013 Banska kosa\/Banushang im Nordwesten der Gemeinde vertreten, mit der h\u00f6chsten Spitze von \u00a0245 m. In diesem Gebiet herrscht ein m\u00e4\u00dfiges Kontinentalklima [&hellip;]<\/p>\n","protected":false},"author":4,"featured_media":0,"parent":6871,"menu_order":3,"comment_status":"closed","ping_status":"closed","template":"","meta":[],"_links":{"self":[{"href":"https:\/\/knezevi-vinogradi.hr\/de\/wp-json\/wp\/v2\/pages\/6877\/"}],"collection":[{"href":"https:\/\/knezevi-vinogradi.hr\/de\/wp-json\/wp\/v2\/pages\/"}],"about":[{"href":"https:\/\/knezevi-vinogradi.hr\/de\/wp-json\/wp\/v2\/types\/page\/"}],"author":[{"embeddable":true,"href":"https:\/\/knezevi-vinogradi.hr\/de\/wp-json\/wp\/v2\/users\/4\/"}],"replies":[{"embeddable":true,"href":"https:\/\/knezevi-vinogradi.hr\/de\/wp-json\/wp\/v2\/comments\/?post=6877"}],"version-history":[{"count":1,"href":"https:\/\/knezevi-vinogradi.hr\/de\/wp-json\/wp\/v2\/pages\/6877\/revisions\/"}],"predecessor-version":[{"id":6878,"href":"https:\/\/knezevi-vinogradi.hr\/de\/wp-json\/wp\/v2\/pages\/6877\/revisions\/6878\/"}],"up":[{"embeddable":true,"href":"https:\/\/knezevi-vinogradi.hr\/de\/wp-json\/wp\/v2\/pages\/6871\/"}],"wp:attachment":[{"href":"https:\/\/knezevi-vinogradi.hr\/de\/wp-json\/wp\/v2\/media\/?parent=6877"}],"curies":[{"name":"wp","href":"https:\/\/api.w.org\/{rel}","templated":true}]}}