{"id":6880,"date":"2015-04-08T11:30:06","date_gmt":"2015-04-08T09:30:06","guid":{"rendered":"https:\/\/knezevi-vinogradi.hr\/?page_id=6880"},"modified":"2016-01-15T19:53:13","modified_gmt":"2016-01-15T18:53:13","slug":"sehenswurdigkeiten","status":"publish","type":"page","link":"https:\/\/knezevi-vinogradi.hr\/de\/die-gemeinde\/uber-uns\/sehenswurdigkeiten\/","title":{"rendered":"Sehensw\u00fcrdigkeiten"},"content":{"rendered":"<p>Grundlegende Eigenschaft des eingerichteten Raumes der Gemeinde \u00a0Kne\u017eevi Vinogradi ist, vom Standpunkt des Erbschutzes, dass die Traditionsgeb\u00e4ude, arch\u00e4ologische Standorte und einzelne gesch\u00fctzte sakrale Geb\u00e4ude gleichm\u00e4\u00dfig vertreten sind.<\/p>\n<p>Aus dem \u00fcblichen Fundus des Traditionsbaues (Dorfh\u00e4user und Getreidekammern) verbreitet in Kne\u017eevi Vinogradi, Kotlina\u00a0 und Suza hebt sich eine spezifische Geb\u00e4udegruppe in Zmajevac hervor. Das ist die sogenannte \u00a0<strong>Architektur in der Erde<\/strong>\u00a0\u2013 Weinkeller im L\u00f6\u00dfboden und\u00a0 H\u00f6hlenwohnungen (gator). Die aus deren unmittelbaren Verbundenheit mit der autochthonen Landschaft\u00a0 entstehende Besonderheit bildet die Hauptidentifikationsbestimmung dieser Gegend und der Baranja allgemein. Das sind der Reformierte und Katholische\u00a0 Hohlweg (surduk) mit ungef\u00e4hr \u00a080 eingegrabenen Kellern.<\/p>\n<hr \/>\n<h2>Sakrale Geb\u00e4ude \u2013 religi\u00f6se Objekte\u00a0(Kirchen) auf dem Gebiete der Gemeinde<\/h2>\n<p><strong>\u00a0<\/strong><strong>Kne\u017eevi Vinogradi<\/strong><\/p>\n<ul>\n<li>Reformationskirche aus dem Jahr 1576<\/li>\n<li>Orthodoxe Kirche der Einf\u00fchrung unserer allheiligen Gebieterin, der Gottesgeb\u00e4rerin und Immerjungfrau Maria \u00a0in den Tempel \u00a0aus dem Jahr 1742;<\/li>\n<li>RKT \u2013 Kirche des Heiligen Michael des Erzengels aus 1840-1857;<\/li>\n<\/ul>\n<p><strong>\u00a0<\/strong><strong>Karanac<\/strong><\/p>\n<ul>\n<li>RKT- Kirche des Hl. Donat aus dem Jahr 1832;<\/li>\n<li>Reformierte christliche Kirche aus 1808 -1816;<\/li>\n<li>Orthodoxe Kirche des Heiligen Stevan \u0160tiljanovi\u0107 aus dem Jahr\u00a0 1991;<\/li>\n<\/ul>\n<p><strong>\u00a0<\/strong><strong>Zmajevac<\/strong><\/p>\n<ul>\n<li>RKT-Kirche der Auffindung des Heiligen Kreuzes aus dem Jahr 1752;<\/li>\n<li>Reformierte Kirche aus 1866-1871;<\/li>\n<\/ul>\n<p><strong>\u00a0<\/strong><strong>Suza<\/strong><\/p>\n<ul>\n<li>Reformierte Kirche aus dem Jahr 1869;<\/li>\n<li>RKT-Kirche des Heiligen Antonius in Bau;<\/li>\n<\/ul>\n<p><strong>\u00a0<\/strong><strong>Kotlina<\/strong><\/p>\n<ul>\n<li>Reformierte christliche Kirche aus dem Jahr 1805;<\/li>\n<\/ul>\n<p><strong>\u00a0<\/strong><strong>Kamenac<\/strong><\/p>\n<ul>\n<li>Reformierte christliche Kirche umgebaut und saniert in Jahr 1877.<\/li>\n<\/ul>\n<hr \/>\n<h2><strong>Arch\u00e4ologische Standorte auf dem Gebiet der Gemeinde<\/strong><\/h2>\n<ul>\n<li>Arch\u00e4ologischer Fundort \u00a0\u02ddKamenac\u02dd, Kamenac<\/li>\n<li>Arch\u00e4ologischer Fundort \u02ddDonje polje \u2013 Prosina\u02dd, Karanac<\/li>\n<li>Arch\u00e4ologischer Fundort \u00a0\u02ddDerjan\u02dd, Kne\u017eevi Vinogradi<\/li>\n<li>Arch\u00e4ologischer Fundort \u02ddDragojlov brijeg\u02dd, Kne\u017eevi Vinogradi<\/li>\n<li>Arch\u00e4ologischer Fundort \u00a0\u02ddMitvar\u02dd, Kne\u017eevi Vinogradi<\/li>\n<li>Arch\u00e4ologischer Fundort \u00a0Grundschule, Kne\u017eevi Vinogradi<\/li>\n<li>Arch\u00e4ologischer Fundort \u00a0Kirche der Reformierten, Kne\u017eevi Vinogradi<\/li>\n<li>Arch\u00e4ologischer Fundort \u00a0\u02ddKotlina\u02dd, Kotlina<\/li>\n<li>Arch\u00e4ologischer Fundort \u00a0\u02ddVinogradi\u02dd, Suza<\/li>\n<li>Arch\u00e4ologischer Fundort \u00a0\u02ddDerjan\u02dd, Kne\u017eevi Vinogradi<\/li>\n<li>Arch\u00e4ologischer Fundort \u00a0\u201eVarhegy \u2013 Mocsolas\u201d, Zmajevac<\/li>\n<li>Arch\u00e4ologischer Fundort\u00a0 Gradac-Varhegy, Zmajevac<\/li>\n<\/ul>\n<hr \/>\n<h2><strong>Sonstige Kulturg\u00fcter auf dem Gebiete der Gemeinde<\/strong><\/h2>\n<ul>\n<li>Die Orgel in der Kirche des Heiligen Donat des Bischofes, Karanac<\/li>\n<li>Das Inventar der Pfarrkirche der Einf\u00fchrung unserer allheiligen Gebieterin, der Gottesgeb\u00e4rerin und Immerjungfrau\u00a0 Maria in den Tempel, Kne\u017eevi Vinogradi<\/li>\n<li>Lokomobil, Kne\u017eevi Vinogradi<\/li>\n<li>Weinkeller (\u0160andora Petefija 2), Kne\u017eevi Vinogradi<\/li>\n<li>Zentralgetreidelager \u2013Speicher, Mirkovac<\/li>\n<li>Weinkeller (Mar\u0161ala Tita 81 b), Suza<\/li>\n<li>Weinkeller (\u0160andora Petefija 16), Zmajevac<\/li>\n<\/ul>\n","protected":false},"excerpt":{"rendered":"<p>Grundlegende Eigenschaft des eingerichteten Raumes der Gemeinde \u00a0Kne\u017eevi Vinogradi ist, vom Standpunkt des Erbschutzes, dass die Traditionsgeb\u00e4ude, arch\u00e4ologische Standorte und einzelne gesch\u00fctzte sakrale Geb\u00e4ude gleichm\u00e4\u00dfig vertreten sind. Aus dem \u00fcblichen Fundus des Traditionsbaues (Dorfh\u00e4user und Getreidekammern) verbreitet in Kne\u017eevi Vinogradi, Kotlina\u00a0 und Suza hebt sich eine spezifische Geb\u00e4udegruppe in Zmajevac hervor. Das ist die sogenannte [&hellip;]<\/p>\n","protected":false},"author":4,"featured_media":0,"parent":6871,"menu_order":0,"comment_status":"closed","ping_status":"open","template":"","meta":[],"_links":{"self":[{"href":"https:\/\/knezevi-vinogradi.hr\/de\/wp-json\/wp\/v2\/pages\/6880\/"}],"collection":[{"href":"https:\/\/knezevi-vinogradi.hr\/de\/wp-json\/wp\/v2\/pages\/"}],"about":[{"href":"https:\/\/knezevi-vinogradi.hr\/de\/wp-json\/wp\/v2\/types\/page\/"}],"author":[{"embeddable":true,"href":"https:\/\/knezevi-vinogradi.hr\/de\/wp-json\/wp\/v2\/users\/4\/"}],"replies":[{"embeddable":true,"href":"https:\/\/knezevi-vinogradi.hr\/de\/wp-json\/wp\/v2\/comments\/?post=6880"}],"version-history":[{"count":1,"href":"https:\/\/knezevi-vinogradi.hr\/de\/wp-json\/wp\/v2\/pages\/6880\/revisions\/"}],"predecessor-version":[{"id":6881,"href":"https:\/\/knezevi-vinogradi.hr\/de\/wp-json\/wp\/v2\/pages\/6880\/revisions\/6881\/"}],"up":[{"embeddable":true,"href":"https:\/\/knezevi-vinogradi.hr\/de\/wp-json\/wp\/v2\/pages\/6871\/"}],"wp:attachment":[{"href":"https:\/\/knezevi-vinogradi.hr\/de\/wp-json\/wp\/v2\/media\/?parent=6880"}],"curies":[{"name":"wp","href":"https:\/\/api.w.org\/{rel}","templated":true}]}}