{"id":6886,"date":"2015-05-25T00:04:44","date_gmt":"2015-05-24T23:04:44","guid":{"rendered":"https:\/\/knezevi-vinogradi.hr\/?page_id=6886"},"modified":"2016-01-15T20:04:16","modified_gmt":"2016-01-15T19:04:16","slug":"knezevi-vinogradi","status":"publish","type":"page","link":"https:\/\/knezevi-vinogradi.hr\/de\/die-gemeinde\/siedlungen\/knezevi-vinogradi\/","title":{"rendered":"Kne\u017eevi Vinogradi"},"content":{"rendered":"<p>[vc_row][vc_column][vc_column_text]<\/p>\n<p><strong><em>Der ungarische Name der Siedlung weist auf seine Tradition des Weinbaues\u00a0 und das Pr\u00e4fix Herceg auf die einstigen Besitzer des Gutes hin. Der kroatische Name ist eine w\u00f6rtliche \u00dcbersetzung des ungarischen Namens.<\/em><\/strong><\/p>\n<p>Kne\u017eevi Vinogradi ist der Gemeindemittelpunkt mit 1.657 Bewohnern (laut Volksverzeichnis aus dem Jahr 2011) mit 13 Stra\u00dfen. Von\u00a0 den bedeutenden Wirtschaftssubjekten muss man Belje d.d. (Weinkellerei und Weinkoststube im Ortszentrum) sowie die Unternehmen Bor plastika d.o.o. und Rabo d.o.o. in der Unternehmerzone hervorheben.\u00a0Kne\u017eevi Vinogradi sind f\u00fcr ihr wohleingerichtetes Sport- und Erholungszentrum \u00a0\u02ddBazeni\u02dd weitbekannt.<\/p>\n<p>[\/vc_column_text][\/vc_column][\/vc_row][vc_row][vc_column]<div class=\"c-gmap\"><div class=\"gmap-canvas\" style=\"height: 400px;\" data-address=\"Kne\u017eevi Vinogradi, Hrvatska\" data-zoom=\"16\" data-maptype=\"satellite\" data-enable-mousewheel=\"false\"><\/div><\/div>[\/vc_column][\/vc_row]<\/p>\n","protected":false},"excerpt":{"rendered":"<p>[vc_row][vc_column][vc_column_text] Der ungarische Name der Siedlung weist auf seine Tradition des Weinbaues\u00a0 und das Pr\u00e4fix Herceg auf die einstigen Besitzer des Gutes hin. Der kroatische Name ist eine w\u00f6rtliche \u00dcbersetzung des ungarischen Namens. Kne\u017eevi Vinogradi ist der Gemeindemittelpunkt mit 1.657 Bewohnern (laut Volksverzeichnis aus dem Jahr 2011) mit 13 Stra\u00dfen. Von\u00a0 den bedeutenden Wirtschaftssubjekten muss [&hellip;]<\/p>\n","protected":false},"author":4,"featured_media":0,"parent":6883,"menu_order":0,"comment_status":"closed","ping_status":"closed","template":"","meta":[],"_links":{"self":[{"href":"https:\/\/knezevi-vinogradi.hr\/de\/wp-json\/wp\/v2\/pages\/6886\/"}],"collection":[{"href":"https:\/\/knezevi-vinogradi.hr\/de\/wp-json\/wp\/v2\/pages\/"}],"about":[{"href":"https:\/\/knezevi-vinogradi.hr\/de\/wp-json\/wp\/v2\/types\/page\/"}],"author":[{"embeddable":true,"href":"https:\/\/knezevi-vinogradi.hr\/de\/wp-json\/wp\/v2\/users\/4\/"}],"replies":[{"embeddable":true,"href":"https:\/\/knezevi-vinogradi.hr\/de\/wp-json\/wp\/v2\/comments\/?post=6886"}],"version-history":[{"count":1,"href":"https:\/\/knezevi-vinogradi.hr\/de\/wp-json\/wp\/v2\/pages\/6886\/revisions\/"}],"predecessor-version":[{"id":6887,"href":"https:\/\/knezevi-vinogradi.hr\/de\/wp-json\/wp\/v2\/pages\/6886\/revisions\/6887\/"}],"up":[{"embeddable":true,"href":"https:\/\/knezevi-vinogradi.hr\/de\/wp-json\/wp\/v2\/pages\/6883\/"}],"wp:attachment":[{"href":"https:\/\/knezevi-vinogradi.hr\/de\/wp-json\/wp\/v2\/media\/?parent=6886"}],"curies":[{"name":"wp","href":"https:\/\/api.w.org\/{rel}","templated":true}]}}