{"id":6888,"date":"2015-05-25T00:05:00","date_gmt":"2015-05-24T23:05:00","guid":{"rendered":"https:\/\/knezevi-vinogradi.hr\/?page_id=6888"},"modified":"2016-01-15T20:06:00","modified_gmt":"2016-01-15T19:06:00","slug":"karanac","status":"publish","type":"page","link":"https:\/\/knezevi-vinogradi.hr\/de\/die-gemeinde\/siedlungen\/karanac\/","title":{"rendered":"Karanac"},"content":{"rendered":"<p>[vc_row][vc_column][vc_column_text]<\/p>\n<p><strong><em>Karanac ist die einzige Siedlung der heutigen Gemeinde Kne\u017eevi Vinogradi, welche zu dem einstigen Gutsbesitz Darda geh\u00f6rte. Der Name des Ortes stammt wahrscheinlich von einem ungarischen Personennomen. <\/em><\/strong><strong>Der Name erscheint im Jahr 1357 zum ersten Male in den Archiven der Regierungsdynastie Anjou in der Form<\/strong><strong> \u00a0\u201eKaranch\u201c. 1357. <\/strong><\/p>\n<p>Karanac ist die zweitgr\u00f6\u00dfte Ortschaft der Gemeinde\u00a0 Kne\u017eevi Vinogradi mit 1065 Bewohnern.\u00a0Die Ortschaft hat 8 Stra\u00dfen, zur Ortschaft geh\u00f6ren noch Prijelazna pustara (die sogenannte Karana\u010dka pustara) und die Ziegelei von Karanac. Au\u00dfer Belje d.d., das als Wirtschaftssubjekt mit seinen Anlagen in der \u00a0Prijelazna pustara \u00a0(Kooperation) und im Ort selbst \u00a0(ein Teil der Weinkellereien) wirkt, ist der Tourismus die Hauptwirtschaftst\u00e4tigkeit. Die Ortschaft \u00a0Karanac ist weitbekannt als ein \u201eEthno-Dorf\u201c und hierher kommen zahlreiche Aus- und Innlandtouristen, genie\u00dfen das gastronomische und touristische Angebot der Gasth\u00f6fe\u00a0 und Familienbauernh\u00f6fe.<\/p>\n<p>[\/vc_column_text][\/vc_column][\/vc_row][vc_row][vc_column]<div class=\"c-gmap\"><div class=\"gmap-canvas\" style=\"height: 400px;\" data-address=\"Karanac, Hrvatska\" data-zoom=\"16\" data-maptype=\"satellite\" data-enable-mousewheel=\"false\"><\/div><\/div>[\/vc_column][\/vc_row]<\/p>\n","protected":false},"excerpt":{"rendered":"<p>[vc_row][vc_column][vc_column_text] Karanac ist die einzige Siedlung der heutigen Gemeinde Kne\u017eevi Vinogradi, welche zu dem einstigen Gutsbesitz Darda geh\u00f6rte. Der Name des Ortes stammt wahrscheinlich von einem ungarischen Personennomen. Der Name erscheint im Jahr 1357 zum ersten Male in den Archiven der Regierungsdynastie Anjou in der Form \u00a0\u201eKaranch\u201c. 1357. Karanac ist die zweitgr\u00f6\u00dfte Ortschaft der Gemeinde\u00a0 [&hellip;]<\/p>\n","protected":false},"author":4,"featured_media":0,"parent":6883,"menu_order":0,"comment_status":"closed","ping_status":"closed","template":"","meta":[],"_links":{"self":[{"href":"https:\/\/knezevi-vinogradi.hr\/de\/wp-json\/wp\/v2\/pages\/6888\/"}],"collection":[{"href":"https:\/\/knezevi-vinogradi.hr\/de\/wp-json\/wp\/v2\/pages\/"}],"about":[{"href":"https:\/\/knezevi-vinogradi.hr\/de\/wp-json\/wp\/v2\/types\/page\/"}],"author":[{"embeddable":true,"href":"https:\/\/knezevi-vinogradi.hr\/de\/wp-json\/wp\/v2\/users\/4\/"}],"replies":[{"embeddable":true,"href":"https:\/\/knezevi-vinogradi.hr\/de\/wp-json\/wp\/v2\/comments\/?post=6888"}],"version-history":[{"count":1,"href":"https:\/\/knezevi-vinogradi.hr\/de\/wp-json\/wp\/v2\/pages\/6888\/revisions\/"}],"predecessor-version":[{"id":6890,"href":"https:\/\/knezevi-vinogradi.hr\/de\/wp-json\/wp\/v2\/pages\/6888\/revisions\/6890\/"}],"up":[{"embeddable":true,"href":"https:\/\/knezevi-vinogradi.hr\/de\/wp-json\/wp\/v2\/pages\/6883\/"}],"wp:attachment":[{"href":"https:\/\/knezevi-vinogradi.hr\/de\/wp-json\/wp\/v2\/media\/?parent=6888"}],"curies":[{"name":"wp","href":"https:\/\/api.w.org\/{rel}","templated":true}]}}