{"id":6892,"date":"2015-05-25T00:05:17","date_gmt":"2015-05-24T23:05:17","guid":{"rendered":"https:\/\/knezevi-vinogradi.hr\/?page_id=6892"},"modified":"2016-01-15T20:08:14","modified_gmt":"2016-01-15T19:08:14","slug":"suza","status":"publish","type":"page","link":"https:\/\/knezevi-vinogradi.hr\/de\/die-gemeinde\/siedlungen\/suza\/","title":{"rendered":"Suza"},"content":{"rendered":"<p>[vc_row][vc_column][vc_column_text]<\/p>\n<p><strong><em>Man behauptet, der Name der Siedlung stamme noch aus der Zeit der Osmanen: zu jener Zeit diente die Siedlung als Gef\u00e4ngnis und daher komme der Name der Siedlung, Suza, was Gef\u00e4ngnis hei\u00dft. Der wahrhafte Ursprung des Wortes ist unbekannt.<\/em><\/strong><\/p>\n<p>Laut Volksverzeichnis aus dem Jahre\u00a0 2011 leben in Suza \u00a0567 Bewohner in 6 Stra\u00dfen. Trotz Verminderung der Bewohnerzahl wird Suza \u00a0immer bekannter wegen des Tourismus, des gastronomischen Angebotes der Gasth\u00f6fe \u201ePiro\u0161 \u010cizma\u201c und Kova\u010d \u010darda sowie einem reichhaltigen Angebot von Spitzenweine der Familienweinkellereien\u00a0 \u00a0\u201eKolar\u201c, \u201eKov\u00e1ts\u201c und anderen. Die Zahl der Zimmer zur Unterkunft von Touristen steigt immer mehr.<\/p>\n<p>[\/vc_column_text][\/vc_column][\/vc_row][vc_row][vc_column]<div class=\"c-gmap\"><div class=\"gmap-canvas\" style=\"height: 400px;\" data-address=\"Suza, Hrvatska\" data-zoom=\"16\" data-maptype=\"satellite\" data-enable-mousewheel=\"false\"><\/div><\/div>[\/vc_column][\/vc_row]<\/p>\n","protected":false},"excerpt":{"rendered":"<p>[vc_row][vc_column][vc_column_text] Man behauptet, der Name der Siedlung stamme noch aus der Zeit der Osmanen: zu jener Zeit diente die Siedlung als Gef\u00e4ngnis und daher komme der Name der Siedlung, Suza, was Gef\u00e4ngnis hei\u00dft. Der wahrhafte Ursprung des Wortes ist unbekannt. Laut Volksverzeichnis aus dem Jahre\u00a0 2011 leben in Suza \u00a0567 Bewohner in 6 Stra\u00dfen. Trotz [&hellip;]<\/p>\n","protected":false},"author":4,"featured_media":0,"parent":6883,"menu_order":0,"comment_status":"closed","ping_status":"closed","template":"","meta":[],"_links":{"self":[{"href":"https:\/\/knezevi-vinogradi.hr\/de\/wp-json\/wp\/v2\/pages\/6892\/"}],"collection":[{"href":"https:\/\/knezevi-vinogradi.hr\/de\/wp-json\/wp\/v2\/pages\/"}],"about":[{"href":"https:\/\/knezevi-vinogradi.hr\/de\/wp-json\/wp\/v2\/types\/page\/"}],"author":[{"embeddable":true,"href":"https:\/\/knezevi-vinogradi.hr\/de\/wp-json\/wp\/v2\/users\/4\/"}],"replies":[{"embeddable":true,"href":"https:\/\/knezevi-vinogradi.hr\/de\/wp-json\/wp\/v2\/comments\/?post=6892"}],"version-history":[{"count":1,"href":"https:\/\/knezevi-vinogradi.hr\/de\/wp-json\/wp\/v2\/pages\/6892\/revisions\/"}],"predecessor-version":[{"id":6893,"href":"https:\/\/knezevi-vinogradi.hr\/de\/wp-json\/wp\/v2\/pages\/6892\/revisions\/6893\/"}],"up":[{"embeddable":true,"href":"https:\/\/knezevi-vinogradi.hr\/de\/wp-json\/wp\/v2\/pages\/6883\/"}],"wp:attachment":[{"href":"https:\/\/knezevi-vinogradi.hr\/de\/wp-json\/wp\/v2\/media\/?parent=6892"}],"curies":[{"name":"wp","href":"https:\/\/api.w.org\/{rel}","templated":true}]}}