{"id":6895,"date":"2015-05-25T00:05:30","date_gmt":"2015-05-24T23:05:30","guid":{"rendered":"https:\/\/knezevi-vinogradi.hr\/?page_id=6895"},"modified":"2016-01-15T20:11:10","modified_gmt":"2016-01-15T19:11:10","slug":"zmajevac","status":"publish","type":"page","link":"https:\/\/knezevi-vinogradi.hr\/de\/die-gemeinde\/siedlungen\/zmajevac\/","title":{"rendered":"Zmajevac"},"content":{"rendered":"<p>[vc_row][vc_column][vc_column_text]<\/p>\n<p><strong>Die fr\u00fcheste Erw\u00e4hnung dieses Namens stammt aus der Zeit des\u00a0 Bela IV. aus dem Geschlecht der Arpaden\u00a0 (1235 \u2013 1270) in der Form von Verusmorth\u00a0 aus dem Jahr 1246. \u00dcber den Ursprung des Namens \u00fcberwiegen zwei\u00a0 Geschichten. \u00a0Eine Legende behauptet \u00a0Zmajevac \u00a0h\u00e4tte seinen Namen nach der grausamen Festungsbesitzerin Marta\u00a0Vere\u0161 bekommen. Die zweite Vermutung spricht von zwei W\u00f6rtern: \u201ev\u00f6r\u00f6s\u201c (rot) und \u201emart\u201c (Ufer), was mit dem Donauufer unterhalb der Siedlung, das eine r\u00f6tliche Farbe hat, zu erkl\u00e4ren ist.\u00a0Der kroatische Name Zmajevac hat keinerlei Verbindung mit dem ungarischen Namen und wurde in den zwanziger Jahren des vergangenen Jahrhundertes gegeben.<\/strong><\/p>\n<p>Heute ist Zmajevac die drittgr\u00f6\u00dfte Ortschaft der Gemeinde mit \u00a0974 Bewohnern, die in 16 Stra\u00dfen leben. Die Wirtschaft von \u00a0Zmajevac\u00a0 beruht auf der Landwirtschaft, so Acker- wie auch Wein-, Obstbau und der Produktion von weitbekannten Weinsorten. Der S\u00fcdhang des Baranjaer H\u00fcgels, der zu Zmajevac geh\u00f6rt, ist die beste Voraussetzung zum Anbau bester Weinsorten. Die \u201eWeinstra\u00dfen von Zmajevac \u2013 die Katholische und Reformierte Hohlwege\u201c sind schon weitbekannt durch ihre reichhaltigen Angebote an Wein und Gastronomie. Die bekanntesten Winzerfamilien dieser Gegend sind: die Familie \u00a0Ger\u0161tmajer mit ihrem Gewerbe \u201eVinoto\u010dje\u201c Zmajevac, \u00a0der Familienweinkeller \u201eJosi\u0107\u201c, der Weinkeller \u201e\u010co\u010di\u0107\u201c, die Familie von\u00a0 Kova\u010d Lajo\u0161, die Familie von Majori\u0107 I\u0161tvan sowie viele andere Bauernh\u00f6fe. Das gastronomische Angebot dieses Gebietes ist f\u00fcr seine \u201e\u010cokot \u010darda\u201c, dem Jagdhaus \u201eMonjoro\u0161\u201c und \u00a0\u201eBaranjski dvori\u201c bekannt.<\/p>\n<p>[\/vc_column_text][\/vc_column][\/vc_row][vc_row][vc_column]<div class=\"c-gmap\"><div class=\"gmap-canvas\" style=\"height: 400px;\" data-address=\"Zmajevac, Hrvatska\" data-zoom=\"16\" data-maptype=\"satellite\" data-enable-mousewheel=\"false\"><\/div><\/div>[\/vc_column][\/vc_row]<\/p>\n","protected":false},"excerpt":{"rendered":"<p>[vc_row][vc_column][vc_column_text] Die fr\u00fcheste Erw\u00e4hnung dieses Namens stammt aus der Zeit des\u00a0 Bela IV. aus dem Geschlecht der Arpaden\u00a0 (1235 \u2013 1270) in der Form von Verusmorth\u00a0 aus dem Jahr 1246. \u00dcber den Ursprung des Namens \u00fcberwiegen zwei\u00a0 Geschichten. \u00a0Eine Legende behauptet \u00a0Zmajevac \u00a0h\u00e4tte seinen Namen nach der grausamen Festungsbesitzerin Marta\u00a0Vere\u0161 bekommen. Die zweite Vermutung spricht [&hellip;]<\/p>\n","protected":false},"author":4,"featured_media":0,"parent":6883,"menu_order":0,"comment_status":"closed","ping_status":"closed","template":"","meta":[],"_links":{"self":[{"href":"https:\/\/knezevi-vinogradi.hr\/de\/wp-json\/wp\/v2\/pages\/6895\/"}],"collection":[{"href":"https:\/\/knezevi-vinogradi.hr\/de\/wp-json\/wp\/v2\/pages\/"}],"about":[{"href":"https:\/\/knezevi-vinogradi.hr\/de\/wp-json\/wp\/v2\/types\/page\/"}],"author":[{"embeddable":true,"href":"https:\/\/knezevi-vinogradi.hr\/de\/wp-json\/wp\/v2\/users\/4\/"}],"replies":[{"embeddable":true,"href":"https:\/\/knezevi-vinogradi.hr\/de\/wp-json\/wp\/v2\/comments\/?post=6895"}],"version-history":[{"count":1,"href":"https:\/\/knezevi-vinogradi.hr\/de\/wp-json\/wp\/v2\/pages\/6895\/revisions\/"}],"predecessor-version":[{"id":6896,"href":"https:\/\/knezevi-vinogradi.hr\/de\/wp-json\/wp\/v2\/pages\/6895\/revisions\/6896\/"}],"up":[{"embeddable":true,"href":"https:\/\/knezevi-vinogradi.hr\/de\/wp-json\/wp\/v2\/pages\/6883\/"}],"wp:attachment":[{"href":"https:\/\/knezevi-vinogradi.hr\/de\/wp-json\/wp\/v2\/media\/?parent=6895"}],"curies":[{"name":"wp","href":"https:\/\/api.w.org\/{rel}","templated":true}]}}