{"id":6898,"date":"2015-05-25T00:05:43","date_gmt":"2015-05-24T23:05:43","guid":{"rendered":"https:\/\/knezevi-vinogradi.hr\/?page_id=6898"},"modified":"2016-01-15T20:13:31","modified_gmt":"2016-01-15T19:13:31","slug":"kamenac","status":"publish","type":"page","link":"https:\/\/knezevi-vinogradi.hr\/de\/die-gemeinde\/siedlungen\/kamenac\/","title":{"rendered":"Kamenac"},"content":{"rendered":"<p>[vc_row][vc_column][vc_column_text]<\/p>\n<p><strong><em>Man erz\u00e4hlt, \u00a0der ungarische Name der Siedlung stamme von einem gro\u00dfen Meilenstein an der Siedlungsgrenze. Tats\u00e4chlich stammt der Name der Siedlung von dem\u00a0 243 Meter hohen H\u00fcgel namens Kameno Brdo, unter dessen s\u00fcdlichem Fu\u00dfe das Dorf erbaut wurde. Der kroatische Name \u00a0Kamenac ist ein\u00a0 Ableitungswort des ungarischen Namens.<\/em><\/strong><\/p>\n<p>Kamenac ist eine Siedlung mit kleinster Bewohnerzahl in der Gemeinde und laut Volksverzeichnis aus dem Jahr\u00a0 2011 z\u00e4hlt sie \u00a0166 Personen, die in einer Stra\u00dfe (Haupt) leben. Immer bekannter wird der Siedlungsteil, der \u201eBud\u017eak\u201c genannt wird, in welchem sich die Weinkeller befinden und so stellt\u00a0 er eine Art von Weinstra\u00dfe da, ber\u00fccksichtigend,\u00a0 dass sich der n\u00f6rdliche Dorfteil an dem Hang des Baranjaer H\u00fcgels befindet, worum Weing\u00e4rten\u00a0 angebaut sind \u2013 so private wir auch die von Belje d.d. In Kamenac befindet sich die \u00a0Reformierte christliche Kirche, die im Jahr 1877 umgebaut und saniert wurde.<\/p>\n<p>[\/vc_column_text][\/vc_column][\/vc_row][vc_row][vc_column]<div class=\"c-gmap\"><div class=\"gmap-canvas\" style=\"height: 400px;\" data-address=\"Kamenac, Hrvatska\" data-zoom=\"16\" data-maptype=\"satellite\" data-enable-mousewheel=\"false\"><\/div><\/div>[\/vc_column][\/vc_row]<\/p>\n","protected":false},"excerpt":{"rendered":"<p>[vc_row][vc_column][vc_column_text] Man erz\u00e4hlt, \u00a0der ungarische Name der Siedlung stamme von einem gro\u00dfen Meilenstein an der Siedlungsgrenze. Tats\u00e4chlich stammt der Name der Siedlung von dem\u00a0 243 Meter hohen H\u00fcgel namens Kameno Brdo, unter dessen s\u00fcdlichem Fu\u00dfe das Dorf erbaut wurde. Der kroatische Name \u00a0Kamenac ist ein\u00a0 Ableitungswort des ungarischen Namens. Kamenac ist eine Siedlung mit kleinster [&hellip;]<\/p>\n","protected":false},"author":4,"featured_media":0,"parent":6883,"menu_order":0,"comment_status":"closed","ping_status":"closed","template":"","meta":[],"_links":{"self":[{"href":"https:\/\/knezevi-vinogradi.hr\/de\/wp-json\/wp\/v2\/pages\/6898\/"}],"collection":[{"href":"https:\/\/knezevi-vinogradi.hr\/de\/wp-json\/wp\/v2\/pages\/"}],"about":[{"href":"https:\/\/knezevi-vinogradi.hr\/de\/wp-json\/wp\/v2\/types\/page\/"}],"author":[{"embeddable":true,"href":"https:\/\/knezevi-vinogradi.hr\/de\/wp-json\/wp\/v2\/users\/4\/"}],"replies":[{"embeddable":true,"href":"https:\/\/knezevi-vinogradi.hr\/de\/wp-json\/wp\/v2\/comments\/?post=6898"}],"version-history":[{"count":1,"href":"https:\/\/knezevi-vinogradi.hr\/de\/wp-json\/wp\/v2\/pages\/6898\/revisions\/"}],"predecessor-version":[{"id":6899,"href":"https:\/\/knezevi-vinogradi.hr\/de\/wp-json\/wp\/v2\/pages\/6898\/revisions\/6899\/"}],"up":[{"embeddable":true,"href":"https:\/\/knezevi-vinogradi.hr\/de\/wp-json\/wp\/v2\/pages\/6883\/"}],"wp:attachment":[{"href":"https:\/\/knezevi-vinogradi.hr\/de\/wp-json\/wp\/v2\/media\/?parent=6898"}],"curies":[{"name":"wp","href":"https:\/\/api.w.org\/{rel}","templated":true}]}}