{"id":6907,"date":"2015-05-25T00:18:37","date_gmt":"2015-05-24T23:18:37","guid":{"rendered":"https:\/\/knezevi-vinogradi.hr\/?page_id=6907"},"modified":"2016-01-15T20:22:46","modified_gmt":"2016-01-15T19:22:46","slug":"wirtschaft","status":"publish","type":"page","link":"https:\/\/knezevi-vinogradi.hr\/de\/die-gemeinde\/wirtschaft\/","title":{"rendered":"Wirtschaft"},"content":{"rendered":"<h3>Die wirtschaftliche Grundlage der Gemeinde \u00a0Kne\u017eevi Vinogradi bildet die Landwirtschaft, die Verarbeitungsindustrie sowie der sich immer st\u00e4rker entwickelnde Land-, Jagd- und Fischereitourismus.<\/h3>\n<hr \/>\n<p>Das Gebiet der Gemeinde bilden cca 13.000 ha urbarer Fl\u00e4chen f\u00fcr Ackerbau\u00a0 und \u00a01.800 ha f\u00fcr Wein- und Obstbau. Von gr\u00f6\u00dferen Unternehmen sind auf dem Gebiete der Gemeinde \u00a0Belje d.d., Bor-plastika d.o.o. und Rabo d.o.o. sowie die immer zahlreichere Handwerker und Familienlandwirtschaften\u00a0 t\u00e4tig.<\/p>\n<p>Laut Verzeichnis aus dem Jahr\u00a0 2013 wurden auf dem Gebiet der Gemeinde Kne\u017eevi Vinogradi \u00a0275 Familienlandwirtschaften registriert. \u00a0Die meisten sind in \u00a0Kne\u017eevi Vinogradi &#8211; 77, in Zmajevac sind es\u00a0 60, 54 in Suza,\u00a0 45 in Karanac, 30\u00a0in\u00a0 Kotlina und\u00a0 9 in Kamenac. Von den \u00a06.128 ha urbaren Landes sind \u00fcber 5.600 ha Ackerland, unter Weing\u00e4rten\u00a0 sind cca. \u00a0190 ha und cca. \u00a0300 ha sind unter Obstg\u00e4rten. \u00a0Belje bewirtschaftet auf dem Gebiete der Gemeinde \u00a06.500 ha, davon ist cca. \u00a06.000 ha Ackerland und cca. 500\u00a0ha Weing\u00e4rten.<\/p>\n<p>Weinbau und Winzerei, mit tausendj\u00e4hriger Tradition noch aus r\u00f6mischen Zeiten, entwickeln sich immer mehr und bilden Voraussetzungen zur Entwicklung des kontinentalen Tourismus.<\/p>\n<p>Die Gemeinde \u00a0Kne\u017eevi Vinogradi \u00a0erbaute bzw. baut in einigen Ortschaften noch immer, als eine der grundlegenden Voraussetzungen zur Entwicklung der Wirtschaft, die kommunale Infrastruktur (Wasserleitung, \u00f6ffentliche Beleuchtung, Stra\u00dfen, elektrische Energie,\u00a0 Entw\u00e4sserung).<\/p>\n<p>Als Hilfe zur Entwicklung des Gewerbes und der Wirtschaft \u00a0wurde auch die Industriezone gegr\u00fcndet, in welcher mit verschiedenen Verg\u00fcnstigungen Grundst\u00fccke zwecks Wirtschaftsentwicklung verkauft werden. Die Gesch\u00e4fts-Unternehmerzone wurde auf einer Fl\u00e4che von \u00a056 ha gegr\u00fcndet, \u00a0in welcher cca 35 ha zur\u00a0 Entwicklung der Gewerbe, cca 12 ha zur Entwicklung des Tourismus und der Rest zum Infrastrukturbau zur Verf\u00fcgung gestellt wird.<\/p>\n<p>Zur Unterst\u00fctzung der Wirtschaftsentwicklung hilf die Gemeinde den Familienlandwirtschaften\u00a0 auf dem Gebiet der Gemeinde mittels:<\/p>\n<ul>\n<li>Subvention der Zinsen,<\/li>\n<li>Mitfinanzierung der mehrj\u00e4hrigen Anbauten<\/li>\n<li>Mitfinanzierung der Getreideversicherung<\/li>\n<li>Einrichtung eines genauen Kanalnetzes und \u00e4hnliches.<\/li>\n<\/ul>\n<p>Das Ergebnis\u00a0 aller \u00a0Anlagen in die Wirtschaft auf dem Gebiet der Gemeinde ist, dass die Gemeinde \u00a0Kne\u017eevi Vinogradi zu einem der wirtschaftlich am \u00a0besten entwickelten\u00a0 Gebiete von Baranja wurde.<\/p>\n<h3>Tr\u00e4ger der Wirtschaftsentwicklung<\/h3>\n<p><a href=\"http:\/\/www.belje.hr\" target=\"_blank\">BELJE D.D.<\/a><br \/>\n<a href=\"http:\/\/www.bor-plastika.hr\" target=\"_blank\">BOR-PLASTIKA D.O.O.<\/a><br \/>\n<a href=\"http:\/\/werkosagro.com\/\" target=\"_blank\">RABO D.O.O.<\/a><\/p>\n","protected":false},"excerpt":{"rendered":"<p>Die wirtschaftliche Grundlage der Gemeinde \u00a0Kne\u017eevi Vinogradi bildet die Landwirtschaft, die Verarbeitungsindustrie sowie der sich immer st\u00e4rker entwickelnde Land-, Jagd- und Fischereitourismus. Das Gebiet der Gemeinde bilden cca 13.000 ha urbarer Fl\u00e4chen f\u00fcr Ackerbau\u00a0 und \u00a01.800 ha f\u00fcr Wein- und Obstbau. Von gr\u00f6\u00dferen Unternehmen sind auf dem Gebiete der Gemeinde \u00a0Belje d.d., Bor-plastika d.o.o. und [&hellip;]<\/p>\n","protected":false},"author":4,"featured_media":0,"parent":6869,"menu_order":0,"comment_status":"closed","ping_status":"open","template":"","meta":[],"_links":{"self":[{"href":"https:\/\/knezevi-vinogradi.hr\/de\/wp-json\/wp\/v2\/pages\/6907\/"}],"collection":[{"href":"https:\/\/knezevi-vinogradi.hr\/de\/wp-json\/wp\/v2\/pages\/"}],"about":[{"href":"https:\/\/knezevi-vinogradi.hr\/de\/wp-json\/wp\/v2\/types\/page\/"}],"author":[{"embeddable":true,"href":"https:\/\/knezevi-vinogradi.hr\/de\/wp-json\/wp\/v2\/users\/4\/"}],"replies":[{"embeddable":true,"href":"https:\/\/knezevi-vinogradi.hr\/de\/wp-json\/wp\/v2\/comments\/?post=6907"}],"version-history":[{"count":1,"href":"https:\/\/knezevi-vinogradi.hr\/de\/wp-json\/wp\/v2\/pages\/6907\/revisions\/"}],"predecessor-version":[{"id":6908,"href":"https:\/\/knezevi-vinogradi.hr\/de\/wp-json\/wp\/v2\/pages\/6907\/revisions\/6908\/"}],"up":[{"embeddable":true,"href":"https:\/\/knezevi-vinogradi.hr\/de\/wp-json\/wp\/v2\/pages\/6869\/"}],"wp:attachment":[{"href":"https:\/\/knezevi-vinogradi.hr\/de\/wp-json\/wp\/v2\/media\/?parent=6907"}],"curies":[{"name":"wp","href":"https:\/\/api.w.org\/{rel}","templated":true}]}}