{"id":6910,"date":"2015-05-25T00:19:46","date_gmt":"2015-05-24T22:19:46","guid":{"rendered":"https:\/\/knezevi-vinogradi.hr\/?page_id=6910"},"modified":"2018-03-19T14:22:47","modified_gmt":"2018-03-19T13:22:47","slug":"geschafts-und-unternehmerzone","status":"publish","type":"page","link":"https:\/\/knezevi-vinogradi.hr\/de\/die-gemeinde\/wirtschaft\/geschafts-und-unternehmerzone\/","title":{"rendered":"Gesch\u00e4fts- und  Unternehmerzone"},"content":{"rendered":"<h4><em>Die Gesch\u00e4fts- und Unternehmer- sowie Erholungszone der Gemeinde Kne\u017eevi Vinogradi umfasst eine Fl\u00e4che von \u00a056 ha 96a 31 m\u00b2. \u00a0Sie befindet sich s\u00fcdlich von\u00a0 Kne\u017eevi Vinogradi, an der \u00f6stlichen Seite der Stra\u00dfe Osijek-Bilje-Kne\u017eevi Vinogradi (\u017d 4042) \u00a0und der s\u00fcdlichen Seite der abgeschafften Bahnstrecke\u00a0 Beli Manastir\u2013Batina. Sie ist cca.\u00a0 30 Kilometer von der Grenze mit Ungarn und ebensovielmal von der Grenze mit der Republik Serbien und in Richtung Osijek entfernt.<\/em><\/h4>\n<hr \/>\n<h3>Die Gesch\u00e4fts- und Unternehmer- sowie Erholungszone wurde\u00a0 in drei Teile geplant:<\/h3>\n<p><strong>Der erste Teil wurde entlang der Stra\u00dfe <\/strong>\u00a0Osijek- Bilje \u2013 Kne\u017eevi Vinogradi, n\u00f6rdlich der Sanit\u00e4rzone der neuen Wassersch\u00f6pfstelle, geplant, \u00a0wo die Parzellen teilweise von\u00a0 0,25 ha bis 1,50 ha parzelliert wurden, w\u00e4hrend der restliche unparzellierte Teil laut Gesetzvorschriften\u00a0 geteilt wird.\u00a0Die Parzellen im ersten Teil wurden f\u00fcr folgende Unternemhungst\u00e4tigkeiten geplant:<\/p>\n<ul>\n<li>Produktion und Dienstleistungen aufgrund autochthoner und \u00f6kologischer Produkten;<\/li>\n<li>Produktion und Dienstleistungen aufgrund der Traditionsgewerben und deren Produkten;<\/li>\n<li>Handel (Gro\u00dfhandel, Kleinhandel &#8211; Megam\u00e4rkte)<\/li>\n<li>Und alle sonstige T\u00e4tigkeiten, welche keinen Einfluss auf die Umweltverschmutzung haben,<\/li>\n<\/ul>\n<p>Bei dem Bau gr\u00f6\u00dferer Betriebe kann den Benutzern auch mehr als eine Katasterparzelle zugeteilt werden, wor\u00fcber nach Einsicht in die Dokumentation der Gemeinderat entscheidet.<\/p>\n<p><strong>Der zweite Teil<\/strong>\u00a0ist der Raum zur Organisation der Erholungs- und Gastwirtschafts-Touristikzone. Zweck des genannten Raumes ist, im Komplex die Inhalte des Sport- und Erholungszentrums \u201cBazeni\u201d Kne\u017eevi Vinogradi, gem\u00e4\u00df des Raumplanes der Einrichtung der Gemeinde Kne\u017eevi Vinogradi (Amtsblatt 5\/05, 5\/09 ) und des urbanistischen Planes der Einrichtung des \u201eErholungszentrum Kne\u017eevi Vinogradi\/Rekreacijski centar Kne\u017eevi Vinogradi\u201c (Amtsblatt 7\/08), zu erg\u00e4nzen<\/p>\n<p><strong>Der dritte Teil<\/strong>\u00a0der Wirtschaftszone wurde als Unterst\u00fctzung der Landwirtschaft geplant, f\u00fcr Objekte, die im Dienste der Landwirtshaft stehen, sowie der im ersten Teil geplanten T\u00e4tigkeiten, sollte er sich f\u00fcllen, werden die Parzellen laut Lokationsgenehmigung geteilt.<\/p>\n<hr \/>\n<h3><strong>Ausstattung der Gesch\u00e4fts- und Unternehmerzone:<\/strong><\/h3>\n<p>\u2013 volkommen mit kommunaler Infrastruktur ausgestatteter (Stra\u00dfe, Wasser, Strom, Entw\u00e4sserung) Raum des ersten und zweiten Teiles auf eine Fl\u00e4che von cca 5 ha, deren Parzellen auch heute unter g\u00fcnstigen Bedingungen zum Verkauf frei sind (letztendlich ist der Preis mit Unterst\u00fctzung\u00a0 von 7,00\/kn\/m\u00b2).<\/p>\n<hr \/>\n<h3><strong>Ma\u00dfnahmen zur\u00a0 F\u00f6rderung der Investitionen in\u00a0 die Gesch\u00e4fts- und Unternehmer sowie Erholungszone \u00a0Kne\u017eevi Vinogradi:<\/strong><\/h3>\n<p>Ma\u00dfnahme 1. \u2013 Kauf des Grundst\u00fcckes mit Subvention des Preises bis zu 50 %<br \/>\nMa\u00dfnahme 2. \u2013 Kauf des Grundst\u00fcckes mit Ratenzahlungsm\u00f6glichkeit<br \/>\nMa\u00dfnahme 3. \u2013 Befreiung von der Zahlung der Kommunalbeitr\u00e4ge<br \/>\nMa\u00dfnahme 4. \u2013 Befreiung von der Zahlung der Kommunalgeb\u00fchren<br \/>\nMa\u00dfnahme 5. \u2013 Befreiung von der Zahlung der Gemeindesteuern<br \/>\nMa\u00dfnahme 6. \u2013 Befreiung von der Zahlung der Geb\u00fchren f\u00fcr den Anschluss an die kommunale Infrastruktur<br \/>\nMa\u00dfnahme 7. \u2013 Mitfinanzierung der Zinse f\u00fcr die Kredite<br \/>\nMa\u00dfnahme 8. \u2013 sonstige Befreiungen aufgrund gesetzlicher Vorschriften<\/p>\n<hr \/>\n<h3><strong>Das Verfahren und die Bedingungen zum Eintritt in die Zone:<\/strong><\/h3>\n<p>F\u00fcr jegliche Information betreffend der Investitionen in die Gesch\u00e4fts- und Unternehmer- \u00a0sowie Erholungszone Kne\u017eevi Vinogradi steht\u00a0 jeden Werktag \u00a0(Mo.-Fr.) von\u00a0 7,00 bis 15,00 Uhr die\u00a0 Gemeinde Kne\u017eevi Vinogradi oder das Kontaktelefon und \u00a0die E-Mail zu Verf\u00fcgung.<\/p>\n<p>Im Weiteren ver\u00f6ffentlichen wir den immer Offenen Aufruf sowie die Parzellenliste, die momentan im Angebot und Investitionsfrei sind.<\/p>\n<ul>\n<li><a href=\"https:\/\/knezevi-vinogradi.hr\/wp-content\/uploads\/2016\/06\/OTVORENI-POZIV.pdf\" target=\"_blank\">OFFENER AUFRUF<\/a>\u00a0(HR)<\/li>\n<li><a href=\"https:\/\/knezevi-vinogradi.hr\/wp-content\/uploads\/2015\/05\/popis-\u010destica.doc\">PARZELLENLISTE<\/a><\/li>\n<li><a href=\"https:\/\/knezevi-vinogradi.hr\/wp-content\/uploads\/2015\/05\/K.Vin_.-posl.-zona.pdf\" target=\"_blank\">Grundriss der Gesch\u00e4ftszone Poslovna zona<\/a><\/li>\n<li><a href=\"https:\/\/knezevi-vinogradi.hr\/wp-content\/uploads\/2013\/08\/PROGRAM-POTICAJA-I-OLAK\u0160ICA-U-PODUZETNI\u010cKOJ-ZONI-I.doc\" target=\"_blank\">Das Programm der F\u00f6rderungen und Erm\u00e4\u00dfigungen in der Gesch\u00e4fts-, Unternehmer und Erholungszone &#8211; HR<\/a><\/li>\n<\/ul>\n<hr \/>\n<h3><strong><u>Unternehmen in der Zone<\/u><\/strong><\/h3>\n<ul>\n<li>Das Unternehmen \u201cBor-plastika\u201d d.o.o.<\/li>\n<li>Das Unternehmen \u201cRABO\u201c d.o.o.<\/li>\n<li>Verein der Obstschnapsproduzenten \u2013 UPRIV<\/li>\n<li>Familienlandwirtschaft Svalina Mario<\/li>\n<\/ul>\n","protected":false},"excerpt":{"rendered":"<p>Die Gesch\u00e4fts- und Unternehmer- sowie Erholungszone der Gemeinde Kne\u017eevi Vinogradi umfasst eine Fl\u00e4che von \u00a056 ha 96a 31 m\u00b2. \u00a0Sie befindet sich s\u00fcdlich von\u00a0 Kne\u017eevi Vinogradi, an der \u00f6stlichen Seite der Stra\u00dfe Osijek-Bilje-Kne\u017eevi Vinogradi (\u017d 4042) \u00a0und der s\u00fcdlichen Seite der abgeschafften Bahnstrecke\u00a0 Beli Manastir\u2013Batina. Sie ist cca.\u00a0 30 Kilometer von der Grenze mit Ungarn [&hellip;]<\/p>\n","protected":false},"author":4,"featured_media":0,"parent":6907,"menu_order":0,"comment_status":"closed","ping_status":"closed","template":"","meta":[],"_links":{"self":[{"href":"https:\/\/knezevi-vinogradi.hr\/de\/wp-json\/wp\/v2\/pages\/6910\/"}],"collection":[{"href":"https:\/\/knezevi-vinogradi.hr\/de\/wp-json\/wp\/v2\/pages\/"}],"about":[{"href":"https:\/\/knezevi-vinogradi.hr\/de\/wp-json\/wp\/v2\/types\/page\/"}],"author":[{"embeddable":true,"href":"https:\/\/knezevi-vinogradi.hr\/de\/wp-json\/wp\/v2\/users\/4\/"}],"replies":[{"embeddable":true,"href":"https:\/\/knezevi-vinogradi.hr\/de\/wp-json\/wp\/v2\/comments\/?post=6910"}],"version-history":[{"count":5,"href":"https:\/\/knezevi-vinogradi.hr\/de\/wp-json\/wp\/v2\/pages\/6910\/revisions\/"}],"predecessor-version":[{"id":12070,"href":"https:\/\/knezevi-vinogradi.hr\/de\/wp-json\/wp\/v2\/pages\/6910\/revisions\/12070\/"}],"up":[{"embeddable":true,"href":"https:\/\/knezevi-vinogradi.hr\/de\/wp-json\/wp\/v2\/pages\/6907\/"}],"wp:attachment":[{"href":"https:\/\/knezevi-vinogradi.hr\/de\/wp-json\/wp\/v2\/media\/?parent=6910"}],"curies":[{"name":"wp","href":"https:\/\/api.w.org\/{rel}","templated":true}]}}