{"id":6913,"date":"2015-05-25T00:23:07","date_gmt":"2015-05-24T23:23:07","guid":{"rendered":"https:\/\/knezevi-vinogradi.hr\/?page_id=6913"},"modified":"2016-11-07T09:33:50","modified_gmt":"2016-11-07T08:33:50","slug":"bildung","status":"publish","type":"page","link":"https:\/\/knezevi-vinogradi.hr\/de\/die-gemeinde\/bildung\/","title":{"rendered":"Bildung"},"content":{"rendered":"<h3><em>Auf dem Gebiet der Gemeinde gibt es zwei zentrale Grundschulen \u2013 in Kne\u017eevi Vinogradi in kroatischer Sprache und in \u00a0Zmajevac in ungarischer Sprache sowie drei Ortsschulen in Karanac, Suza und Kotlina.<\/em><\/h3>\n<p><strong>Grundschule \u00a0Kne\u017eevi Vinogradi<br \/>\n<\/strong><span style=\"line-height: 1.5;\">Glavna 44, 31309 Kne\u017eevi Vinogradi<br \/>\n<\/span>Tel: 031\/730-661<br \/>\nE-Mail:\u00a0<a href=\"mailto:ured@os-knezevi-vinogradi.skole.hr\">ured@os-knezevi-vinogradi.skole.hr<\/a><br \/>\nWeb: \u00a0<a href=\"http:\/\/os-knezevi-vinogradi.skole.hr\/\">Osnovna \u0161kola Kne\u017eevi Vinogradi<\/a><\/p>\n<p><strong>Grundschule Zmajevac<br \/>\n<\/strong><span style=\"line-height: 1.5;\">\u0160portska 2a, 31307 Zmajevac<br \/>\n<\/span><span style=\"line-height: 1.5;\">Tel: 031\/734-393<br \/>\n<\/span><span style=\"line-height: 1.5;\">E-Mail:\u00a0<\/span><a style=\"line-height: 1.5;\" href=\"mailto:os-zmajevac@os-zmajevac.tcloud.hr\">os-zmajevac@os-zmajevac.tcloud.hr<br \/>\n<\/a>Web:\u00a0<a href=\"http:\/\/os-zmajevac.skole.hr\/\" target=\"_blank\">Osnovna \u0161kola Zmajevac<\/a><\/p>\n<p><strong>Grundschule \u00a0Suza<\/strong><strong><br \/>\n<\/strong>Trg A\u010d Gedeona 9, 31308 Suza<br \/>\nTel: 031\/733-116<\/p>\n","protected":false},"excerpt":{"rendered":"<p>Auf dem Gebiet der Gemeinde gibt es zwei zentrale Grundschulen \u2013 in Kne\u017eevi Vinogradi in kroatischer Sprache und in \u00a0Zmajevac in ungarischer Sprache sowie drei Ortsschulen in Karanac, Suza und Kotlina. Grundschule \u00a0Kne\u017eevi Vinogradi Glavna 44, 31309 Kne\u017eevi Vinogradi Tel: 031\/730-661 E-Mail:\u00a0ured@os-knezevi-vinogradi.skole.hr Web: \u00a0Osnovna \u0161kola Kne\u017eevi Vinogradi Grundschule Zmajevac \u0160portska 2a, 31307 Zmajevac Tel: 031\/734-393 [&hellip;]<\/p>\n","protected":false},"author":4,"featured_media":0,"parent":6869,"menu_order":0,"comment_status":"closed","ping_status":"open","template":"","meta":[],"_links":{"self":[{"href":"https:\/\/knezevi-vinogradi.hr\/de\/wp-json\/wp\/v2\/pages\/6913\/"}],"collection":[{"href":"https:\/\/knezevi-vinogradi.hr\/de\/wp-json\/wp\/v2\/pages\/"}],"about":[{"href":"https:\/\/knezevi-vinogradi.hr\/de\/wp-json\/wp\/v2\/types\/page\/"}],"author":[{"embeddable":true,"href":"https:\/\/knezevi-vinogradi.hr\/de\/wp-json\/wp\/v2\/users\/4\/"}],"replies":[{"embeddable":true,"href":"https:\/\/knezevi-vinogradi.hr\/de\/wp-json\/wp\/v2\/comments\/?post=6913"}],"version-history":[{"count":3,"href":"https:\/\/knezevi-vinogradi.hr\/de\/wp-json\/wp\/v2\/pages\/6913\/revisions\/"}],"predecessor-version":[{"id":9100,"href":"https:\/\/knezevi-vinogradi.hr\/de\/wp-json\/wp\/v2\/pages\/6913\/revisions\/9100\/"}],"up":[{"embeddable":true,"href":"https:\/\/knezevi-vinogradi.hr\/de\/wp-json\/wp\/v2\/pages\/6869\/"}],"wp:attachment":[{"href":"https:\/\/knezevi-vinogradi.hr\/de\/wp-json\/wp\/v2\/media\/?parent=6913"}],"curies":[{"name":"wp","href":"https:\/\/api.w.org\/{rel}","templated":true}]}}