{"id":6925,"date":"2015-05-25T21:09:53","date_gmt":"2015-05-25T20:09:53","guid":{"rendered":"https:\/\/knezevi-vinogradi.hr\/?page_id=6925"},"modified":"2016-01-15T20:51:43","modified_gmt":"2016-01-15T19:51:43","slug":"exekutivkorperschaft","status":"publish","type":"page","link":"https:\/\/knezevi-vinogradi.hr\/de\/organisation\/exekutivkorperschaft\/","title":{"rendered":"Exekutivk\u00f6rperschaft"},"content":{"rendered":"<p>Nositelj izvr\u0161ne vlasti Op\u0107ine je na\u010delnik, te uz njega zamjenici na\u010delnika. U obavljaju izvr\u0161ne vlasti op\u0107inski na\u010delnik:<\/p>\n<ul>\n<li>priprema prijedloge op\u0107ih akata,<\/li>\n<li>izvr\u0161ava i osigurava izvr\u0161avanje op\u0107ih akata Op\u0107inskog vije\u0107a<\/li>\n<li>utvr\u0111uje prijedlog prora\u010duna Op\u0107ine i izvr\u0161enje prora\u010duna<\/li>\n<li>upravlja nekretninama, pokretninama i imovinskim pravima u vlasni\u0161tvu Op\u0107ine u skladu sa zakonom, Statutom i op\u0107im aktom Op\u0107inskog vije\u0107a<\/li>\n<li>odlu\u010duje o stjecanju i otu\u0111enju pokretnina i nekretnina Op\u0107ine Kne\u017eevi Vinogradi i raspolaganju ostalom imovinom u skladu s zakonskim i podzakonskim propisima, Statutom i posebnim propisima, \u010dija pojedina\u010dna vrijednost ne prelazi 0,5% iznosa prihoda bez primitaka ostvarenih u godini koja prethodi godini u kojoj se odlu\u010duje o stjecanju i otu\u0111ivanju pokretnina i nekretnina, odnosno raspolaganju ostalom imovinom, a najvi\u0161e do 1.000.000 kuna, a ako je taj iznos manji od 70.000,00 kn, tada mo\u017ee odlu\u010divati najvi\u0161e do 70.000,00 kn, ako je stjecanje i otu\u0111ivanje nekretnina i pokretnina, te raspolaganje ostalom imovinom planirano u prora\u010dunu i provedeno u skladu sa zakonskim propisima,<\/li>\n<li>upravlja prihodima i rashodima Op\u0107ine,<\/li>\n<li>upravlja raspolo\u017eivim nov\u010danim sredstvima na ra\u010dunu prora\u010duna Op\u0107ine,<\/li>\n<li>donosi pravilnik o unutarnjem redu za upravna tijela Op\u0107ine,<\/li>\n<li>imenuje i razrje\u0161ava pro\u010delnike upravnih tijela,<\/li>\n<li>imenuje i razrje\u0161ava unutarnjeg revizora,<\/li>\n<li>utvr\u0111uje plan prijma u slu\u017ebu u upravna tijela Op\u0107ine,<\/li>\n<li>predla\u017ee izradu prostornog plana kao i njegove izmjene i dopune na temelju obrazlo\u017eenih i argumentiranih prijedloga fizi\u010dkih i pravnih osoba,<\/li>\n<li>usmjerava djelovanje upravnih odjela i slu\u017ebi Op\u0107ine u obavljanju poslova iz samoupravnog djelokruga Op\u0107ine, odnosno poslova dr\u017eavne uprave, ako su preneseni na Op\u0107inu,<\/li>\n<li>razmatra i utvr\u0111uje kona\u010dni prijedlog prostornog plana,<\/li>\n<li>imenuje i razrje\u0161ava upravitelja vlastitog pogona,<\/li>\n<li>donosi odluku o objavi prikupljanja ponuda ili raspisivanja natje\u010daja za obavljanje komunalnih djelatnosti,<\/li>\n<li>sklapa ugovor o koncesiji za obavljanje komunalnih djelatnosti,<\/li>\n<li>donosi odluku o objavi prikupljanja ponuda ili raspisivanju natje\u010daja za obavljanje komunalnih djelatnosti na temelju ugovora i sklapa ugovor o povjeravanju poslova,<\/li>\n<li>daje prethodnu suglasnost na izmjenu cijena komunalnih usluga,<\/li>\n<li>imenuje i razrje\u0161ava predstavnike Op\u0107ine u tijelima javnih ustanova i drugih pravnih osoba kojima je Op\u0107ina osniva\u010d, odnosno u kojima ima dionice ili udjele u vlasni\u0161tvu,<\/li>\n<li>do kraja o\u017eujka teku\u0107e godine podnosi Op\u0107inskom vije\u0107u izvje\u0161\u0107e o izvr\u0161enju Programa odr\u017eavanja komunalne infrastrukture i Programu gradnje objekata i ure\u0111aja komunalne infrastrukture za prethodnu godinu,<\/li>\n<li>provodi postupak natje\u010daja i donosi odluku o najpovoljnijoj ponudi za davanje u zakup poslovnog prostora u vlasni\u0161tvu Op\u0107ine, u skladu s posebnom odlukom Op\u0107inskog vije\u0107a o poslovnim prostorima,<\/li>\n<li>donosi odluku o ure\u0111enju prometa i parkiranja na podru\u010dju Op\u0107ine,<\/li>\n<li>organizira za\u0161titu od po\u017eara na podru\u010dju Op\u0107ine i vodi brigu o uspje\u0161nom provo\u0111enju i poduzimanju mjera za unapre\u0111enje za\u0161tite od po\u017eara,<\/li>\n<li>nadzire rad upravnih odjela i slu\u017ebi u samoupravnom djelokrugu i poslovima dr\u017eavne uprave,<\/li>\n<li>daje mi\u0161ljenje o prijedlozima koje podnose drugi ovla\u0161teni predlagatelji,<\/li>\n<li>obavlja nadzor nad zakonito\u0161\u0107u rada tijela mjesnih odbora,<\/li>\n<li>obavlja i druge poslove predvi\u0111ene Statutom i drugim propisima.<\/li>\n<\/ul>\n","protected":false},"excerpt":{"rendered":"<p>Nositelj izvr\u0161ne vlasti Op\u0107ine je na\u010delnik, te uz njega zamjenici na\u010delnika. U obavljaju izvr\u0161ne vlasti op\u0107inski na\u010delnik: priprema prijedloge op\u0107ih akata, izvr\u0161ava i osigurava izvr\u0161avanje op\u0107ih akata Op\u0107inskog vije\u0107a utvr\u0111uje prijedlog prora\u010duna Op\u0107ine i izvr\u0161enje prora\u010duna upravlja nekretninama, pokretninama i imovinskim pravima u vlasni\u0161tvu Op\u0107ine u skladu sa zakonom, Statutom i op\u0107im aktom Op\u0107inskog vije\u0107a [&hellip;]<\/p>\n","protected":false},"author":4,"featured_media":0,"parent":6922,"menu_order":0,"comment_status":"closed","ping_status":"closed","template":"","meta":[],"_links":{"self":[{"href":"https:\/\/knezevi-vinogradi.hr\/de\/wp-json\/wp\/v2\/pages\/6925\/"}],"collection":[{"href":"https:\/\/knezevi-vinogradi.hr\/de\/wp-json\/wp\/v2\/pages\/"}],"about":[{"href":"https:\/\/knezevi-vinogradi.hr\/de\/wp-json\/wp\/v2\/types\/page\/"}],"author":[{"embeddable":true,"href":"https:\/\/knezevi-vinogradi.hr\/de\/wp-json\/wp\/v2\/users\/4\/"}],"replies":[{"embeddable":true,"href":"https:\/\/knezevi-vinogradi.hr\/de\/wp-json\/wp\/v2\/comments\/?post=6925"}],"version-history":[{"count":1,"href":"https:\/\/knezevi-vinogradi.hr\/de\/wp-json\/wp\/v2\/pages\/6925\/revisions\/"}],"predecessor-version":[{"id":6926,"href":"https:\/\/knezevi-vinogradi.hr\/de\/wp-json\/wp\/v2\/pages\/6925\/revisions\/6926\/"}],"up":[{"embeddable":true,"href":"https:\/\/knezevi-vinogradi.hr\/de\/wp-json\/wp\/v2\/pages\/6922\/"}],"wp:attachment":[{"href":"https:\/\/knezevi-vinogradi.hr\/de\/wp-json\/wp\/v2\/media\/?parent=6925"}],"curies":[{"name":"wp","href":"https:\/\/api.w.org\/{rel}","templated":true}]}}