{"id":6928,"date":"2015-05-25T13:23:07","date_gmt":"2015-05-25T11:23:07","guid":{"rendered":"https:\/\/knezevi-vinogradi.hr\/?page_id=6928"},"modified":"2025-06-17T12:30:35","modified_gmt":"2025-06-17T10:30:35","slug":"gemeindevorstand","status":"publish","type":"page","link":"https:\/\/knezevi-vinogradi.hr\/de\/organisation\/exekutivkorperschaft\/gemeindevorstand\/","title":{"rendered":"Gemeindevorstand"},"content":{"rendered":"<p>Der Gemeindevorstand vertritt die Gemeinde und ist Tr\u00e4ger der Exekutivverwaltung\u00a0 der Gemeinde. In der Gemeinde Kne\u017eevi Vinogradi hat der Gemeindevorstand, mit\u00a0 R\u00fccksicht auf die nationale Zusammensetzung der Bewohnerschaft, einen Stellvertreter und noch zwei Stellvertreter\u00a0 aus den Reihen des kroatischen Volkes und der serbischen nationalen Minderheit, also insgesamt 3 Stellvertreter.<\/p>\n<p>Der Gemeindevorstand ist verantwortlich f\u00fcr die verfassungs- und gesetzgem\u00e4\u00dfe Durchf\u00fchrung der Angelegenheiten aus seinem Wirkungskreis sowie f\u00fcr die verfassungs- und gesetzm\u00e4\u00dfige Akte der Verwaltungsk\u00f6rperschaften.<\/p>\n<p>Das Mandat des Gemeindevorstandes dauert 4 Jahre.\u00a0Der Gemeindevorstand wird durch unmittelbare Geheimwahl gew\u00e4hlt.<\/p>\n<p>Bei den Wahlen f\u00fcr\u00a0 <strong>den Gemeindevorstand <\/strong>\u00a0im Mai\u00a0 2025 wurde \u00a0<strong>Vedran Kramari\u0107, mag.iur<\/strong>.<strong>\u00a0<\/strong>gew\u00e4hlt.<\/p>\n<ul>\n<li><u><a href=\"https:\/\/knezevi-vinogradi.hr\/de\/wort-des-gemeindevorstandes\/\" target=\"_blank\" rel=\"noopener noreferrer\">Wort des Gemeindevorstandes<\/a><\/u><\/li>\n<\/ul>\n<h2><\/h2>\n","protected":false},"excerpt":{"rendered":"<p>Der Gemeindevorstand vertritt die Gemeinde und ist Tr\u00e4ger der Exekutivverwaltung\u00a0 der Gemeinde. In der Gemeinde Kne\u017eevi Vinogradi hat der Gemeindevorstand, mit\u00a0 R\u00fccksicht auf die nationale Zusammensetzung der Bewohnerschaft, einen Stellvertreter und noch zwei Stellvertreter\u00a0 aus den Reihen des kroatischen Volkes und der serbischen nationalen Minderheit, also insgesamt 3 Stellvertreter. Der Gemeindevorstand ist verantwortlich f\u00fcr die [&hellip;]<\/p>\n","protected":false},"author":4,"featured_media":0,"parent":6925,"menu_order":0,"comment_status":"closed","ping_status":"open","template":"","meta":[],"_links":{"self":[{"href":"https:\/\/knezevi-vinogradi.hr\/de\/wp-json\/wp\/v2\/pages\/6928\/"}],"collection":[{"href":"https:\/\/knezevi-vinogradi.hr\/de\/wp-json\/wp\/v2\/pages\/"}],"about":[{"href":"https:\/\/knezevi-vinogradi.hr\/de\/wp-json\/wp\/v2\/types\/page\/"}],"author":[{"embeddable":true,"href":"https:\/\/knezevi-vinogradi.hr\/de\/wp-json\/wp\/v2\/users\/4\/"}],"replies":[{"embeddable":true,"href":"https:\/\/knezevi-vinogradi.hr\/de\/wp-json\/wp\/v2\/comments\/?post=6928"}],"version-history":[{"count":5,"href":"https:\/\/knezevi-vinogradi.hr\/de\/wp-json\/wp\/v2\/pages\/6928\/revisions\/"}],"predecessor-version":[{"id":64192,"href":"https:\/\/knezevi-vinogradi.hr\/de\/wp-json\/wp\/v2\/pages\/6928\/revisions\/64192\/"}],"up":[{"embeddable":true,"href":"https:\/\/knezevi-vinogradi.hr\/de\/wp-json\/wp\/v2\/pages\/6925\/"}],"wp:attachment":[{"href":"https:\/\/knezevi-vinogradi.hr\/de\/wp-json\/wp\/v2\/media\/?parent=6928"}],"curies":[{"name":"wp","href":"https:\/\/api.w.org\/{rel}","templated":true}]}}