{"id":6938,"date":"2016-01-15T21:09:44","date_gmt":"2016-01-15T19:09:44","guid":{"rendered":"https:\/\/knezevi-vinogradi.hr\/?page_id=6938"},"modified":"2016-01-15T21:10:46","modified_gmt":"2016-01-15T20:10:46","slug":"gemeindeverwaltung","status":"publish","type":"page","link":"https:\/\/knezevi-vinogradi.hr\/de\/organisation\/gemeindeverwaltung\/","title":{"rendered":"Gemeindeverwaltung"},"content":{"rendered":"<p>Die einheitliche Verwaltungsabteilung \u00fcbt die T\u00e4tigkeiten aus dem Wirkungskreis der Selbstverwaltung\u00a0 der Gemeinde als einer Einheit der lokalen Selbstverwaltung gem\u00e4\u00df Gesetz\u00a0 und sonstigen Vorschriften\u00a0 aus, und zwar:\u00a0T\u00e4tigkeiten aus dem Bereich der Gesellschaftst\u00e4tigkeiten, der Kommunalverwaltung, der Raumeinrichtung und des Umweltschutzes, der Aktenvorbereitung bei der Verwaltung der Immobilien im Besitze der Gemeinde, der Leitung von finanzieller und materieller Gesch\u00e4ftsf\u00fchrung der Gemeinde, der Allgemeinverwaltung der Gemeinde und der Kaderangelegenheiten, der F\u00f6rderung\u00a0 lokaler Selbstverwaltungen und der T\u00e4tigkeit der\u00a0 Ortsaussch\u00fcsse.<\/p>\n","protected":false},"excerpt":{"rendered":"<p>Die einheitliche Verwaltungsabteilung \u00fcbt die T\u00e4tigkeiten aus dem Wirkungskreis der Selbstverwaltung\u00a0 der Gemeinde als einer Einheit der lokalen Selbstverwaltung gem\u00e4\u00df Gesetz\u00a0 und sonstigen Vorschriften\u00a0 aus, und zwar:\u00a0T\u00e4tigkeiten aus dem Bereich der Gesellschaftst\u00e4tigkeiten, der Kommunalverwaltung, der Raumeinrichtung und des Umweltschutzes, der Aktenvorbereitung bei der Verwaltung der Immobilien im Besitze der Gemeinde, der Leitung von finanzieller und [&hellip;]<\/p>\n","protected":false},"author":4,"featured_media":0,"parent":6922,"menu_order":0,"comment_status":"closed","ping_status":"closed","template":"","meta":[],"_links":{"self":[{"href":"https:\/\/knezevi-vinogradi.hr\/de\/wp-json\/wp\/v2\/pages\/6938\/"}],"collection":[{"href":"https:\/\/knezevi-vinogradi.hr\/de\/wp-json\/wp\/v2\/pages\/"}],"about":[{"href":"https:\/\/knezevi-vinogradi.hr\/de\/wp-json\/wp\/v2\/types\/page\/"}],"author":[{"embeddable":true,"href":"https:\/\/knezevi-vinogradi.hr\/de\/wp-json\/wp\/v2\/users\/4\/"}],"replies":[{"embeddable":true,"href":"https:\/\/knezevi-vinogradi.hr\/de\/wp-json\/wp\/v2\/comments\/?post=6938"}],"version-history":[{"count":1,"href":"https:\/\/knezevi-vinogradi.hr\/de\/wp-json\/wp\/v2\/pages\/6938\/revisions\/"}],"predecessor-version":[{"id":6939,"href":"https:\/\/knezevi-vinogradi.hr\/de\/wp-json\/wp\/v2\/pages\/6938\/revisions\/6939\/"}],"up":[{"embeddable":true,"href":"https:\/\/knezevi-vinogradi.hr\/de\/wp-json\/wp\/v2\/pages\/6922\/"}],"wp:attachment":[{"href":"https:\/\/knezevi-vinogradi.hr\/de\/wp-json\/wp\/v2\/media\/?parent=6938"}],"curies":[{"name":"wp","href":"https:\/\/api.w.org\/{rel}","templated":true}]}}