{"id":6948,"date":"2015-05-25T23:49:40","date_gmt":"2015-05-25T22:49:40","guid":{"rendered":"https:\/\/knezevi-vinogradi.hr\/?page_id=6948"},"modified":"2016-01-15T21:22:54","modified_gmt":"2016-01-15T20:22:54","slug":"rate-der-nationalen-minderheiten","status":"publish","type":"page","link":"https:\/\/knezevi-vinogradi.hr\/de\/organisation\/rate-der-nationalen-minderheiten\/","title":{"rendered":"R\u00e4te der nationalen Minderheiten"},"content":{"rendered":"<p>Auf dem Gebiete der Gemeinde Kne\u017eevi Vinogradi \u00a0wurden bei den Wahlen f\u00fcr die R\u00e4te der nationalen Minderheiten im Jahre 2015 zwei R\u00e4te gew\u00e4hlt: der Rat der\u00a0 ungarischen nationalen Minderheit und der Rat der serbischen nationalen Minderheit.<\/p>\n<p>Die deutsche nationale Minderheit hatte auf dem Gebiete\u00a0 der Gemeinde \u00a0Kne\u017eevi Vinogradi bis zu den Wahlen im Jahr\u00a0 2015 ihren Vertreter. Von\u00a0 2011 -2015 wurde dieses Amt von \u00a0Albert Antun ausge\u00fcbt und von\u00a0 2007 \u2013 2011 von \u00a0Josip Kromer. Von\u00a0 2003 \u2013 2007 hatte\u00a0 die deutsche nationale Minderheit ihren Rat, dessen Mitglieder \u00a0Albert Antun, Friedl Vilmo\u0161, Geli Jo\u017eef, Kromer Josip, Rickert Bela, Schot \u0110ula waren.<\/p>\n","protected":false},"excerpt":{"rendered":"<p>Auf dem Gebiete der Gemeinde Kne\u017eevi Vinogradi \u00a0wurden bei den Wahlen f\u00fcr die R\u00e4te der nationalen Minderheiten im Jahre 2015 zwei R\u00e4te gew\u00e4hlt: der Rat der\u00a0 ungarischen nationalen Minderheit und der Rat der serbischen nationalen Minderheit. Die deutsche nationale Minderheit hatte auf dem Gebiete\u00a0 der Gemeinde \u00a0Kne\u017eevi Vinogradi bis zu den Wahlen im Jahr\u00a0 2015 [&hellip;]<\/p>\n","protected":false},"author":4,"featured_media":0,"parent":6922,"menu_order":0,"comment_status":"closed","ping_status":"open","template":"","meta":[],"_links":{"self":[{"href":"https:\/\/knezevi-vinogradi.hr\/de\/wp-json\/wp\/v2\/pages\/6948\/"}],"collection":[{"href":"https:\/\/knezevi-vinogradi.hr\/de\/wp-json\/wp\/v2\/pages\/"}],"about":[{"href":"https:\/\/knezevi-vinogradi.hr\/de\/wp-json\/wp\/v2\/types\/page\/"}],"author":[{"embeddable":true,"href":"https:\/\/knezevi-vinogradi.hr\/de\/wp-json\/wp\/v2\/users\/4\/"}],"replies":[{"embeddable":true,"href":"https:\/\/knezevi-vinogradi.hr\/de\/wp-json\/wp\/v2\/comments\/?post=6948"}],"version-history":[{"count":1,"href":"https:\/\/knezevi-vinogradi.hr\/de\/wp-json\/wp\/v2\/pages\/6948\/revisions\/"}],"predecessor-version":[{"id":6949,"href":"https:\/\/knezevi-vinogradi.hr\/de\/wp-json\/wp\/v2\/pages\/6948\/revisions\/6949\/"}],"up":[{"embeddable":true,"href":"https:\/\/knezevi-vinogradi.hr\/de\/wp-json\/wp\/v2\/pages\/6922\/"}],"wp:attachment":[{"href":"https:\/\/knezevi-vinogradi.hr\/de\/wp-json\/wp\/v2\/media\/?parent=6948"}],"curies":[{"name":"wp","href":"https:\/\/api.w.org\/{rel}","templated":true}]}}