{"id":6954,"date":"2015-05-25T23:52:51","date_gmt":"2015-05-25T21:52:51","guid":{"rendered":"https:\/\/knezevi-vinogradi.hr\/?page_id=6954"},"modified":"2016-01-15T21:25:35","modified_gmt":"2016-01-15T20:25:35","slug":"rat-der-serbischen-nationalen-minderheit","status":"publish","type":"page","link":"https:\/\/knezevi-vinogradi.hr\/de\/organisation\/rate-der-nationalen-minderheiten\/rat-der-serbischen-nationalen-minderheit\/","title":{"rendered":"Rat der serbischen nationalen Minderheit"},"content":{"rendered":"<p>Der Rat der serbischen nationalen Minderheit in der Gemeinde Kne\u017eevi Vinogradi ist eine Non-Profitrechtsperson, gegr\u00fcndet mit dem Ziel der F\u00f6rderung, Deklaration und des Schutzes der serbischen nationalen\u00a0 Minderheit in der Gemeinde \u00a0Kne\u017eevi Vinogradi.<\/p>\n","protected":false},"excerpt":{"rendered":"<p>Der Rat der serbischen nationalen Minderheit in der Gemeinde Kne\u017eevi Vinogradi ist eine Non-Profitrechtsperson, gegr\u00fcndet mit dem Ziel der F\u00f6rderung, Deklaration und des Schutzes der serbischen nationalen\u00a0 Minderheit in der Gemeinde \u00a0Kne\u017eevi Vinogradi.<\/p>\n","protected":false},"author":4,"featured_media":0,"parent":6948,"menu_order":1,"comment_status":"closed","ping_status":"closed","template":"","meta":[],"_links":{"self":[{"href":"https:\/\/knezevi-vinogradi.hr\/de\/wp-json\/wp\/v2\/pages\/6954\/"}],"collection":[{"href":"https:\/\/knezevi-vinogradi.hr\/de\/wp-json\/wp\/v2\/pages\/"}],"about":[{"href":"https:\/\/knezevi-vinogradi.hr\/de\/wp-json\/wp\/v2\/types\/page\/"}],"author":[{"embeddable":true,"href":"https:\/\/knezevi-vinogradi.hr\/de\/wp-json\/wp\/v2\/users\/4\/"}],"replies":[{"embeddable":true,"href":"https:\/\/knezevi-vinogradi.hr\/de\/wp-json\/wp\/v2\/comments\/?post=6954"}],"version-history":[{"count":1,"href":"https:\/\/knezevi-vinogradi.hr\/de\/wp-json\/wp\/v2\/pages\/6954\/revisions\/"}],"predecessor-version":[{"id":6955,"href":"https:\/\/knezevi-vinogradi.hr\/de\/wp-json\/wp\/v2\/pages\/6954\/revisions\/6955\/"}],"up":[{"embeddable":true,"href":"https:\/\/knezevi-vinogradi.hr\/de\/wp-json\/wp\/v2\/pages\/6948\/"}],"wp:attachment":[{"href":"https:\/\/knezevi-vinogradi.hr\/de\/wp-json\/wp\/v2\/media\/?parent=6954"}],"curies":[{"name":"wp","href":"https:\/\/api.w.org\/{rel}","templated":true}]}}