{"id":6957,"date":"2015-05-26T00:15:19","date_gmt":"2015-05-25T22:15:19","guid":{"rendered":"https:\/\/knezevi-vinogradi.hr\/?page_id=6957"},"modified":"2024-09-13T11:47:41","modified_gmt":"2024-09-13T09:47:41","slug":"poveznice","status":"publish","type":"page","link":"https:\/\/knezevi-vinogradi.hr\/de\/poveznice\/","title":{"rendered":"Poveznice"},"content":{"rendered":"<p>[vc_row][vc_column width=&#8221;1\/2&#8243;][vc_column_text]<\/p>\n<h3><strong>Baranja<\/strong><\/h3>\n<p><a href=\"http:\/\/www.tzbaranje.hr\/\" target=\"_blank\" rel=\"noopener noreferrer\">Turisti\u010dka zajednica Baranje<br \/>\n<\/a><a href=\"http:\/\/www.lag-baranja.hr\/\" target=\"_blank\" rel=\"noopener noreferrer\">LAG Baranja<br \/>\n<\/a><a href=\"https:\/\/www.bara-bm.hr\/\">Baranjska razvojna agencija Grada Belog Manastira<\/a><a href=\"http:\/\/www.pcbm.hr\/\" target=\"_blank\" rel=\"noopener noreferrer\"><br \/>\n<\/a><a href=\"http:\/\/www.baranjski-vodovod.hr\/\" target=\"_blank\" rel=\"noopener noreferrer\">Baranjski vodovod d.o.o.<br \/>\n<\/a><a href=\"http:\/\/baranjskacistoca.hr\/\" target=\"_blank\" rel=\"noopener noreferrer\">Baranjska \u010disto\u0107a d.o.o.<br \/>\n<\/a><a href=\"http:\/\/www.beli-manastir.hr\/\" target=\"_blank\" rel=\"noopener noreferrer\">Grad Beli Manastir<br \/>\n<\/a><a href=\"http:\/\/www.draz.hr\/\" target=\"_blank\" rel=\"noopener noreferrer\">Op\u0107ina Dra\u017e<br \/>\n<\/a><a href=\"http:\/\/petlovac.hr\/\" target=\"_blank\" rel=\"noopener noreferrer\">Op\u0107ina Petlovac<br \/>\n<\/a><a href=\"http:\/\/www.jagodnjak.hr\/\" target=\"_blank\" rel=\"noopener noreferrer\">Op\u0107ina Jagodnjak<br \/>\n<\/a><a href=\"http:\/\/darda.hr\/\" target=\"_blank\" rel=\"noopener noreferrer\">Op\u0107ina Darda<br \/>\n<\/a><a href=\"http:\/\/popovac.hr\/\" target=\"_blank\" rel=\"noopener noreferrer\">Op\u0107ina Popovac<br \/>\n<\/a><a href=\"http:\/\/www.bilje.hr\/\" target=\"_blank\" rel=\"noopener noreferrer\">Op\u0107ina Bilje<br \/>\n<\/a><\/p>\n<h3>Osje\u010dko-bar<strong>a<\/strong>njska \u017eupanija<\/h3>\n<p><a href=\"http:\/\/www.osijek.hr\/\" target=\"_blank\" rel=\"noopener noreferrer\">Osje\u010dko-baranjska \u017eupanija<br \/>\n<\/a><a href=\"http:\/\/www.osijek.hr\/\" target=\"_blank\" rel=\"noopener noreferrer\">Grad Osijek<\/a><a href=\"http:\/\/www.bilje.hr\/\" target=\"_blank\" rel=\"noopener noreferrer\"><br \/>\nRegionalna razvojna agencija Slavonije i Baranje<br \/>\n<\/a><\/p>\n<h3><strong>Lokalni i regionalni mediji<\/strong><\/h3>\n<p><a href=\"http:\/\/www.glas-slavonije.hr\" target=\"_blank\" rel=\"noopener noreferrer\">Glas Slavonije<br \/>\n<\/a><a href=\"http:\/\/www.radio-baranja.hr\/\" target=\"_blank\" rel=\"noopener noreferrer\">Radio Baranja<br \/>\n<\/a><a href=\"http:\/\/www.slavonski-radio.com\" target=\"_blank\" rel=\"noopener noreferrer\">Slavonski radio<br \/>\n<\/a><a href=\"http:\/\/www.baranjamedija.hr\/\" target=\"_blank\" rel=\"noopener noreferrer\">Baranja Medija<br \/>\n<\/a><a href=\"http:\/\/baranja.hr\/\" target=\"_blank\" rel=\"noopener noreferrer\">Baranja.hr<br \/>\n<\/a><a href=\"http:\/\/baranja.24info.hr\/\" target=\"_blank\" rel=\"noopener noreferrer\">Baranja 24 Info<br \/>\n<\/a><a href=\"http:\/\/www.smu-mesz.hr\/magyar-napl%C3%B3.html\" target=\"_blank\" rel=\"noopener noreferrer\">Horv\u00e1torsz\u00e1gi Magyar Napl\u00f3<br \/>\n<\/a><a href=\"http:\/\/www.huncro.hr\/\" target=\"_blank\" rel=\"noopener noreferrer\">\u00daj Magyar K\u00e9pes\u00a0\u00dajs\u00e1g<br \/>\n<\/a><a href=\"http:\/\/www.zvo.hr\/index.php?meni=11&amp;a=0\" target=\"_blank\" rel=\"noopener noreferrer\">Izvor<br \/>\n<\/a><a href=\"http:\/\/www.stv.hr\" target=\"_blank\" rel=\"noopener noreferrer\">Televizija Slavonije i Baranje<br \/>\n<\/a><a href=\"http:\/\/osjecka.com\/\" target=\"_blank\" rel=\"noopener noreferrer\">Osje\u010dka TV<\/a>[\/vc_column_text][\/vc_column][vc_column width=&#8221;1\/2&#8243;][vc_column_text]<\/p>\n<h3><strong>Vlada i ministarstva<\/strong><\/h3>\n<p><a href=\"http:\/\/www.vlada.hr\/\" target=\"_blank\" rel=\"noopener noreferrer\">Vlada Republike Hrvatske<\/a><br \/>\n<a href=\"http:\/\/www.sabor.hr\/\" target=\"_blank\" rel=\"noopener noreferrer\">Sabor Republike Hrvatske<\/a><br \/>\n<a href=\"http:\/\/www.predsjednik.hr\/\" target=\"_blank\" rel=\"noopener noreferrer\">Predsjednik Republike Hrvatske<\/a><\/p>\n<ul>\n<li><a href=\"https:\/\/mfin.gov.hr\/\" target=\"_self\" rel=\"noopener noreferrer\">Ministarstvo financija<\/a><\/li>\n<li><a href=\"https:\/\/mrosp.gov.hr\/\" target=\"_self\" rel=\"noopener noreferrer\">Ministarstvo rada, mirovinskoga sustava, obitelji i socijalne politike<\/a><\/li>\n<li><a href=\"https:\/\/morh.gov.hr\/\" target=\"_self\" rel=\"noopener noreferrer\">Ministarstvo obrane<\/a><\/li>\n<li><a href=\"https:\/\/mzom.gov.hr\/\">Ministarstvo znanosti, obrazovanja i mladih<\/a><\/li>\n<li><a href=\"https:\/\/mint.gov.hr\/\" target=\"_self\" rel=\"noopener noreferrer\">Ministarstvo turizma i sporta<\/a><\/li>\n<li><a href=\"https:\/\/mmpi.gov.hr\/\" target=\"_self\" rel=\"noopener noreferrer\">Ministarstvo mora, prometa i infrastrukture<\/a><\/li>\n<li><a href=\"https:\/\/poljoprivreda.gov.hr\/\" target=\"_self\" rel=\"noopener noreferrer\">Ministarstvo poljoprivrede, \u0161umarstva i ribarstva<\/a><\/li>\n<li><a href=\"https:\/\/mup.gov.hr\/\" target=\"_self\" rel=\"noopener noreferrer\">Ministarstvo unutarnjih poslova<\/a><\/li>\n<li><a href=\"https:\/\/gospodarstvo.gov.hr\/\" target=\"_self\" rel=\"noopener noreferrer\">Ministarstvo gospodarstva<\/a><\/li>\n<li><a href=\"https:\/\/mgipu.gov.hr\/\" target=\"_self\" rel=\"noopener noreferrer\">Ministarstvo prostornoga ure\u0111enja, graditeljstva i dr\u017eavne imovine<\/a><\/li>\n<li><a href=\"http:\/\/zdravlje.gov.hr\/\" target=\"_self\" rel=\"noopener noreferrer\">Ministarstvo zdravstva<\/a><\/li>\n<li><a href=\"https:\/\/pravosudje.gov.hr\/\" target=\"_self\" rel=\"noopener noreferrer\">Ministarstvo pravosu\u0111a, uprave i digitalne transformacije<\/a><\/li>\n<li><a href=\"https:\/\/branitelji.gov.hr\/\" target=\"_self\" rel=\"noopener noreferrer\">Ministarstvo hrvatskih branitelja<\/a><\/li>\n<li><a href=\"https:\/\/razvoj.gov.hr\/\" target=\"_self\" rel=\"noopener noreferrer\">Ministarstvo regionalnoga razvoja i fondova Europske unije<\/a><\/li>\n<li><a href=\"https:\/\/min-kulture.gov.hr\/\" target=\"_self\" rel=\"noopener noreferrer\">Ministarstvo kulture\u200b i medija<\/a><\/li>\n<li><a href=\"https:\/\/mvep.gov.hr\/\" target=\"_self\" rel=\"noopener noreferrer\">Ministarstvo vanjskih i europskih poslova<\/a><\/li>\n<li><a href=\"https:\/\/mzozt.gov.hr\/\">Ministarstvo za\u0161tite okoli\u0161a i zelene tranzicije<\/a><\/li>\n<li><a href=\"https:\/\/mdu.gov.hr\/\">Ministarstvo demografije i useljeni\u0161tva<\/a><\/li>\n<\/ul>\n<h3><strong>Dr\u017eavne upravne organizacije<\/strong><\/h3>\n<ul>\n<li><a href=\"https:\/\/demografijaimladi.gov.hr\/\" target=\"_self\" rel=\"noopener noreferrer\">Sredi\u0161nji dr\u017eavni ured za demografiju i mlade<\/a><\/li>\n<li><a href=\"https:\/\/hrvatiizvanrh.gov.hr\/\" target=\"_self\" rel=\"noopener noreferrer\">Sredi\u0161nji dr\u017eavni ured za Hrvate izvan Republike Hrvatske<\/a><\/li>\n<li><a href=\"https:\/\/sduosz.gov.hr\/\" target=\"_self\" rel=\"noopener noreferrer\">Sredi\u0161nji dr\u017eavni ured za obnovu i stambeno zbrinjavanje<\/a><\/li>\n<li><a href=\"https:\/\/rdd.gov.hr\/\" target=\"_self\" rel=\"noopener noreferrer\">Sredi\u0161nji dr\u017eavni ured za razvoj digitalnog dru\u0161tva<\/a><\/li>\n<li><a href=\"https:\/\/sredisnjanabava.gov.hr\/\" target=\"_self\" rel=\"noopener noreferrer\">Sredi\u0161nji dr\u017eavni ured za sredi\u0161nju javnu nabavu<\/a><\/li>\n<li><a href=\"https:\/\/inspektorat.gov.hr\/\" target=\"_self\" rel=\"noopener noreferrer\">Dr\u017eavni inspektorat<\/a><\/li>\n<li><a href=\"https:\/\/dzm.gov.hr\/\" target=\"_self\" rel=\"noopener noreferrer\">Dr\u017eavni zavod za mjeriteljstvo<\/a><\/li>\n<li><a href=\"https:\/\/dgu.gov.hr\/\" target=\"_self\" rel=\"noopener noreferrer\">Dr\u017eavna geodetska uprava<\/a><\/li>\n<li><a href=\"http:\/\/hvz.gov.hr\/\" target=\"_self\" rel=\"noopener noreferrer\">Hrvatska vatrogasna zajednica<\/a><\/li>\n<li><a href=\"http:\/\/meteo.hr\/\" target=\"_self\" rel=\"noopener noreferrer\">Dr\u017eavni hidrometeorolo\u0161ki zavod<\/a><\/li>\n<li><a href=\"http:\/\/www.dziv.hr\/\" target=\"_self\" rel=\"noopener noreferrer\">Dr\u017eavni zavod za intelektualno vlasni\u0161tvo<\/a><\/li>\n<li><a href=\"http:\/\/www.dzs.hr\/\" target=\"_self\" rel=\"noopener noreferrer\">Dr\u017eavni zavod za statistiku<\/a><\/li>\n<li><a href=\"http:\/\/www.porezna-uprava.hr\/\">Porezna uprava<\/a><\/li>\n<li><a href=\"http:\/\/sudreg.pravosudje.hr\/\">Sudski registar<\/a><\/li>\n<li><a href=\"http:\/\/www.hzz.hr\/\" target=\"_blank\" rel=\"noopener noreferrer\">Hrvatski zavod za zapo\u0161ljavanje<\/a><\/li>\n<li><a class=\"category\" href=\"http:\/\/www.mirovinsko.hr\/\" target=\"_blank\" rel=\"noopener noreferrer\">Hrvatski zavod za mirovinsko osiguranje<\/a><\/li>\n<li><a href=\"http:\/\/www.apprrr.hr\/\" target=\"_blank\" rel=\"noopener noreferrer\">Hrvatski zavod za zdravstveno osiguranje<\/a><\/li>\n<li><a href=\"http:\/\/www.apprrr.hr\/\" target=\"_blank\" rel=\"noopener noreferrer\">Hrvatska turisti\u010dka zajednica<\/a><\/li>\n<li><a href=\"http:\/\/www.apprrr.hr\/\" target=\"_blank\" rel=\"noopener noreferrer\">Agencija za pla\u0107anja u poljoprivredi, ribarstvu i ruralnom razvoju<\/a><\/li>\n<li><a href=\"http:\/\/www.hgk.hr\/\" target=\"_blank\" rel=\"noopener noreferrer\">Hrvatska gospodarska komora<\/a><\/li>\n<li><a href=\"http:\/\/www.hok.hr\/\" target=\"_blank\" rel=\"noopener noreferrer\">Hrvatska obrtni\u010dka komora<\/a><\/li>\n<li><a href=\"http:\/\/www.komora.hr\/\" target=\"_blank\" rel=\"noopener noreferrer\">Hrvatska poljoprivredna komora<\/a><\/li>\n<li><a class=\"category\" href=\"http:\/\/www.katastar.hr\/dgu\/\" target=\"_blank\" rel=\"noopener noreferrer\">Dr\u017eavna geodetska uprava &#8211; katastar<\/a><\/li>\n<li><a class=\"category\" href=\"http:\/\/e-izvadak.pravosudje.hr\/home.htm\" target=\"_blank\" rel=\"noopener noreferrer\">Sredi\u0161nja baza podataka zemlji\u0161noknji\u017enih odjela<\/a><\/li>\n<li><a href=\"http:\/\/www.dzs.hr\/\" target=\"_blank\" rel=\"noopener noreferrer\">Dr\u017eavni zavod za statistiku<\/a><\/li>\n<li><a href=\"http:\/\/www.duzs.hr\/\" target=\"_blank\" rel=\"noopener noreferrer\">Dr\u017eavna uprava za za\u0161titu i spa\u0161avanje<\/a><\/li>\n<li><a href=\"http:\/\/www.uzuvrh.hr\/defaulthrv.aspx\" target=\"_blank\" rel=\"noopener noreferrer\">Ured za Udruge<\/a><\/li>\n<li><a href=\"http:\/\/www.uljppnm.vlada.hr\/\" target=\"_blank\" rel=\"noopener noreferrer\">Ured za ljudska prava i prava nacionalnih manjina<\/a><\/li>\n<li><a href=\"http:\/\/www.digured.hr\/\" target=\"_blank\" rel=\"noopener noreferrer\">Digitalni informacijsko-dokumentacijski ured<\/a><\/li>\n<li><a href=\"http:\/\/www.savjetodavna.hr\/\" target=\"_blank\" rel=\"noopener noreferrer\">Savjetodavna slu\u017eba<\/a><\/li>\n<li><a href=\"http:\/\/www.savjet.nacionalne-manjine.info\/\" target=\"_blank\" rel=\"noopener noreferrer\">Savjet za nacionalne manjine<\/a><\/li>\n<li><a href=\"http:\/\/www.biznet.hr\/\" target=\"_blank\" rel=\"noopener noreferrer\">Biznet sustav HGK<\/a><\/li>\n<\/ul>\n<p>[\/vc_column_text][\/vc_column][\/vc_row]<\/p>\n","protected":false},"excerpt":{"rendered":"<p>[vc_row][vc_column width=&#8221;1\/2&#8243;][vc_column_text] Baranja Turisti\u010dka zajednica Baranje LAG Baranja Baranjska razvojna agencija Grada Belog Manastira Baranjski vodovod d.o.o. Baranjska \u010disto\u0107a d.o.o. Grad Beli Manastir Op\u0107ina Dra\u017e Op\u0107ina Petlovac Op\u0107ina Jagodnjak Op\u0107ina Darda Op\u0107ina Popovac Op\u0107ina Bilje Osje\u010dko-baranjska \u017eupanija Osje\u010dko-baranjska \u017eupanija Grad Osijek Regionalna razvojna agencija Slavonije i Baranje Lokalni i regionalni mediji Glas Slavonije Radio Baranja [&hellip;]<\/p>\n","protected":false},"author":2,"featured_media":0,"parent":0,"menu_order":0,"comment_status":"closed","ping_status":"open","template":"","meta":[],"_links":{"self":[{"href":"https:\/\/knezevi-vinogradi.hr\/de\/wp-json\/wp\/v2\/pages\/6957\/"}],"collection":[{"href":"https:\/\/knezevi-vinogradi.hr\/de\/wp-json\/wp\/v2\/pages\/"}],"about":[{"href":"https:\/\/knezevi-vinogradi.hr\/de\/wp-json\/wp\/v2\/types\/page\/"}],"author":[{"embeddable":true,"href":"https:\/\/knezevi-vinogradi.hr\/de\/wp-json\/wp\/v2\/users\/2\/"}],"replies":[{"embeddable":true,"href":"https:\/\/knezevi-vinogradi.hr\/de\/wp-json\/wp\/v2\/comments\/?post=6957"}],"version-history":[{"count":7,"href":"https:\/\/knezevi-vinogradi.hr\/de\/wp-json\/wp\/v2\/pages\/6957\/revisions\/"}],"predecessor-version":[{"id":60101,"href":"https:\/\/knezevi-vinogradi.hr\/de\/wp-json\/wp\/v2\/pages\/6957\/revisions\/60101\/"}],"wp:attachment":[{"href":"https:\/\/knezevi-vinogradi.hr\/de\/wp-json\/wp\/v2\/media\/?parent=6957"}],"curies":[{"name":"wp","href":"https:\/\/api.w.org\/{rel}","templated":true}]}}