{"id":6958,"date":"2015-05-25T23:55:52","date_gmt":"2015-05-25T21:55:52","guid":{"rendered":"https:\/\/knezevi-vinogradi.hr\/?page_id=6958"},"modified":"2016-01-15T21:29:51","modified_gmt":"2016-01-15T20:29:51","slug":"rat-der-jugendlichen","status":"publish","type":"page","link":"https:\/\/knezevi-vinogradi.hr\/de\/organisation\/rat-der-jugendlichen\/","title":{"rendered":"Rat der Jugendlichen"},"content":{"rendered":"<p>Der Rat der Jugendlichen der Gemeinde Kne\u017eevi Vinogradi ist eine beratende Instanz des Gemeinderates, gegr\u00fcndet mit dem Ziel eines aktiven Anschlusses der Jugendlichen in das \u00f6ffentliche Leben der Gemeinde Kne\u017eevi Vinogradi.<\/p>\n<p>Rat der Jugendlichen &#8211; 2014.:<\/p>\n<ul>\n<li>Ru\u017eica Banovi\u0107<\/li>\n<li>Mihalj Kedve\u0161<\/li>\n<li>Tijana Mirkovi\u0107<\/li>\n<li>Ivona Palko<\/li>\n<li>Antonio \u0160uba<\/li>\n<\/ul>\n<p>Facebook: <a href=\"https:\/\/www.facebook.com\/pages\/Savjet-mladih-Op%C4%87ine-Kn-Vinogradi\/1549768718606450?fref=ts\" target=\"_blank\">Rat der Jugendlichen <\/a><\/p>\n","protected":false},"excerpt":{"rendered":"<p>Der Rat der Jugendlichen der Gemeinde Kne\u017eevi Vinogradi ist eine beratende Instanz des Gemeinderates, gegr\u00fcndet mit dem Ziel eines aktiven Anschlusses der Jugendlichen in das \u00f6ffentliche Leben der Gemeinde Kne\u017eevi Vinogradi. Rat der Jugendlichen &#8211; 2014.: Ru\u017eica Banovi\u0107 Mihalj Kedve\u0161 Tijana Mirkovi\u0107 Ivona Palko Antonio \u0160uba Facebook: Rat der Jugendlichen<\/p>\n","protected":false},"author":4,"featured_media":0,"parent":6922,"menu_order":5,"comment_status":"closed","ping_status":"open","template":"","meta":[],"_links":{"self":[{"href":"https:\/\/knezevi-vinogradi.hr\/de\/wp-json\/wp\/v2\/pages\/6958\/"}],"collection":[{"href":"https:\/\/knezevi-vinogradi.hr\/de\/wp-json\/wp\/v2\/pages\/"}],"about":[{"href":"https:\/\/knezevi-vinogradi.hr\/de\/wp-json\/wp\/v2\/types\/page\/"}],"author":[{"embeddable":true,"href":"https:\/\/knezevi-vinogradi.hr\/de\/wp-json\/wp\/v2\/users\/4\/"}],"replies":[{"embeddable":true,"href":"https:\/\/knezevi-vinogradi.hr\/de\/wp-json\/wp\/v2\/comments\/?post=6958"}],"version-history":[{"count":1,"href":"https:\/\/knezevi-vinogradi.hr\/de\/wp-json\/wp\/v2\/pages\/6958\/revisions\/"}],"predecessor-version":[{"id":6962,"href":"https:\/\/knezevi-vinogradi.hr\/de\/wp-json\/wp\/v2\/pages\/6958\/revisions\/6962\/"}],"up":[{"embeddable":true,"href":"https:\/\/knezevi-vinogradi.hr\/de\/wp-json\/wp\/v2\/pages\/6922\/"}],"wp:attachment":[{"href":"https:\/\/knezevi-vinogradi.hr\/de\/wp-json\/wp\/v2\/media\/?parent=6958"}],"curies":[{"name":"wp","href":"https:\/\/api.w.org\/{rel}","templated":true}]}}