{"id":6966,"date":"2015-05-25T21:39:26","date_gmt":"2015-05-25T19:39:26","guid":{"rendered":"https:\/\/knezevi-vinogradi.hr\/?page_id=6966"},"modified":"2016-01-15T21:33:02","modified_gmt":"2016-01-15T20:33:02","slug":"realisierung-des-rechtes-auf-zutritt-zu-informationen","status":"publish","type":"page","link":"https:\/\/knezevi-vinogradi.hr\/de\/organisation\/realisierung-des-rechtes-auf-zutritt-zu-informationen\/","title":{"rendered":"Realisierung des Rechtes auf Zutritt zu Informationen"},"content":{"rendered":"<p>Der Benutzer realisiert sein Recht auf Zutritt zu den Informationen durch\u00a0 Einreichung\u00a0 eines m\u00fcndlichen oder schriftlichen Antrages an die Gemeinde \u00a0Kne\u017eevi Vinogradi.<\/p>\n<p>Ein m\u00fcndlicher Antrag kann pers\u00f6nlich oder per Telefonnummer: 031\/730-938 (Zentrale) oder 031\/732-107 (dem Beamten f\u00fcr Informationen), sowie schriftlich:<\/p>\n<ul>\n<li>Per Post an die Adresse: Op\u0107ina Kne\u017eevi Vinogradi, Jedinstveni upravni odjel, Hrvatske Republike 3, \u00a031309 Kne\u017eevi Vinogradi oder<\/li>\n<li>An die E-Mail: <a href=\"mailto:opcina@knezevi-vinogradi.hr\" target=\"_blank\">opcina@knezevi-vinogradi.hr<\/a><\/li>\n<\/ul>\n<p>Die Beamtin\u00a0 f\u00fcr Informationen bei der Gemeinde Kne\u017eevi Vinogradi ist: \u017deljka Kolari\u0107.<\/p>\n","protected":false},"excerpt":{"rendered":"<p>Der Benutzer realisiert sein Recht auf Zutritt zu den Informationen durch\u00a0 Einreichung\u00a0 eines m\u00fcndlichen oder schriftlichen Antrages an die Gemeinde \u00a0Kne\u017eevi Vinogradi. Ein m\u00fcndlicher Antrag kann pers\u00f6nlich oder per Telefonnummer: 031\/730-938 (Zentrale) oder 031\/732-107 (dem Beamten f\u00fcr Informationen), sowie schriftlich: Per Post an die Adresse: Op\u0107ina Kne\u017eevi Vinogradi, Jedinstveni upravni odjel, Hrvatske Republike 3, \u00a031309 [&hellip;]<\/p>\n","protected":false},"author":4,"featured_media":0,"parent":6922,"menu_order":0,"comment_status":"closed","ping_status":"open","template":"","meta":[],"_links":{"self":[{"href":"https:\/\/knezevi-vinogradi.hr\/de\/wp-json\/wp\/v2\/pages\/6966\/"}],"collection":[{"href":"https:\/\/knezevi-vinogradi.hr\/de\/wp-json\/wp\/v2\/pages\/"}],"about":[{"href":"https:\/\/knezevi-vinogradi.hr\/de\/wp-json\/wp\/v2\/types\/page\/"}],"author":[{"embeddable":true,"href":"https:\/\/knezevi-vinogradi.hr\/de\/wp-json\/wp\/v2\/users\/4\/"}],"replies":[{"embeddable":true,"href":"https:\/\/knezevi-vinogradi.hr\/de\/wp-json\/wp\/v2\/comments\/?post=6966"}],"version-history":[{"count":1,"href":"https:\/\/knezevi-vinogradi.hr\/de\/wp-json\/wp\/v2\/pages\/6966\/revisions\/"}],"predecessor-version":[{"id":6967,"href":"https:\/\/knezevi-vinogradi.hr\/de\/wp-json\/wp\/v2\/pages\/6966\/revisions\/6967\/"}],"up":[{"embeddable":true,"href":"https:\/\/knezevi-vinogradi.hr\/de\/wp-json\/wp\/v2\/pages\/6922\/"}],"wp:attachment":[{"href":"https:\/\/knezevi-vinogradi.hr\/de\/wp-json\/wp\/v2\/media\/?parent=6966"}],"curies":[{"name":"wp","href":"https:\/\/api.w.org\/{rel}","templated":true}]}}