{"id":6969,"date":"2015-05-26T00:27:11","date_gmt":"2015-05-25T22:27:11","guid":{"rendered":"https:\/\/knezevi-vinogradi.hr\/?page_id=6969"},"modified":"2017-10-20T13:42:13","modified_gmt":"2017-10-20T12:42:13","slug":"der-kindergarten-zeko","status":"publish","type":"page","link":"https:\/\/knezevi-vinogradi.hr\/de\/institutionen-und-unternehmen\/der-kindergarten-zeko\/","title":{"rendered":"Der Kindergarten Zeko"},"content":{"rendered":"\n\t\t<style type=\"text\/css\">\n\t\t\t#gallery-1 {\n\t\t\t\tmargin: auto;\n\t\t\t}\n\t\t\t#gallery-1 .gallery-item {\n\t\t\t\tfloat: left;\n\t\t\t\tmargin-top: 10px;\n\t\t\t\ttext-align: center;\n\t\t\t\twidth: 100%;\n\t\t\t}\n\t\t\t#gallery-1 img {\n\t\t\t\tborder: 2px solid #cfcfcf;\n\t\t\t}\n\t\t\t#gallery-1 .gallery-caption {\n\t\t\t\tmargin-left: 0;\n\t\t\t}\n\t\t\t\/* see gallery_shortcode() in wp-includes\/media.php *\/\n\t\t<\/style>\n\t\t<div id='gallery-1' class='gallery galleryid-6969 gallery-columns-1 gallery-size-thumbnail'><dl class='gallery-item'>\n\t\t\t<dt class='gallery-icon landscape'>\n\t\t\t\t<a href='https:\/\/knezevi-vinogradi.hr\/wp-content\/uploads\/2015\/05\/zeko_grb1.jpg' title=\"\" data-rl_title=\"\" class=\"rl-gallery-link\" data-rl_caption=\"\" data-rel=\"lightbox-gallery-1\"><img width=\"150\" height=\"150\" src=\"https:\/\/knezevi-vinogradi.hr\/wp-content\/uploads\/2015\/05\/zeko_grb1-150x150.jpg\" class=\"attachment-thumbnail size-thumbnail\" alt=\"\" loading=\"lazy\" srcset=\"https:\/\/knezevi-vinogradi.hr\/wp-content\/uploads\/2015\/05\/zeko_grb1-150x150.jpg 150w, https:\/\/knezevi-vinogradi.hr\/wp-content\/uploads\/2015\/05\/zeko_grb1-480x480.jpg 480w, https:\/\/knezevi-vinogradi.hr\/wp-content\/uploads\/2015\/05\/zeko_grb1.jpg 484w\" sizes=\"(max-width: 150px) 100vw, 150px\" \/><\/a>\n\t\t\t<\/dt><\/dl><br style=\"clear: both\" \/>\n\t\t<\/div>\n\n<p>&nbsp;<\/p>\n<p>Der Kindergarten \u201eZeko\u201c ist eine Vorschulinstitution in welcher die Vorschulerziehung und \u2013Bildung realisiert wird und die Kinder im Vorschulalter von 3 Jahren bis zum Schulalter versorgt werden.\u00a0Es werden regelm\u00e4\u00dfige prim\u00e4re 6-st\u00fcndige und 10-st\u00fcndige Programme durchgef\u00fchrt, welche den Entwicklungsbed\u00fcrfnissen der Kinder angepasst sind. Ebenso wird ein besonderes Programm in der Arbeit mit den Kindern der ungarischen nationalen Minderheit durchgef\u00fchrt.<\/p>\n<p><a href=\"https:\/\/knezevi-vinogradi.hr\/galerije\/djecji-vrtic-zeko\/\" target=\"_blank\">GALLERIE<\/a><\/p>\n<h3><strong>Sitz und Zentralkindergarten \u2013 Kne\u017eevi Vinogradi<\/strong><\/h3>\n<p>Kindergarten \u00a0\u201eZeko\u201d<br \/>\nGlavna 84a<br \/>\nTelefon\/Fax: 031\/731-012<br \/>\nE-Mail:\u00a0<a href=\"mailto:dvzeko@net.hr\">dvzeko@net.hr<br \/>\n<\/a>Direktorin: Neda Prgomet<br \/>\nErzieherinnen: Gordana Tovjanin, Ksenija Kondi\u0107 und Viola Hajek<br \/>\nZwei Gruppen mit 47 Kinder:<\/p>\n<ul>\n<li>\u00e4ltere gemischte Gruppe von 24 Kinder<\/li>\n<li>j\u00fcngere gemischte Gruppe von 23 Kinder<\/li>\n<\/ul>\n<p>&nbsp;<\/p>\n<h3><strong>Ortskindergarten \u00a0Karanac<\/strong><\/h3>\n<p>Kolodvorska 106<br \/>\nTelefon: 031\/720-014<br \/>\nErzieherin: Nedeljka Horvat<br \/>\nGruppe: 1 gemischte Gruppe<br \/>\nAnzahl der Kinder: 18<\/p>\n<p>Den Kindergarten besuchen Kinder im Alter von 3 Jahren bis zum Schulalter. Das Programm in einer gemischten Gruppe ist prim\u00e4r\u00a0 6-st\u00fcndig.<\/p>\n<p>&nbsp;<\/p>\n<h3><strong>Ortskindergarten Suza<\/strong><\/h3>\n<p>\u0160andora Petefia 1<strong><br \/>\n<\/strong>Telefon: 031\/733-064<strong><br \/>\n<\/strong>Erzieherin: Natalija Dobsai<\/p>\n<p>Gruppe: 1 gemischte Gruppe<br \/>\nAnzahl der Kinder: 9<\/p>\n<p>Die Vorschulerziehung\u00a0 findet in einem selbst\u00e4ndigen Geb\u00e4ude im Besitze der Grundschule Zmajevac statt. Es gibt eine gemischte Gruppe im Alter von 3 Jahre bis zum Grundschulalter. Das Programm ist\u00a0 6-st\u00fcndig, die Arbeit in der Gruppe wird in der Sprache der ungarischen nationalen Minderheit \u00a0abgewickelt, mit Pflichtsprache Kroatisch, 10 Stunden w\u00f6chentlich.<\/p>\n<p>&nbsp;<\/p>\n<h3><strong>Ortskindergarten Zmajevac<\/strong><\/h3>\n<p>\u0160portska ulica 2A<strong><br \/>\n<\/strong>Erzieherin: Gabrijela Juhas<\/p>\n<p>Gruppe: 1 gemischte Gruppe<br \/>\nAnzahl der Kinder: 11<\/p>\n<p>Die Vorschulerziehung findet in einem zweckm\u00e4\u00dfigen Raum der Grundschule Zmajevac statt. Es gibt eine gemischte Kindergruppe ab 3 Jahre bis zum Grundschulalter. Das Programm ist\u00a0 6-st\u00fcndig, die Arbeit in der Gruppe wird in der Sprache der ungarischen nationalen Minderheit abgewickelt, mit Pflichtsprache Kroatisch, 10 Stunden w\u00f6chentlich.<\/p>\n<p>&nbsp;<\/p>\n","protected":false},"excerpt":{"rendered":"<p>&nbsp; Der Kindergarten \u201eZeko\u201c ist eine Vorschulinstitution in welcher die Vorschulerziehung und \u2013Bildung realisiert wird und die Kinder im Vorschulalter von 3 Jahren bis zum Schulalter versorgt werden.\u00a0Es werden regelm\u00e4\u00dfige prim\u00e4re 6-st\u00fcndige und 10-st\u00fcndige Programme durchgef\u00fchrt, welche den Entwicklungsbed\u00fcrfnissen der Kinder angepasst sind. Ebenso wird ein besonderes Programm in der Arbeit mit den Kindern der [&hellip;]<\/p>\n","protected":false},"author":4,"featured_media":0,"parent":6973,"menu_order":0,"comment_status":"closed","ping_status":"open","template":"","meta":[],"_links":{"self":[{"href":"https:\/\/knezevi-vinogradi.hr\/de\/wp-json\/wp\/v2\/pages\/6969\/"}],"collection":[{"href":"https:\/\/knezevi-vinogradi.hr\/de\/wp-json\/wp\/v2\/pages\/"}],"about":[{"href":"https:\/\/knezevi-vinogradi.hr\/de\/wp-json\/wp\/v2\/types\/page\/"}],"author":[{"embeddable":true,"href":"https:\/\/knezevi-vinogradi.hr\/de\/wp-json\/wp\/v2\/users\/4\/"}],"replies":[{"embeddable":true,"href":"https:\/\/knezevi-vinogradi.hr\/de\/wp-json\/wp\/v2\/comments\/?post=6969"}],"version-history":[{"count":6,"href":"https:\/\/knezevi-vinogradi.hr\/de\/wp-json\/wp\/v2\/pages\/6969\/revisions\/"}],"predecessor-version":[{"id":11108,"href":"https:\/\/knezevi-vinogradi.hr\/de\/wp-json\/wp\/v2\/pages\/6969\/revisions\/11108\/"}],"up":[{"embeddable":true,"href":"https:\/\/knezevi-vinogradi.hr\/de\/wp-json\/wp\/v2\/pages\/6973\/"}],"wp:attachment":[{"href":"https:\/\/knezevi-vinogradi.hr\/de\/wp-json\/wp\/v2\/media\/?parent=6969"}],"curies":[{"name":"wp","href":"https:\/\/api.w.org\/{rel}","templated":true}]}}