{"id":12784,"date":"2015-09-29T22:53:42","date_gmt":"2015-09-29T20:53:42","guid":{"rendered":"https:\/\/knezevi-vinogradi.hr\/?page_id=12784"},"modified":"2018-07-21T21:16:26","modified_gmt":"2018-07-21T19:16:26","slug":"other-tourist-services","status":"publish","type":"page","link":"https:\/\/knezevi-vinogradi.hr\/en\/tourism\/other-tourist-services\/","title":{"rendered":"Other tourist services"},"content":{"rendered":"<form autocomplete=\"off\" name=\"wpv-filter-4439-40cd750bba9870f18aada2478b24840a\" action=\"https:\/\/knezevi-vinogradi.hr\/en\/tourism\/other-tourist-services\/\" method=\"get\" class=\"wpv-filter-form js-wpv-filter-form js-wpv-filter-form-4439-40cd750bba9870f18aada2478b24840a js-wpv-form-full\" data-viewnumber=\"4439-40cd750bba9870f18aada2478b24840a\" data-viewid=\"4439\"><input type=\"hidden\" class=\"js-wpv-dps-filter-data js-wpv-filter-data-for-this-form\" data-action=\"https:\/\/knezevi-vinogradi.hr\/en\/tourism\/other-tourist-services\/\" data-page=\"1\" data-ajax=\"disable\" data-effect=\"fade\" data-maxpages=\"1\" data-ajaxprebefore=\"\" data-ajaxbefore=\"\" data-ajaxafter=\"\" \/><input id=\"wpv_paged_max-4439-40cd750bba9870f18aada2478b24840a\" type=\"hidden\" name=\"wpv_paged_max\" value=\"1\" \/><input id=\"wpv_paged_preload_reach-4439-40cd750bba9870f18aada2478b24840a\" type=\"hidden\" name=\"wpv_paged_preload_reach\" value=\"1\" \/><input id=\"wpv_widget_view-4439-40cd750bba9870f18aada2478b24840a\" type=\"hidden\" name=\"wpv_widget_view_id\" value=\"0\" \/><input id=\"wpv_view_count-4439-40cd750bba9870f18aada2478b24840a\" type=\"hidden\" name=\"wpv_view_count\" value=\"4439-40cd750bba9870f18aada2478b24840a\" \/><input id=\"wpv_view_hash-4439-40cd750bba9870f18aada2478b24840a\" type=\"hidden\" name=\"wpv_view_hash\" value=\"eyJuYW1lIjoiT3N0YWxlIHR1cmlzdGlcdTAxMGRrZSB1c2x1Z2UifQ==\" \/><input id=\"wpv_post_id-4439-40cd750bba9870f18aada2478b24840a\" type=\"hidden\" name=\"wpv_post_id\" value=\"12784\" class=\"js-wpv-keep-on-clear\" \/>\n\n\n\u00a0\u00a0\u00a0\n\n\n\n<\/form>\n\n\t\n\t<!-- wpv-loop-start -->\n   <table width=\"100%\">\n      \n         \n          <tr>\n            <td class=\"agregacija\">\n              <a href=\"https:\/\/knezevi-vinogradi.hr\/turisticki-subjekt\/baranjski-medenjak\/\">Baranjski medenjak<\/a><br\/>\n              \n                  <a href=\"https:\/\/knezevi-vinogradi.hr\/turisticki-subjekt\/baranjski-medenjak\/\">\n                   <img width=\"150\" height=\"150\" src=\"https:\/\/knezevi-vinogradi.hr\/wp-content\/uploads\/2015\/11\/1939461_1540233276251727_9057746112757897593_n-150x150.jpg\" class=\"attachment-thumbnail popis\" alt=\"\" loading=\"lazy\" style=\"\" title=\"\" \/>\n                  <\/a>\n              \n              \n            <\/td>\n     \n          \n         \n             <td class=\"agregacija\">\n              <a href=\"https:\/\/knezevi-vinogradi.hr\/turisticki-subjekt\/ekoturisticki-posjetiteljski-centar\/\">Ekoturisti\u010dki posjetiteljski centar<\/a><br\/>\n              \n                  <a href=\"https:\/\/knezevi-vinogradi.hr\/turisticki-subjekt\/ekoturisticki-posjetiteljski-centar\/\">\n                   <img width=\"150\" height=\"150\" src=\"https:\/\/knezevi-vinogradi.hr\/wp-content\/uploads\/2015\/12\/EPC2-150x150.jpg\" class=\"attachment-thumbnail popis\" alt=\"\" loading=\"lazy\" style=\"\" title=\"\" \/>\n                  <\/a>\n              \n              \n            <\/td>\n\n          \n         \n             <td class=\"agregacija\">\n              <a href=\"https:\/\/knezevi-vinogradi.hr\/turisticki-subjekt\/farma-etno-suveniri\/\">Farma &#8211; etno suveniri<\/a><br\/>\n              \n                  <a href=\"https:\/\/knezevi-vinogradi.hr\/turisticki-subjekt\/farma-etno-suveniri\/\">\n                   <img width=\"150\" height=\"150\" src=\"https:\/\/knezevi-vinogradi.hr\/wp-content\/uploads\/2015\/09\/farma-150x150.jpg\" class=\"attachment-thumbnail popis\" alt=\"\" loading=\"lazy\" style=\"\" title=\"\" \/>\n                  <\/a>\n              \n              \n            <\/td>\n\n          \n         \n             <td class=\"agregacija\">\n              <a href=\"https:\/\/knezevi-vinogradi.hr\/turisticki-subjekt\/knezeva-kusaonica\/\">Kne\u017eeva ku\u0161aonica<\/a><br\/>\n              \n                  <a href=\"https:\/\/knezevi-vinogradi.hr\/turisticki-subjekt\/knezeva-kusaonica\/\">\n                   <img width=\"150\" height=\"150\" src=\"https:\/\/knezevi-vinogradi.hr\/wp-content\/uploads\/2015\/09\/Kne--eva-ku--aonica-150x150.jpg\" class=\"attachment-thumbnail popis\" alt=\"\" loading=\"lazy\" style=\"\" title=\"\" \/>\n                  <\/a>\n              \n              \n            <\/td>\n          <\/tr>\n         \n         \n         \n          <tr>\n            <td class=\"agregacija\">\n              <a href=\"https:\/\/knezevi-vinogradi.hr\/turisticki-subjekt\/opg-cicak-dragan\/\">OPG \u010ci\u010dak Dragan<\/a><br\/>\n              \n                  <a href=\"https:\/\/knezevi-vinogradi.hr\/turisticki-subjekt\/opg-cicak-dragan\/\">\n                   <img width=\"150\" height=\"150\" src=\"https:\/\/knezevi-vinogradi.hr\/wp-content\/uploads\/2016\/11\/image-0-02-05-3f7ad41035a760ef0f5e552f542efcdb61a246250d69ab61b4a6b023a655eaf4-V-150x150.jpg\" class=\"attachment-thumbnail popis\" alt=\"\" loading=\"lazy\" style=\"\" title=\"\" \/>\n                  <\/a>\n              \n              \n            <\/td>\n     \n          \n         \n             <td class=\"agregacija\">\n              <a href=\"https:\/\/knezevi-vinogradi.hr\/turisticki-subjekt\/radionica-keramike-asztalos\/\">Radionica keramike Asztalos<\/a><br\/>\n              \n                  <a href=\"https:\/\/knezevi-vinogradi.hr\/turisticki-subjekt\/radionica-keramike-asztalos\/\">\n                   <img width=\"150\" height=\"150\" src=\"https:\/\/knezevi-vinogradi.hr\/wp-content\/uploads\/2015\/09\/Asztalos-150x150.jpg\" class=\"attachment-thumbnail popis\" alt=\"\" loading=\"lazy\" style=\"\" title=\"\" \/>\n                  <\/a>\n              \n              \n            <\/td>\n\n          \n         \n             <td class=\"agregacija\">\n              <a href=\"https:\/\/knezevi-vinogradi.hr\/turisticki-subjekt\/zavicajni-muzej-baranyai-julije\/\">Zavi\u010dajni muzej &#8220;Baranyai Julia&#8221;<\/a><br\/>\n              \n                  <a href=\"https:\/\/knezevi-vinogradi.hr\/turisticki-subjekt\/zavicajni-muzej-baranyai-julije\/\">\n                   <img width=\"150\" height=\"150\" src=\"https:\/\/knezevi-vinogradi.hr\/wp-content\/uploads\/2015\/09\/vinoteka-150x150.jpg\" class=\"attachment-thumbnail popis\" alt=\"\" loading=\"lazy\" style=\"\" title=\"\" \/>\n                  <\/a>\n              \n              \n            <\/td>\n\n          \n            <td><\/td>\n        <\/tr> \n      \n   <\/table>\n\t<!-- wpv-loop-end -->\n\t\n\t\n\n\n<form autocomplete=\"off\" name=\"wpv-filter-4439-40cd750bba9870f18aada2478b24840a\" action=\"https:\/\/knezevi-vinogradi.hr\/en\/tourism\/other-tourist-services\/\" method=\"get\" class=\"wpv-filter-form js-wpv-filter-form js-wpv-filter-form-4439-40cd750bba9870f18aada2478b24840a js-wpv-form-full\" data-viewnumber=\"4439-40cd750bba9870f18aada2478b24840a\" data-viewid=\"4439\"><input type=\"hidden\" class=\"js-wpv-dps-filter-data js-wpv-filter-data-for-this-form\" data-action=\"https:\/\/knezevi-vinogradi.hr\/en\/tourism\/other-tourist-services\/\" data-page=\"1\" data-ajax=\"disable\" data-effect=\"fade\" data-maxpages=\"1\" data-ajaxprebefore=\"\" data-ajaxbefore=\"\" data-ajaxafter=\"\" \/><input id=\"wpv_paged_max-4439-40cd750bba9870f18aada2478b24840a\" type=\"hidden\" name=\"wpv_paged_max\" value=\"1\" \/><input id=\"wpv_paged_preload_reach-4439-40cd750bba9870f18aada2478b24840a\" type=\"hidden\" name=\"wpv_paged_preload_reach\" value=\"1\" \/><input id=\"wpv_widget_view-4439-40cd750bba9870f18aada2478b24840a\" type=\"hidden\" name=\"wpv_widget_view_id\" value=\"0\" \/><input id=\"wpv_view_count-4439-40cd750bba9870f18aada2478b24840a\" type=\"hidden\" name=\"wpv_view_count\" value=\"4439-40cd750bba9870f18aada2478b24840a\" \/><input id=\"wpv_view_hash-4439-40cd750bba9870f18aada2478b24840a\" type=\"hidden\" name=\"wpv_view_hash\" value=\"eyJuYW1lIjoiT3N0YWxlIHR1cmlzdGlcdTAxMGRrZSB1c2x1Z2UifQ==\" \/><input id=\"wpv_post_id-4439-40cd750bba9870f18aada2478b24840a\" type=\"hidden\" name=\"wpv_post_id\" value=\"12784\" class=\"js-wpv-keep-on-clear\" \/>\n\n\n\u00a0\u00a0\u00a0\n\n\n\n<\/form>\n","protected":false},"excerpt":{"rendered":"\u00a0\u00a0\u00a0 Baranjski medenjak Ekoturisti\u010dki posjetiteljski centar Farma &#8211; etno suveniri Kne\u017eeva ku\u0161aonica OPG \u010ci\u010dak Dragan Radionica keramike Asztalos Zavi\u010dajni muzej &#8220;Baranyai Julia&#8221; \u00a0\u00a0\u00a0","protected":false},"author":2,"featured_media":0,"parent":4728,"menu_order":0,"comment_status":"closed","ping_status":"closed","template":"","meta":[],"_links":{"self":[{"href":"https:\/\/knezevi-vinogradi.hr\/en\/wp-json\/wp\/v2\/pages\/12784\/"}],"collection":[{"href":"https:\/\/knezevi-vinogradi.hr\/en\/wp-json\/wp\/v2\/pages\/"}],"about":[{"href":"https:\/\/knezevi-vinogradi.hr\/en\/wp-json\/wp\/v2\/types\/page\/"}],"author":[{"embeddable":true,"href":"https:\/\/knezevi-vinogradi.hr\/en\/wp-json\/wp\/v2\/users\/2\/"}],"replies":[{"embeddable":true,"href":"https:\/\/knezevi-vinogradi.hr\/en\/wp-json\/wp\/v2\/comments\/?post=12784"}],"version-history":[{"count":1,"href":"https:\/\/knezevi-vinogradi.hr\/en\/wp-json\/wp\/v2\/pages\/12784\/revisions\/"}],"predecessor-version":[{"id":12785,"href":"https:\/\/knezevi-vinogradi.hr\/en\/wp-json\/wp\/v2\/pages\/12784\/revisions\/12785\/"}],"up":[{"embeddable":true,"href":"https:\/\/knezevi-vinogradi.hr\/en\/wp-json\/wp\/v2\/pages\/4728\/"}],"wp:attachment":[{"href":"https:\/\/knezevi-vinogradi.hr\/en\/wp-json\/wp\/v2\/media\/?parent=12784"}],"curies":[{"name":"wp","href":"https:\/\/api.w.org\/{rel}","templated":true}]}}