{"id":4722,"date":"2013-12-01T17:45:28","date_gmt":"2013-12-01T15:45:28","guid":{"rendered":"https:\/\/knezevi-vinogradi.hr\/?page_id=4722"},"modified":"2024-10-25T08:26:01","modified_gmt":"2024-10-25T06:26:01","slug":"contact","status":"publish","type":"page","link":"https:\/\/knezevi-vinogradi.hr\/en\/contact\/","title":{"rendered":"Contact"},"content":{"rendered":"<p><strong>Op\u0107ina Kne\u017eevi Vinogradi<\/strong><br \/>\n31309 Kne\u017eevi Vinogradi<br \/>\nHrvatske Republike 3<\/p>\n<p>E-mail: <a href=\"mailto:opcina@knezevi-vinogradi.hr\">opcina@knezevi-vinogradi.hr<\/a>, <a href=\"mailto:pisarnica@knezevi-vinogradi.hr\">pisarnica@knezevi-vinogradi.hr<\/a><br \/>\nTel: <a href=\"tel:%20+385%2031%20730%20938\">+385 (0)31 730 938<\/a><br \/>\nFax: <a href=\"http:\/\/+385%20(0)31%20732%20106\/\">+385 (0)31 732 106<\/a><\/p>\n<p><strong>MB:<\/strong> 02551900<br \/>\n<strong>OIB:<\/strong> 35938293122<\/p>\n<p>IBAN Broj ra\u010duna i poslovna banka Op\u0107ine:<br \/>\nPrivredna banka d.d. Zagreb<br \/>\nIBAN: <strong>HR83 23400091819500000<\/strong><\/p>\n","protected":false},"excerpt":{"rendered":"<p>Op\u0107ina Kne\u017eevi Vinogradi 31309 Kne\u017eevi Vinogradi Hrvatske Republike 3 E-mail: opcina@knezevi-vinogradi.hr, pisarnica@knezevi-vinogradi.hr Tel: +385 (0)31 730 938 Fax: +385 (0)31 732 106 MB: 02551900 OIB: 35938293122 IBAN Broj ra\u010duna i poslovna banka Op\u0107ine: Privredna banka d.d. Zagreb IBAN: HR83 23400091819500000<\/p>\n","protected":false},"author":2,"featured_media":0,"parent":0,"menu_order":0,"comment_status":"closed","ping_status":"closed","template":"","meta":[],"_links":{"self":[{"href":"https:\/\/knezevi-vinogradi.hr\/en\/wp-json\/wp\/v2\/pages\/4722\/"}],"collection":[{"href":"https:\/\/knezevi-vinogradi.hr\/en\/wp-json\/wp\/v2\/pages\/"}],"about":[{"href":"https:\/\/knezevi-vinogradi.hr\/en\/wp-json\/wp\/v2\/types\/page\/"}],"author":[{"embeddable":true,"href":"https:\/\/knezevi-vinogradi.hr\/en\/wp-json\/wp\/v2\/users\/2\/"}],"replies":[{"embeddable":true,"href":"https:\/\/knezevi-vinogradi.hr\/en\/wp-json\/wp\/v2\/comments\/?post=4722"}],"version-history":[{"count":5,"href":"https:\/\/knezevi-vinogradi.hr\/en\/wp-json\/wp\/v2\/pages\/4722\/revisions\/"}],"predecessor-version":[{"id":60589,"href":"https:\/\/knezevi-vinogradi.hr\/en\/wp-json\/wp\/v2\/pages\/4722\/revisions\/60589\/"}],"wp:attachment":[{"href":"https:\/\/knezevi-vinogradi.hr\/en\/wp-json\/wp\/v2\/media\/?parent=4722"}],"curies":[{"name":"wp","href":"https:\/\/api.w.org\/{rel}","templated":true}]}}