{"id":6201,"date":"2015-04-08T11:30:06","date_gmt":"2015-04-08T09:30:06","guid":{"rendered":"https:\/\/knezevi-vinogradi.hr\/?page_id=6201"},"modified":"2015-12-21T09:32:24","modified_gmt":"2015-12-21T08:32:24","slug":"sights","status":"publish","type":"page","link":"https:\/\/knezevi-vinogradi.hr\/en\/municipality\/about-us\/sights\/","title":{"rendered":"Sights"},"content":{"rendered":"<p style=\"text-align: justify;\">Traditional buildings, archaeological sites and individually protected sacral buildings are the main architectural features of the Municipality of Kne\u017eevi Vinogradi related to cultural heritage.<\/p>\n<p style=\"text-align: justify;\">Apart from traditionally built houses and barns spread around the Municipality, there is so-called <strong>architecture in the ground<\/strong>, wine cellars dug into the thick strata created through centuries of sedimentation caused by the passage of winds. These unique objects together with autochthonous countryside are specific to the whole Baranja region. Protected ethnological units such as Katoli\u010dki surduk and Reformatski surduk ( surduk is a narrow road cut through the hills ) with about 80 wine cellars dug into the ground make famous wine roads in Zmajevac and Suza.<\/p>\n<hr \/>\n<h2 style=\"text-align: left;\"><span style=\"color: #333333;\">Sacral buildings \u2013 churches:<\/span><\/h2>\n<p style=\"text-align: left;\"><strong>Kne\u017eevi Vinogradi<\/strong><\/p>\n<ul style=\"text-align: left;\">\n<li>Reformed church built in 1576<\/li>\n<li>Orthodox church Vavedenje presvete Bogorodice built in 1742<\/li>\n<li>Roman Catholic church St. Michael the Archangel dates from 1840-1857<\/li>\n<\/ul>\n<p style=\"text-align: left;\"><strong>Karanac<\/strong><\/p>\n<ul style=\"text-align: left;\">\n<li>Roman Catholic church St. Donat dates from 1832<\/li>\n<li>Reformed church from 1808-1816<\/li>\n<li>Orthodox church St. Stevan \u0160tiljanovi\u0107 from 1991<\/li>\n<\/ul>\n<p style=\"text-align: left;\"><strong>Zmajevac<\/strong><\/p>\n<ul style=\"text-align: left;\">\n<li>Roman Catholic church Na\u0161a\u0161\u0107e Sv. Kri\u017ea from 1752<\/li>\n<li>Reformed church dates back to 1866-1871<\/li>\n<\/ul>\n<p style=\"text-align: left;\"><strong>Suza<\/strong><\/p>\n<ul style=\"text-align: left;\">\n<li>Reformed church from 1869<\/li>\n<li>Roman Catholic Church St. Antun is being built<\/li>\n<\/ul>\n<p style=\"text-align: left;\"><strong>Kotlina<\/strong><\/p>\n<ul style=\"text-align: left;\">\n<li>Reformed church from 1805<\/li>\n<\/ul>\n<p style=\"text-align: left;\"><strong>Kamenac<\/strong><\/p>\n<ul style=\"text-align: left;\">\n<li>Reformed church reconstructed in 1877<\/li>\n<\/ul>\n<h3 style=\"text-align: left;\">Archaeological sites<\/h3>\n<ul style=\"text-align: left;\">\n<li>Archaeological site\u00a0\u02ddKamenac\u02dd, Kamenac<\/li>\n<li>Archaeological site \u02ddDonje polje &#8211; Prosina\u02dd, Karanac<\/li>\n<li>Archaeological site \u02ddDerjan\u02dd, Kne\u017eevi Vinogradi<\/li>\n<li>Archaeological site \u02ddDragojlov brijeg\u02dd, Kne\u017eevi Vinogradi<\/li>\n<li>Archaeological site \u02ddMitvar\u02dd, Kne\u017eevi Vinogradi<\/li>\n<li>Archaeological site Osnovna \u0161kola, Kne\u017eevi Vinogradi<\/li>\n<li>Archaeological site Crkva reformiranih, Kne\u017eevi Vinogradi<\/li>\n<li>Archaeological site \u02ddKotlina\u02dd, Kotlina<\/li>\n<li>Archaeological site \u02ddVinogradi\u02dd, Suza<\/li>\n<li>Archaeological site \u02ddDerjan\u02dd, Kne\u017eevi Vinogradi<\/li>\n<li>Archaeological site \u201eVarhegy \u2013 Mocsolas\u201d, Zmajevac<\/li>\n<li>Archaeological site Gradac-Varhegy, Zmajevac<\/li>\n<\/ul>\n<h3 style=\"text-align: left;\"><strong>Ostala kulturna dobra na podru\u010dju Op\u0107ine<\/strong><\/h3>\n<ul>\n<li style=\"text-align: left;\">Orgulje u crkvi sv. Donata biskupa, Karanac<\/li>\n<li style=\"text-align: left;\">Inventar parohijske crkve Vavedenja Bogorodice, Kne\u017eevi Vinogradi<\/li>\n<li style=\"text-align: left;\">Lokomobil, Kne\u017eevi Vinogradi<\/li>\n<li style=\"text-align: left;\">Vinski podrum (\u0160andora Petefija 2), Kne\u017eevi Vinogradi<\/li>\n<li style=\"text-align: left;\">Centralno skladi\u0161te za \u017eitarice &#8211; magazin, Mirkovac<\/li>\n<li style=\"text-align: left;\">Vinski podrum (Mar\u0161ala Tita 81 b), Suza<\/li>\n<li style=\"text-align: left;\">Vinski podrum (\u0160andora Petefija 16), Zmajevac<\/li>\n<\/ul>\n","protected":false},"excerpt":{"rendered":"<p>Traditional buildings, archaeological sites and individually protected sacral buildings are the main architectural features of the Municipality of Kne\u017eevi Vinogradi related to cultural heritage. Apart from traditionally built houses and barns spread around the Municipality, there is so-called architecture in the ground, wine cellars dug into the thick strata created through centuries of sedimentation caused [&hellip;]<\/p>\n","protected":false},"author":4,"featured_media":0,"parent":6197,"menu_order":0,"comment_status":"closed","ping_status":"open","template":"","meta":[],"_links":{"self":[{"href":"https:\/\/knezevi-vinogradi.hr\/en\/wp-json\/wp\/v2\/pages\/6201\/"}],"collection":[{"href":"https:\/\/knezevi-vinogradi.hr\/en\/wp-json\/wp\/v2\/pages\/"}],"about":[{"href":"https:\/\/knezevi-vinogradi.hr\/en\/wp-json\/wp\/v2\/types\/page\/"}],"author":[{"embeddable":true,"href":"https:\/\/knezevi-vinogradi.hr\/en\/wp-json\/wp\/v2\/users\/4\/"}],"replies":[{"embeddable":true,"href":"https:\/\/knezevi-vinogradi.hr\/en\/wp-json\/wp\/v2\/comments\/?post=6201"}],"version-history":[{"count":1,"href":"https:\/\/knezevi-vinogradi.hr\/en\/wp-json\/wp\/v2\/pages\/6201\/revisions\/"}],"predecessor-version":[{"id":6202,"href":"https:\/\/knezevi-vinogradi.hr\/en\/wp-json\/wp\/v2\/pages\/6201\/revisions\/6202\/"}],"up":[{"embeddable":true,"href":"https:\/\/knezevi-vinogradi.hr\/en\/wp-json\/wp\/v2\/pages\/6197\/"}],"wp:attachment":[{"href":"https:\/\/knezevi-vinogradi.hr\/en\/wp-json\/wp\/v2\/media\/?parent=6201"}],"curies":[{"name":"wp","href":"https:\/\/api.w.org\/{rel}","templated":true}]}}