{"id":7500,"date":"2015-05-25T00:04:44","date_gmt":"2015-05-24T23:04:44","guid":{"rendered":"https:\/\/knezevi-vinogradi.hr\/?page_id=7500"},"modified":"2016-04-11T19:27:28","modified_gmt":"2016-04-11T18:27:28","slug":"knezevi-vinogradi","status":"publish","type":"page","link":"https:\/\/knezevi-vinogradi.hr\/en\/municipality\/settlements\/knezevi-vinogradi\/","title":{"rendered":"Kne\u017eevi Vinogradi"},"content":{"rendered":"<p>[vc_row][vc_column][vc_column_text]Kne\u017eevi Vinogradi is the municipality center with a population of 1 657 (according to the 2011 Census) and a total of 13 streets (Glavna St., Svetozar Mileti\u0107 St., 8. mart St., \u0160andor Petefi St., Naselje hrvatskih branitelja St., Hrvatska Republika St., 1. maj St., Olgina St., Vinogradska St., Mo\u0161a Pijade St., Mihajlo Klajn St., Antun Plavec St. and Ciglana St.). Major economic entities include Belje d.d. (wine cellar and wine tasting room in the settlement center) as well as Bor plastika d.o.o. and Rabo d.o.o. in the business park. Kne\u017eevi Vinogradi is known far and wide for their Sports and Recreation Center &#8220;Bazeni&#8221;. Kne\u017eevi Vinogradi also has an elementary school (grades 1-8) and Daycare Center &#8220;Zeko&#8221;. There are also around 10 different culture, NGO and sports associations, most significant ones being FC &#8220;Borac&#8221;, Association of Women &#8220;Izvor&#8221;, Hungarian Youth Association &#8220;Hercegsz\u00f6ll\u00f6si Mih\u00e1ly&#8221;, Pensioners&#8217; Association, Folklore Society &#8220;\u017divojin \u017dika Mandi\u0107&#8221;, Tamburitza Lovers Association &#8220;Baranjski biseri&#8221; and other sports and culture associations.<\/p>\n<p style=\"text-align: justify;\"><b><i>History<\/i><\/b><\/p>\n<p>Kne\u017eevi Vinogradi was founded in the ancient times as a very important strategic settlement in the key position of the main road. The village was a Roman colony named Donatium and this was confirmed by numerous archaeological findings.<\/p>\n<p>Kne\u017eevi Vinogradi, as one of the oldest settlements in Baranja was mentioned first by this name in the census in 1687, even before the Belje estate was founded. According to these facts, it can be concluded that the village belonged to the family Herceg in the Middle Ages.<\/p>\n<p>Once, when the village was a part of the Belje estate, one fifth of the entire area were vineyards producing good wines. In the mid of the 18th century there were various manorial buildings in the village: a building for wine-pressing, distillery, coopery (cooper\u2019s workshop), big manorial cellar (built during the Prince Eugene of Savoy time) with capacity of 700,000 litres and two manorial inns. While peasants used to sell wine and cherries mostly in Slavonia, there were 14 craftsmen working in the village ( a wheelwright, a bootmaker, a furrier, a hatter, tailors, shoe-makers, coopers, blacksmiths ) and six merchants.<\/p>\n<p>In 1824 Kne\u017eevi Vinogradi was the biggest village on the Belje estate having 1961 inhabitants who used to live in 266 houses. There were three churches in the village, the Reformed church, the Orthodox church with a church tower made of copper and a small Catholic church without the church tower. As the postal road led through Kne\u017eevi Vinogradi, there was a post office and not far from that a brickyard was built with a brick kiln for producing tiles for covering roofs. According to the census in 1766, Kne\u017eevi Vinogradi was mostly inhabited by Hungarians as members of the Reformed church and Raci, members of the Orthodox church.<span class=\"apple-converted-space\">\u00a0<\/span><\/p>\n<p>According to the census in 1824 the population was a mixture of ethnic communities of Germans, Hungarians, Raci and \u0160okci.<span class=\"apple-converted-space\">\u00a0<\/span><\/p>\n<p>[\/vc_column_text][\/vc_column][\/vc_row][vc_row][vc_column]<div class=\"c-gmap\"><div class=\"gmap-canvas\" style=\"height: 400px;\" data-address=\"Kne\u017eevi Vinogradi, Hrvatska\" data-zoom=\"16\" data-maptype=\"satellite\" data-enable-mousewheel=\"false\"><\/div><\/div>[\/vc_column][\/vc_row]<\/p>\n","protected":false},"excerpt":{"rendered":"<p>[vc_row][vc_column][vc_column_text]Kne\u017eevi Vinogradi is the municipality center with a population of 1 657 (according to the 2011 Census) and a total of 13 streets (Glavna St., Svetozar Mileti\u0107 St., 8. mart St., \u0160andor Petefi St., Naselje hrvatskih branitelja St., Hrvatska Republika St., 1. maj St., Olgina St., Vinogradska St., Mo\u0161a Pijade St., Mihajlo Klajn St., Antun [&hellip;]<\/p>\n","protected":false},"author":4,"featured_media":0,"parent":7517,"menu_order":0,"comment_status":"closed","ping_status":"closed","template":"","meta":[],"_links":{"self":[{"href":"https:\/\/knezevi-vinogradi.hr\/en\/wp-json\/wp\/v2\/pages\/7500\/"}],"collection":[{"href":"https:\/\/knezevi-vinogradi.hr\/en\/wp-json\/wp\/v2\/pages\/"}],"about":[{"href":"https:\/\/knezevi-vinogradi.hr\/en\/wp-json\/wp\/v2\/types\/page\/"}],"author":[{"embeddable":true,"href":"https:\/\/knezevi-vinogradi.hr\/en\/wp-json\/wp\/v2\/users\/4\/"}],"replies":[{"embeddable":true,"href":"https:\/\/knezevi-vinogradi.hr\/en\/wp-json\/wp\/v2\/comments\/?post=7500"}],"version-history":[{"count":2,"href":"https:\/\/knezevi-vinogradi.hr\/en\/wp-json\/wp\/v2\/pages\/7500\/revisions\/"}],"predecessor-version":[{"id":7515,"href":"https:\/\/knezevi-vinogradi.hr\/en\/wp-json\/wp\/v2\/pages\/7500\/revisions\/7515\/"}],"up":[{"embeddable":true,"href":"https:\/\/knezevi-vinogradi.hr\/en\/wp-json\/wp\/v2\/pages\/7517\/"}],"wp:attachment":[{"href":"https:\/\/knezevi-vinogradi.hr\/en\/wp-json\/wp\/v2\/media\/?parent=7500"}],"curies":[{"name":"wp","href":"https:\/\/api.w.org\/{rel}","templated":true}]}}