{"id":7516,"date":"2015-05-25T00:05:00","date_gmt":"2015-05-24T23:05:00","guid":{"rendered":"https:\/\/knezevi-vinogradi.hr\/?page_id=7516"},"modified":"2016-04-11T19:26:28","modified_gmt":"2016-04-11T18:26:28","slug":"karanac","status":"publish","type":"page","link":"https:\/\/knezevi-vinogradi.hr\/en\/municipality\/settlements\/karanac\/","title":{"rendered":"Karanac"},"content":{"rendered":"<p>[vc_row][vc_column][vc_column_text]<\/p>\n<p>With its 1 065 inhabitants, Karanac is the second largest settlement in the Kne\u017eevi Vinogradi Municipality. It has eight streets (Kolodvorska St., Petefi \u0160andor St., Nikola Tesla St., Ivo Lola Ribar St., Baranjska St., Tin Ujevi\u0107 St., Radni\u010dka St., Sun\u010dana St.) as well as Prijelazna Pustara \u00a0(the so-called Karana\u010dka pustara) and Karana\u010dka ciglana that are also part of the settlement. Aside from Belje d.d., an economic entity with its production facilities in Prijelazna pustara (cooperation) and the settlement itself (a part of the wine cellars), tourism makes the backbone of the economy. Karanac is widely known as an ethno village that draws many foreign and domestic visitors who enjoy the local cuisine in restaurants and family farms. The elementary school in Karanac (grades 1-4) is a branch of the Elementary School Kne\u017eevi Vinogradi and the daycare center is a branch of the Daycare Center &#8220;Zeko&#8221; in Kne\u017eevi Vinogradi. The well-known associations include FC &#8220;Polet&#8221;, the Youth Association &#8220;Zamijenite nam tugu osmijehom&#8221; and others.<\/p>\n<p><b><i>History<\/i><\/b><\/p>\n<p>Karanac is the only village in the Municipality of Kne\u017eevi Vinogradi which used to be a part of the former estate of Darda. There was an abundance of vineyards and forests covering one third of the area. Inhabitants used to produce excellent wines. Imperial and postal road went through the village. Seven craftsmen ( shoe-makers, tailors, coopers, a turner ) and a merchant used to work in the village. On the high quality pastures numerous herds of cattle used to be bred and sold on fairs.<\/p>\n<p>[\/vc_column_text][\/vc_column][\/vc_row][vc_row][vc_column]<div class=\"c-gmap\"><div class=\"gmap-canvas\" style=\"height: 400px;\" data-address=\"Karanac, Hrvatska\" data-zoom=\"16\" data-maptype=\"satellite\" data-enable-mousewheel=\"false\"><\/div><\/div>[\/vc_column][\/vc_row]<\/p>\n","protected":false},"excerpt":{"rendered":"<p>[vc_row][vc_column][vc_column_text] With its 1 065 inhabitants, Karanac is the second largest settlement in the Kne\u017eevi Vinogradi Municipality. It has eight streets (Kolodvorska St., Petefi \u0160andor St., Nikola Tesla St., Ivo Lola Ribar St., Baranjska St., Tin Ujevi\u0107 St., Radni\u010dka St., Sun\u010dana St.) as well as Prijelazna Pustara \u00a0(the so-called Karana\u010dka pustara) and Karana\u010dka ciglana that [&hellip;]<\/p>\n","protected":false},"author":4,"featured_media":0,"parent":7517,"menu_order":0,"comment_status":"closed","ping_status":"closed","template":"","meta":[],"_links":{"self":[{"href":"https:\/\/knezevi-vinogradi.hr\/en\/wp-json\/wp\/v2\/pages\/7516\/"}],"collection":[{"href":"https:\/\/knezevi-vinogradi.hr\/en\/wp-json\/wp\/v2\/pages\/"}],"about":[{"href":"https:\/\/knezevi-vinogradi.hr\/en\/wp-json\/wp\/v2\/types\/page\/"}],"author":[{"embeddable":true,"href":"https:\/\/knezevi-vinogradi.hr\/en\/wp-json\/wp\/v2\/users\/4\/"}],"replies":[{"embeddable":true,"href":"https:\/\/knezevi-vinogradi.hr\/en\/wp-json\/wp\/v2\/comments\/?post=7516"}],"version-history":[{"count":2,"href":"https:\/\/knezevi-vinogradi.hr\/en\/wp-json\/wp\/v2\/pages\/7516\/revisions\/"}],"predecessor-version":[{"id":7520,"href":"https:\/\/knezevi-vinogradi.hr\/en\/wp-json\/wp\/v2\/pages\/7516\/revisions\/7520\/"}],"up":[{"embeddable":true,"href":"https:\/\/knezevi-vinogradi.hr\/en\/wp-json\/wp\/v2\/pages\/7517\/"}],"wp:attachment":[{"href":"https:\/\/knezevi-vinogradi.hr\/en\/wp-json\/wp\/v2\/media\/?parent=7516"}],"curies":[{"name":"wp","href":"https:\/\/api.w.org\/{rel}","templated":true}]}}