{"id":7521,"date":"2015-05-25T00:05:30","date_gmt":"2015-05-24T23:05:30","guid":{"rendered":"https:\/\/knezevi-vinogradi.hr\/?page_id=7521"},"modified":"2016-04-11T19:34:10","modified_gmt":"2016-04-11T18:34:10","slug":"zmajevac","status":"publish","type":"page","link":"https:\/\/knezevi-vinogradi.hr\/en\/municipality\/settlements\/zmajevac\/","title":{"rendered":"Zmajevac"},"content":{"rendered":"<p>[vc_row][vc_column][vc_column_text]<\/p>\n<p>Zmajevac is the third largest settlement in the Municipality, with its 974 inhabitants living in 16 streets (1. maj St., Mar\u0161al Tito St., Dunavska St., Mala Dunavska St., Rajna St., Mala Rajna St., Ko\u0161ut Lajo\u0161 St., Rak, Sportska St., Jo\u017eef Atila St., \u017deljezni\u010dka St., Adi Endre St., Va\u0161ari\u0161te St., Ru\u017eina St., Planina St.). The economy of Zmajevac is based on agriculture \u2013 husbandry as well as viticulture, fruit production and production of well-known wine. The south side of the Baranja Mountain that belongs to Zmajevac is the best prerequisite for the production of excellent wine. The Zmajevac Wine Roads \u2013 Katoli\u010dki surduk and Reformatski surduk \u2013 are known far and wide for their rich offer of food and wine. The best known wine growers of the area include the Ger\u0161tmajer family with their family business &#8220;Vinoto\u010dje&#8221; Zmajevac, the family winery &#8220;Josi\u0107&#8221;, the Wine Cellar &#8220;\u010co\u010di\u0107&#8221; of families Kova\u010d Lajo\u0161 and Majori\u0107 I\u0161tvan as well as many other farming households. The gastronomy of the area is known for &#8220;\u010cokot \u010darda&#8221;, Hunting Lodge &#8220;Monjoro\u0161&#8221; and &#8220;Baranjski dvori&#8221;. The Elementary School Zmajevac (grades 1-8) holds classes in Hungarian and Croatian. The daycare center is a branch of the Daycare Center &#8220;Zeko&#8221; and is also bilingual. The settlement is known for cultural and sports activities of its associations, of which the ones with the longest tradition include: the Folklore Society &#8220;Jo\u017eef Atila&#8221;, FC &#8220;Zmaj&#8221;, Sport Fishing Club &#8220;Udi\u010dar&#8221; and the Volunteer Firefighters Association. There are also other associations apart from the mentioned.<\/p>\n<p><em><strong>History<\/strong><\/em><\/p>\n<p>The ancient Romans had their colony on the territory of the village of Zmajevac. Medieval proprietors of the village were members of the Gara family. Zmajevac was a centre of the whole estate, prior to 1500, and was owned by Peter Gereb, a relative of Matija Korvin. A medieval legend related to the villages Zmajevac and Batina is about the proprietress, a red-headed girl called Marta who committed suicide throwing herself from the cliff into the abyss. Some even connect the legend with the old Hungarian name of the village, Vorosmarth.<\/p>\n<p>A medieval Franciscan (capuchin) monastery was located near Zmajevac, on the current bank of the river Danube. Zmajevac was inhabited as one of the main settlements for the traffic regulation towards Ba\u010dka during the Turkish Empire.\u00a0In the mid 18th century, when Zmajevac belonged to the Belje estate, vineyards covered one fifth of the area. 21 craftsmen used to work in the village (tailors, furriers, blacksmiths, coopers, butchers, weavers) and a merchant. Consequently, a lot of craftsmen were forced to sell their goods on fairs. Peasants used to sell wines and fruit while the other income source for living was fishing because there were two fish ponds. A manor house and an inn were in the village as well.<\/p>\n<p>During the 19th century wine-growing and cattle-breeding were the main sources of income while some villagers lived on towing boats up the Danube River.<br \/>\nIn 1872 the estate owners built a 32 km long dike from Zmajevac to Kopa\u010devo in order to prevent flooding and protect Zmajevac and its surrounding. In 1881 Zmajevac was a real agricultural little town with 2276 residents. \u00a0According to the census in 1767 two ethnic communities used to live in Zmajevac, Germans, Roman Catholics who for the first time inhabited the village in 1742 and Hungarians, members of the Calvinist Protestant Church who used to live there from time imemmorial.<\/p>\n<p>A medieval legend tied to Zmajevac (and Batina) speaks of a red-haired girl, Marta, who committed suicide by throwing herself from a cliff into an abyss. Some tie the legend to the old (and Hungarian) name of the settlement \u2013 V\u00f6r\u00f6smarth.<\/p>\n<p>[\/vc_column_text][\/vc_column][\/vc_row][vc_row][vc_column]<div class=\"c-gmap\"><div class=\"gmap-canvas\" style=\"height: 400px;\" data-address=\"Zmajevac, Hrvatska\" data-zoom=\"16\" data-maptype=\"satellite\" data-enable-mousewheel=\"false\"><\/div><\/div>[\/vc_column][\/vc_row]<\/p>\n","protected":false},"excerpt":{"rendered":"<p>[vc_row][vc_column][vc_column_text] Zmajevac is the third largest settlement in the Municipality, with its 974 inhabitants living in 16 streets (1. maj St., Mar\u0161al Tito St., Dunavska St., Mala Dunavska St., Rajna St., Mala Rajna St., Ko\u0161ut Lajo\u0161 St., Rak, Sportska St., Jo\u017eef Atila St., \u017deljezni\u010dka St., Adi Endre St., Va\u0161ari\u0161te St., Ru\u017eina St., Planina St.). The [&hellip;]<\/p>\n","protected":false},"author":4,"featured_media":0,"parent":7517,"menu_order":0,"comment_status":"closed","ping_status":"closed","template":"","meta":[],"_links":{"self":[{"href":"https:\/\/knezevi-vinogradi.hr\/en\/wp-json\/wp\/v2\/pages\/7521\/"}],"collection":[{"href":"https:\/\/knezevi-vinogradi.hr\/en\/wp-json\/wp\/v2\/pages\/"}],"about":[{"href":"https:\/\/knezevi-vinogradi.hr\/en\/wp-json\/wp\/v2\/types\/page\/"}],"author":[{"embeddable":true,"href":"https:\/\/knezevi-vinogradi.hr\/en\/wp-json\/wp\/v2\/users\/4\/"}],"replies":[{"embeddable":true,"href":"https:\/\/knezevi-vinogradi.hr\/en\/wp-json\/wp\/v2\/comments\/?post=7521"}],"version-history":[{"count":1,"href":"https:\/\/knezevi-vinogradi.hr\/en\/wp-json\/wp\/v2\/pages\/7521\/revisions\/"}],"predecessor-version":[{"id":7522,"href":"https:\/\/knezevi-vinogradi.hr\/en\/wp-json\/wp\/v2\/pages\/7521\/revisions\/7522\/"}],"up":[{"embeddable":true,"href":"https:\/\/knezevi-vinogradi.hr\/en\/wp-json\/wp\/v2\/pages\/7517\/"}],"wp:attachment":[{"href":"https:\/\/knezevi-vinogradi.hr\/en\/wp-json\/wp\/v2\/media\/?parent=7521"}],"curies":[{"name":"wp","href":"https:\/\/api.w.org\/{rel}","templated":true}]}}