{"id":7579,"date":"2015-05-25T23:49:40","date_gmt":"2015-05-25T22:49:40","guid":{"rendered":"https:\/\/knezevi-vinogradi.hr\/?page_id=7579"},"modified":"2016-04-11T21:18:46","modified_gmt":"2016-04-11T20:18:46","slug":"national-minorities-councils","status":"publish","type":"page","link":"https:\/\/knezevi-vinogradi.hr\/en\/organisation-2\/national-minorities-councils\/","title":{"rendered":"National Minorities Councils"},"content":{"rendered":"<p>Ten members are elected in the National Minorities Councils of the Kne\u017eevi Vinogradi Municipality. Council members and minority representatives are elected by secret ballot for a period of four years. The election procedure and other related matters are subject to provisions of the law regulating the election of members of representative bodies of local self-government.<\/p>\n<p>Two councils were elected in the 2015 National Minorities Council elections: The Hungarian National Minority Council and The Serbian National Minority Council.<\/p>\n<hr \/>\n<p>The German national minority had their own Representative up until the 2015 elections. In the period 2011-2015, the position was held by Albert Antun and in the period 2007-2001 by Josip Kromer. In the years between 2003 and 2007, the German national minority had a Council, whose members included: Albert Antun, Friedl Vilmo\u0161, Geli Jo\u017eef, Kromer Josip, Rickert Bela, Schot \u0110ula.<\/p>\n<p>&nbsp;<\/p>\n","protected":false},"excerpt":{"rendered":"<p>Ten members are elected in the National Minorities Councils of the Kne\u017eevi Vinogradi Municipality. Council members and minority representatives are elected by secret ballot for a period of four years. The election procedure and other related matters are subject to provisions of the law regulating the election of members of representative bodies of local self-government. [&hellip;]<\/p>\n","protected":false},"author":4,"featured_media":0,"parent":7551,"menu_order":0,"comment_status":"closed","ping_status":"open","template":"","meta":[],"_links":{"self":[{"href":"https:\/\/knezevi-vinogradi.hr\/en\/wp-json\/wp\/v2\/pages\/7579\/"}],"collection":[{"href":"https:\/\/knezevi-vinogradi.hr\/en\/wp-json\/wp\/v2\/pages\/"}],"about":[{"href":"https:\/\/knezevi-vinogradi.hr\/en\/wp-json\/wp\/v2\/types\/page\/"}],"author":[{"embeddable":true,"href":"https:\/\/knezevi-vinogradi.hr\/en\/wp-json\/wp\/v2\/users\/4\/"}],"replies":[{"embeddable":true,"href":"https:\/\/knezevi-vinogradi.hr\/en\/wp-json\/wp\/v2\/comments\/?post=7579"}],"version-history":[{"count":1,"href":"https:\/\/knezevi-vinogradi.hr\/en\/wp-json\/wp\/v2\/pages\/7579\/revisions\/"}],"predecessor-version":[{"id":7580,"href":"https:\/\/knezevi-vinogradi.hr\/en\/wp-json\/wp\/v2\/pages\/7579\/revisions\/7580\/"}],"up":[{"embeddable":true,"href":"https:\/\/knezevi-vinogradi.hr\/en\/wp-json\/wp\/v2\/pages\/7551\/"}],"wp:attachment":[{"href":"https:\/\/knezevi-vinogradi.hr\/en\/wp-json\/wp\/v2\/media\/?parent=7579"}],"curies":[{"name":"wp","href":"https:\/\/api.w.org\/{rel}","templated":true}]}}