{"id":7582,"date":"2015-05-25T23:51:33","date_gmt":"2015-05-25T21:51:33","guid":{"rendered":"https:\/\/knezevi-vinogradi.hr\/?page_id=7582"},"modified":"2024-10-25T09:09:03","modified_gmt":"2024-10-25T07:09:03","slug":"hungarian-national-minority-council","status":"publish","type":"page","link":"https:\/\/knezevi-vinogradi.hr\/en\/organisation-2\/national-minorities-councils\/hungarian-national-minority-council\/","title":{"rendered":"Hungarian National Minority Council"},"content":{"rendered":"<p>The aim of the Council is to protect and promote the interests of the Hungarian national minority in accordance with the Constitutional Law on the Rights of National Minorities.<\/p>\n<p><strong>2023. (16.06.2023.):<\/strong><\/p>\n<ol>\n<li>Jo\u017eef Kozar\u00a0 \u2013 president<\/li>\n<li>Zoltan \u0160ipo\u0161 \u2013 deputy president<\/li>\n<li>Atila Horvat<\/li>\n<li>Julianna Sabo<\/li>\n<li>Edina Romer<\/li>\n<li>I\u0161tvan Midlinski<\/li>\n<li>Ferenc Rabi<\/li>\n<li>Marija Sele\u0161i<\/li>\n<li>Marika Kobia<\/li>\n<li>Ibojka Ro\u0161ta<\/li>\n<\/ol>\n<p><strong>2019. (19.06.2019.):<\/strong><br \/>\n1. Jo\u017eef Kozar \u2013 president<br \/>\n2. Atila Horvat \u2013 deputy president<br \/>\n3. Ilona Pinkert<br \/>\n4. Zoltan \u0160ipo\u0161<br \/>\n5. Julianna Szabo<br \/>\n6. Livia Kete\u0161<br \/>\n7. Ferenc Rabi<br \/>\n8. Ro\u017ea Horvat<br \/>\n9. I\u0161tvan Midlinski<br \/>\n10. Marika Kobia<\/p>\n<p><strong>2015.<\/strong> (01.07.2015.):<\/p>\n<ol>\n<li>Korina Toma\u0161i\u0107 Deak &#8211; president<\/li>\n<li>\u0110ula An\u0111al &#8211;\u00a0deputy president<\/li>\n<li>mr.sc. Dene\u0161 \u0160oja<\/li>\n<li>Kinga Kolar<\/li>\n<li>Josip Karasi<\/li>\n<li>Lilla Bistrican<\/li>\n<li>Ferenc Varga<\/li>\n<li>J\u00f3zsef Zolt\u00e1n M\u00f3ricz<\/li>\n<li>Karolj Horvat<\/li>\n<li>Ilona Trnko<\/li>\n<\/ol>\n<p><strong>2011.<\/strong><\/p>\n<ol>\n<li>Korina Toma\u0161i\u0107 Deak &#8211; president<\/li>\n<li>Beata Kova\u010d &#8211; deputy president<\/li>\n<li>mr. sc. Dene\u0161 \u0160oja<\/li>\n<li>Arpad \u0160ipec<\/li>\n<li>Hajnalka Bistrican<\/li>\n<li>Josip \u0160ipo\u0161<\/li>\n<li>Josip Karasi<\/li>\n<li>Karolj Horvat<\/li>\n<li>J\u00f3zsef Zolt\u00e1n M\u00f3ricz<\/li>\n<li>Oliver Lovakovi\u0107<\/li>\n<\/ol>\n<p><strong>2007.<\/strong><\/p>\n<ol>\n<li>Kinga Kolar &#8211;\u00a0president<\/li>\n<li>Hajnalka Bistrican &#8211; deputy president<\/li>\n<li>mr. Dene\u0161 \u0160oja<\/li>\n<li>mr. Jano\u0161 Ando\u010di<\/li>\n<li>Ida Pinkert<\/li>\n<li>Arpad Kereste\u0161<\/li>\n<li>\u0110ula An\u0111al<\/li>\n<li>Josip Karasi<\/li>\n<li>Jano\u0161 Jager<\/li>\n<li>Gabor Adam<\/li>\n<\/ol>\n","protected":false},"excerpt":{"rendered":"<p>The aim of the Council is to protect and promote the interests of the Hungarian national minority in accordance with the Constitutional Law on the Rights of National Minorities. 2023. (16.06.2023.): Jo\u017eef Kozar\u00a0 \u2013 president Zoltan \u0160ipo\u0161 \u2013 deputy president Atila Horvat Julianna Sabo Edina Romer I\u0161tvan Midlinski Ferenc Rabi Marija Sele\u0161i Marika Kobia Ibojka [&hellip;]<\/p>\n","protected":false},"author":4,"featured_media":0,"parent":7579,"menu_order":0,"comment_status":"closed","ping_status":"closed","template":"","meta":[],"_links":{"self":[{"href":"https:\/\/knezevi-vinogradi.hr\/en\/wp-json\/wp\/v2\/pages\/7582\/"}],"collection":[{"href":"https:\/\/knezevi-vinogradi.hr\/en\/wp-json\/wp\/v2\/pages\/"}],"about":[{"href":"https:\/\/knezevi-vinogradi.hr\/en\/wp-json\/wp\/v2\/types\/page\/"}],"author":[{"embeddable":true,"href":"https:\/\/knezevi-vinogradi.hr\/en\/wp-json\/wp\/v2\/users\/4\/"}],"replies":[{"embeddable":true,"href":"https:\/\/knezevi-vinogradi.hr\/en\/wp-json\/wp\/v2\/comments\/?post=7582"}],"version-history":[{"count":3,"href":"https:\/\/knezevi-vinogradi.hr\/en\/wp-json\/wp\/v2\/pages\/7582\/revisions\/"}],"predecessor-version":[{"id":60602,"href":"https:\/\/knezevi-vinogradi.hr\/en\/wp-json\/wp\/v2\/pages\/7582\/revisions\/60602\/"}],"up":[{"embeddable":true,"href":"https:\/\/knezevi-vinogradi.hr\/en\/wp-json\/wp\/v2\/pages\/7579\/"}],"wp:attachment":[{"href":"https:\/\/knezevi-vinogradi.hr\/en\/wp-json\/wp\/v2\/media\/?parent=7582"}],"curies":[{"name":"wp","href":"https:\/\/api.w.org\/{rel}","templated":true}]}}