{"id":7583,"date":"2015-05-25T23:52:51","date_gmt":"2015-05-25T21:52:51","guid":{"rendered":"https:\/\/knezevi-vinogradi.hr\/?page_id=7583"},"modified":"2016-04-11T21:24:25","modified_gmt":"2016-04-11T20:24:25","slug":"serbian-national-minority-council","status":"publish","type":"page","link":"https:\/\/knezevi-vinogradi.hr\/en\/organisation-2\/national-minorities-councils\/serbian-national-minority-council\/","title":{"rendered":"Serbian National Minority Council"},"content":{"rendered":"<p>The Serbian National Minority Council is a non-profit legal entity that aims to promote, declare and protect the position of the Serbian national minority in the Kne\u017eevi Vinogradi Municipality. The Serbian national minority elects their council representatives from the Municipality, in accordance with the law, for the purpose of taking part in public life and managing local affairs that are of special interest to the Serbian national minority.<\/p>\n<p><strong>Members<\/strong>\u00a0<strong>2015<\/strong>. (constituted on 01.07.2015.)<\/p>\n<ol>\n<li>Spomenka Banovi\u0107 &#8211;\u00a0president<\/li>\n<li>Bo\u0161ko Lazarevi\u0107 &#8211;\u00a0deputy president<\/li>\n<li>Du\u0161an Lukovi\u0107<\/li>\n<li>Vladimir Horvat<\/li>\n<li>Savo Mihajlovi\u0107<\/li>\n<li>Svetomir \u0160a\u0161li\u0107<\/li>\n<li>Slobodan \u0160ujdovi\u0107<\/li>\n<li>Biserka Vu\u010denovi\u0107<\/li>\n<li>Rade Trbovi\u0107<\/li>\n<li>Jasminka Bodlovi\u0107<\/li>\n<\/ol>\n<p><strong>2011.<\/strong><\/p>\n<ol>\n<li>Spomenka Banovi\u0107 &#8211;\u00a0president<\/li>\n<li>Vera Kne\u017eevi\u0107<\/li>\n<li>\u0110ura\u0111 Gnjatovi\u0107<\/li>\n<li>Du\u0161an Lukovi\u0107<\/li>\n<li>Rade Trbovi\u0107<\/li>\n<li>Savo Mihajlovi\u0107<\/li>\n<li>Dragica Malini\u0107<\/li>\n<li>Goran Vidovi\u0107<\/li>\n<li>Rajka Vukovi\u0107<\/li>\n<li>Svetomir \u0160a\u0161li\u0107<\/li>\n<\/ol>\n<p><strong>2007.<\/strong><\/p>\n<ol>\n<li>\u0110ura\u0111 Gnjatovi\u0107 \u2013\u00a0president<\/li>\n<li>Neboj\u0161a Nikoli\u0107 \u2013 deputy president<\/li>\n<li>Biljana Despini\u0107<\/li>\n<li>Vera Kne\u017eevi\u0107<\/li>\n<li>Ljubisav Lukovi\u0107<\/li>\n<li>Ljiljana Radoj\u010din<\/li>\n<li>Stojkica \u010cavi\u0107<\/li>\n<li>Dragica Malini\u0107<\/li>\n<li>Dragoslav Mili\u0107<\/li>\n<li>Savo Mihajlovi\u0107<\/li>\n<\/ol>\n","protected":false},"excerpt":{"rendered":"<p>The Serbian National Minority Council is a non-profit legal entity that aims to promote, declare and protect the position of the Serbian national minority in the Kne\u017eevi Vinogradi Municipality. The Serbian national minority elects their council representatives from the Municipality, in accordance with the law, for the purpose of taking part in public life and [&hellip;]<\/p>\n","protected":false},"author":4,"featured_media":0,"parent":7579,"menu_order":1,"comment_status":"closed","ping_status":"closed","template":"","meta":[],"_links":{"self":[{"href":"https:\/\/knezevi-vinogradi.hr\/en\/wp-json\/wp\/v2\/pages\/7583\/"}],"collection":[{"href":"https:\/\/knezevi-vinogradi.hr\/en\/wp-json\/wp\/v2\/pages\/"}],"about":[{"href":"https:\/\/knezevi-vinogradi.hr\/en\/wp-json\/wp\/v2\/types\/page\/"}],"author":[{"embeddable":true,"href":"https:\/\/knezevi-vinogradi.hr\/en\/wp-json\/wp\/v2\/users\/4\/"}],"replies":[{"embeddable":true,"href":"https:\/\/knezevi-vinogradi.hr\/en\/wp-json\/wp\/v2\/comments\/?post=7583"}],"version-history":[{"count":1,"href":"https:\/\/knezevi-vinogradi.hr\/en\/wp-json\/wp\/v2\/pages\/7583\/revisions\/"}],"predecessor-version":[{"id":7585,"href":"https:\/\/knezevi-vinogradi.hr\/en\/wp-json\/wp\/v2\/pages\/7583\/revisions\/7585\/"}],"up":[{"embeddable":true,"href":"https:\/\/knezevi-vinogradi.hr\/en\/wp-json\/wp\/v2\/pages\/7579\/"}],"wp:attachment":[{"href":"https:\/\/knezevi-vinogradi.hr\/en\/wp-json\/wp\/v2\/media\/?parent=7583"}],"curies":[{"name":"wp","href":"https:\/\/api.w.org\/{rel}","templated":true}]}}