{"id":7591,"date":"2015-05-25T21:39:26","date_gmt":"2015-05-25T19:39:26","guid":{"rendered":"https:\/\/knezevi-vinogradi.hr\/?page_id=7591"},"modified":"2016-04-11T21:30:49","modified_gmt":"2016-04-11T20:30:49","slug":"exercising-the-right-to-access-information","status":"publish","type":"page","link":"https:\/\/knezevi-vinogradi.hr\/en\/organisation-2\/exercising-the-right-to-access-information\/","title":{"rendered":"Exercising the right to access information"},"content":{"rendered":"<p>The user may exercise their right to access information by submitting an oral or written request to the Kne\u017eevi Vinogradi Municipality.<br \/>\nThe oral request may be submitted in person or by phone: 00 385 31 730 938 (Main Number) or 00 385 31 732 107 (Communications Officer) as well as in writing:<\/p>\n<ul>\n<li>by post: Op\u0107ina Kne\u017eevi Vinogradi, Jedinstveni upravni odjel, Hrvatske Republike 3, \u00a031309 Kne\u017eevi Vinogradi or<\/li>\n<li>via e-mail: <a href=\"mailto:opcina@knezevi-vinogradi.hr\" target=\"_blank\">opcina@knezevi-vinogradi.hr<\/a><\/li>\n<\/ul>\n<p>The Communications Officer for the Kne\u017eevi Vinogradi Municipality is \u017deljka Kolari\u0107.<\/p>\n","protected":false},"excerpt":{"rendered":"<p>The user may exercise their right to access information by submitting an oral or written request to the Kne\u017eevi Vinogradi Municipality. The oral request may be submitted in person or by phone: 00 385 31 730 938 (Main Number) or 00 385 31 732 107 (Communications Officer) as well as in writing: by post: Op\u0107ina [&hellip;]<\/p>\n","protected":false},"author":4,"featured_media":0,"parent":7551,"menu_order":0,"comment_status":"closed","ping_status":"open","template":"","meta":[],"_links":{"self":[{"href":"https:\/\/knezevi-vinogradi.hr\/en\/wp-json\/wp\/v2\/pages\/7591\/"}],"collection":[{"href":"https:\/\/knezevi-vinogradi.hr\/en\/wp-json\/wp\/v2\/pages\/"}],"about":[{"href":"https:\/\/knezevi-vinogradi.hr\/en\/wp-json\/wp\/v2\/types\/page\/"}],"author":[{"embeddable":true,"href":"https:\/\/knezevi-vinogradi.hr\/en\/wp-json\/wp\/v2\/users\/4\/"}],"replies":[{"embeddable":true,"href":"https:\/\/knezevi-vinogradi.hr\/en\/wp-json\/wp\/v2\/comments\/?post=7591"}],"version-history":[{"count":1,"href":"https:\/\/knezevi-vinogradi.hr\/en\/wp-json\/wp\/v2\/pages\/7591\/revisions\/"}],"predecessor-version":[{"id":7592,"href":"https:\/\/knezevi-vinogradi.hr\/en\/wp-json\/wp\/v2\/pages\/7591\/revisions\/7592\/"}],"up":[{"embeddable":true,"href":"https:\/\/knezevi-vinogradi.hr\/en\/wp-json\/wp\/v2\/pages\/7551\/"}],"wp:attachment":[{"href":"https:\/\/knezevi-vinogradi.hr\/en\/wp-json\/wp\/v2\/media\/?parent=7591"}],"curies":[{"name":"wp","href":"https:\/\/api.w.org\/{rel}","templated":true}]}}