{"id":7597,"date":"2015-05-26T00:27:11","date_gmt":"2015-05-25T22:27:11","guid":{"rendered":"https:\/\/knezevi-vinogradi.hr\/?page_id=7597"},"modified":"2024-03-14T10:23:32","modified_gmt":"2024-03-14T08:23:32","slug":"daycare-center-zeko","status":"publish","type":"page","link":"https:\/\/knezevi-vinogradi.hr\/en\/institutions-and-companies\/daycare-center-zeko\/","title":{"rendered":"Daycare Center &#8220;Zeko&#8221;"},"content":{"rendered":"\n\t\t<style type=\"text\/css\">\n\t\t\t#gallery-1 {\n\t\t\t\tmargin: auto;\n\t\t\t}\n\t\t\t#gallery-1 .gallery-item {\n\t\t\t\tfloat: left;\n\t\t\t\tmargin-top: 10px;\n\t\t\t\ttext-align: center;\n\t\t\t\twidth: 100%;\n\t\t\t}\n\t\t\t#gallery-1 img {\n\t\t\t\tborder: 2px solid #cfcfcf;\n\t\t\t}\n\t\t\t#gallery-1 .gallery-caption {\n\t\t\t\tmargin-left: 0;\n\t\t\t}\n\t\t\t\/* see gallery_shortcode() in wp-includes\/media.php *\/\n\t\t<\/style>\n\t\t<div id='gallery-1' class='gallery galleryid-7597 gallery-columns-1 gallery-size-thumbnail'><dl class='gallery-item'>\n\t\t\t<dt class='gallery-icon landscape'>\n\t\t\t\t<a href='https:\/\/knezevi-vinogradi.hr\/wp-content\/uploads\/2015\/05\/zeko_grb1.jpg' title=\"\" data-rl_title=\"\" class=\"rl-gallery-link\" data-rl_caption=\"\" data-rel=\"lightbox-gallery-1\"><img width=\"150\" height=\"150\" src=\"https:\/\/knezevi-vinogradi.hr\/wp-content\/uploads\/2015\/05\/zeko_grb1-150x150.jpg\" class=\"attachment-thumbnail size-thumbnail\" alt=\"\" loading=\"lazy\" srcset=\"https:\/\/knezevi-vinogradi.hr\/wp-content\/uploads\/2015\/05\/zeko_grb1-150x150.jpg 150w, https:\/\/knezevi-vinogradi.hr\/wp-content\/uploads\/2015\/05\/zeko_grb1-480x480.jpg 480w, https:\/\/knezevi-vinogradi.hr\/wp-content\/uploads\/2015\/05\/zeko_grb1.jpg 484w\" sizes=\"(max-width: 150px) 100vw, 150px\" \/><\/a>\n\t\t\t<\/dt><\/dl><br style=\"clear: both\" \/>\n\t\t<\/div>\n\n<p>The Kne\u017eevi Vinogradi Municipality established the Daycare Center &#8220;Zeko&#8221; in 1998. Organized preschool education in the Municipality started in 1978. At the time, daycare centers in the Municipality belonged to elementary schools, were state-owned and were financed from the state budget. Four settlements of the Municipality have daycare centers. Croatian is spoken in daycare centers in Kne\u017eevi Vinogradi and Karanac and Hungarian is spoken in daycare centers in Zmajevac and Suza.<\/p>\n<p style=\"text-align: justify;\">The Daycare Center &#8220;Zeko&#8221; provides pre-school education and care of preschool children from the age of three to school age. Full-time six-hour and ten-hour daycare programs are adapted to children&#8217;s development needs. Also, a separate program is provided for Hungarian minority children.<\/p>\n<p style=\"text-align: justify;\">In the educational year 2017\/2018, preschool education at daycare centers comprised 85 children.<\/p>\n<p style=\"text-align: justify;\"><a href=\"https:\/\/knezevi-vinogradi.hr\/galerije\/djecji-vrtic-zeko\/\" target=\"_blank\" rel=\"noopener noreferrer\">GALLERY<\/a><\/p>\n<h3><strong>Daycare Center &#8220;Zeko&#8221; &#8211; Kne\u017eevi Vinogradi<\/strong><\/h3>\n<p><span style=\"line-height: 1.5;\">Daycare Center &#8220;Zeko&#8221;<br \/>\nGlavna 84a<br \/>\n<\/span><span style=\"line-height: 1.5;\">Telephone\/Fax: 031\/731-012<br \/>\n<\/span><span style=\"line-height: 1.5;\">E-mail: <a href=\"mailto:dvzekoknvin@gmail.com\" target=\"_blank\" rel=\"noopener noreferrer\">dvzekoknvin@gmail.com<\/a><\/span><a style=\"line-height: 1.5;\" href=\"mailto:dvzeko@net.hr\"><br \/>\n<\/a>Director: Dajana Bogdan &#8211; 099 516 2806<br \/>\nEducators: Ksenija Kondi\u0107, Ana Marija Pape\u017e, Marija Vukovi\u0107, Marica Bla\u017eevi\u0107, Valentina Veseli, Renata Laslo<br \/>\nHealth manager: Ivana Sabolek, Magdalena \u0160kori\u0107 (replacement)<\/p>\n<p><strong>Educational groups:<br \/>\n<\/strong>&#8211; Older mixed &#8211; 26 children<br \/>\n&#8211; Junior mixed &#8211; 20 children<br \/>\n&#8211; Nursery &#8211; 12 children<\/p>\n<p>The daycare centers have 6-hour and 10-hour programs. The 10-hour program was established in 2008. The daycare center building is in the center of Kne\u017eevi Vinogradi. Our daycare center stands out for holding Sports Games that commemorate the Daycare Center Day and all attendants. They have been held for 12 years.<\/p>\n<p>The Games are divided in three parts:<\/p>\n<ul>\n<li>competitions for children of up to 4 years<\/li>\n<li>team tournaments<\/li>\n<li>running<\/li>\n<\/ul>\n<p>The Daycare Center fosters traditional preschool children&#8217;s games and folklore.<\/p>\n<p><strong>Branch Daycare Center\u00a0<\/strong><strong style=\"line-height: 1.5;\">Karanac<\/strong><\/p>\n<p>Kolodvorska 106<br \/>\nTelephone: 031\/720-014<br \/>\nEducator: Nedeljka Horvat<\/p>\n<p>One mixed group with 16 children.<\/p>\n<p>Children aged 3 up to school age attend our Daycare Center. The program in one mixed group is a 6-hour one. The Daycare Center shares the building with the Elementary School Kne\u017eevi Vinogradi in Karanac. They work well with parents and this allows for creativity in terms of activities. Some specific ones include grape picking in vineyards, a tour of a farm with cows and horses, throwing Halloween Night.<\/p>\n<p>&nbsp;<\/p>\n<h3><strong>Branch Daycare Center Suza <\/strong><\/h3>\n<p>\u0160andora Petefija 1<br \/>\nTelephone: 031\/733-064<br \/>\nEducator: Etelka Pilat<\/p>\n<p>One mixed group with 11 children.<\/p>\n<p>Preschool education takes place in a building owned by the Elementary School Zmajevac in Suza. The daycare group is for children aged 3 up to school age. The six-hour program is held in Hungarian, with mandatory Croatian language lessons (10 hours per week). Other activities and workshops with parents are organized as well.<\/p>\n<p>&nbsp;<\/p>\n<h3><strong>Branch Daycare Center<\/strong><strong> Zmajevac <\/strong><\/h3>\n<p>\u0160portska ulica 2A<br \/>\nEducator: Gabrijela Juhas<\/p>\n<p>One mixed group with 5 children.<\/p>\n<p style=\"text-align: justify;\">Preschool education takes place in a dedicated area in the building owned by the Elementary School Zmajevac. The daycare group is for children aged 3 up to school age. The six-hour program is held in Hungarian, with mandatory Croatian language lessons (10 hours per week).<\/p>\n<p>&nbsp;<\/p>\n<p>All daycare centers cooperate very well with parents, Elementary schools Kn. Vinogradi and Zmajevac, local committes, youth and others&#8230;<\/p>\n","protected":false},"excerpt":{"rendered":"<p>The Kne\u017eevi Vinogradi Municipality established the Daycare Center &#8220;Zeko&#8221; in 1998. Organized preschool education in the Municipality started in 1978. At the time, daycare centers in the Municipality belonged to elementary schools, were state-owned and were financed from the state budget. Four settlements of the Municipality have daycare centers. Croatian is spoken in daycare centers [&hellip;]<\/p>\n","protected":false},"author":4,"featured_media":0,"parent":7594,"menu_order":0,"comment_status":"closed","ping_status":"open","template":"","meta":[],"_links":{"self":[{"href":"https:\/\/knezevi-vinogradi.hr\/en\/wp-json\/wp\/v2\/pages\/7597\/"}],"collection":[{"href":"https:\/\/knezevi-vinogradi.hr\/en\/wp-json\/wp\/v2\/pages\/"}],"about":[{"href":"https:\/\/knezevi-vinogradi.hr\/en\/wp-json\/wp\/v2\/types\/page\/"}],"author":[{"embeddable":true,"href":"https:\/\/knezevi-vinogradi.hr\/en\/wp-json\/wp\/v2\/users\/4\/"}],"replies":[{"embeddable":true,"href":"https:\/\/knezevi-vinogradi.hr\/en\/wp-json\/wp\/v2\/comments\/?post=7597"}],"version-history":[{"count":9,"href":"https:\/\/knezevi-vinogradi.hr\/en\/wp-json\/wp\/v2\/pages\/7597\/revisions\/"}],"predecessor-version":[{"id":58563,"href":"https:\/\/knezevi-vinogradi.hr\/en\/wp-json\/wp\/v2\/pages\/7597\/revisions\/58563\/"}],"up":[{"embeddable":true,"href":"https:\/\/knezevi-vinogradi.hr\/en\/wp-json\/wp\/v2\/pages\/7594\/"}],"wp:attachment":[{"href":"https:\/\/knezevi-vinogradi.hr\/en\/wp-json\/wp\/v2\/media\/?parent=7597"}],"curies":[{"name":"wp","href":"https:\/\/api.w.org\/{rel}","templated":true}]}}