{"id":1543,"date":"2013-12-01T17:45:28","date_gmt":"2013-12-01T15:45:28","guid":{"rendered":"https:\/\/knezevi-vinogradi.hr\/?page_id=1543"},"modified":"2024-10-25T08:25:56","modified_gmt":"2024-10-25T06:25:56","slug":"kapcsolat","status":"publish","type":"page","link":"https:\/\/knezevi-vinogradi.hr\/hu\/kapcsolat\/","title":{"rendered":"Kapcsolat"},"content":{"rendered":"<p><strong>Op\u0107ina Kne\u017eevi Vinogradi<br \/>\n<\/strong>31309 Kne\u017eevi Vinogradi<br \/>\nHrvatske Republike 3<\/p>\n<p>E-mail: <a href=\"mailto:opcina@knezevi-vinogradi.hr\">opcina@knezevi-vinogradi.hr<\/a>, <a href=\"mailto:pisarnica@knezevi-vinogradi.hr\">pisarnica@knezevi-vinogradi.hr<\/a><\/p>\n<p>Tel.: +385 (0) 31 730 938<br \/>\nFax.: +385 (0) 31 732 106<\/p>\n<p><strong>Mati\u010dni broj <\/strong>(nyilv\u00e1ntart\u00e1si sz\u00e1ma): 02551900<br \/>\n<strong>OIB <\/strong>(K\u00f6z\u00f6ss\u00e9gi ad\u00f3sz\u00e1m): 35938293122<\/p>\n<p>A c\u00e9g neve \u00e9s sz\u00e9khelye ahol nyitva van az \u00fczleti sz\u00e1mla :<br \/>\nPrivredna banka d.d. Zagreb<br \/>\nIBAN: <strong>HR83 23400091819500000<\/strong><\/p>\n","protected":false},"excerpt":{"rendered":"<p>Op\u0107ina Kne\u017eevi Vinogradi 31309 Kne\u017eevi Vinogradi Hrvatske Republike 3 E-mail: opcina@knezevi-vinogradi.hr, pisarnica@knezevi-vinogradi.hr Tel.: +385 (0) 31 730 938 Fax.: +385 (0) 31 732 106 Mati\u010dni broj (nyilv\u00e1ntart\u00e1si sz\u00e1ma): 02551900 OIB (K\u00f6z\u00f6ss\u00e9gi ad\u00f3sz\u00e1m): 35938293122 A c\u00e9g neve \u00e9s sz\u00e9khelye ahol nyitva van az \u00fczleti sz\u00e1mla : Privredna banka d.d. Zagreb IBAN: HR83 23400091819500000<\/p>\n","protected":false},"author":2,"featured_media":0,"parent":0,"menu_order":0,"comment_status":"closed","ping_status":"closed","template":"","meta":[],"_links":{"self":[{"href":"https:\/\/knezevi-vinogradi.hr\/hu\/wp-json\/wp\/v2\/pages\/1543\/"}],"collection":[{"href":"https:\/\/knezevi-vinogradi.hr\/hu\/wp-json\/wp\/v2\/pages\/"}],"about":[{"href":"https:\/\/knezevi-vinogradi.hr\/hu\/wp-json\/wp\/v2\/types\/page\/"}],"author":[{"embeddable":true,"href":"https:\/\/knezevi-vinogradi.hr\/hu\/wp-json\/wp\/v2\/users\/2\/"}],"replies":[{"embeddable":true,"href":"https:\/\/knezevi-vinogradi.hr\/hu\/wp-json\/wp\/v2\/comments\/?post=1543"}],"version-history":[{"count":8,"href":"https:\/\/knezevi-vinogradi.hr\/hu\/wp-json\/wp\/v2\/pages\/1543\/revisions\/"}],"predecessor-version":[{"id":60572,"href":"https:\/\/knezevi-vinogradi.hr\/hu\/wp-json\/wp\/v2\/pages\/1543\/revisions\/60572\/"}],"wp:attachment":[{"href":"https:\/\/knezevi-vinogradi.hr\/hu\/wp-json\/wp\/v2\/media\/?parent=1543"}],"curies":[{"name":"wp","href":"https:\/\/api.w.org\/{rel}","templated":true}]}}