{"id":4700,"date":"2015-07-12T18:35:24","date_gmt":"2015-07-12T16:35:24","guid":{"rendered":"https:\/\/knezevi-vinogradi.hr\/?page_id=4700"},"modified":"2017-07-14T08:00:26","modified_gmt":"2017-07-14T07:00:26","slug":"udvozoljuk","status":"publish","type":"page","link":"https:\/\/knezevi-vinogradi.hr\/hu\/udvozoljuk\/","title":{"rendered":"\u00dcdv\u00f6z\u00f6lj\u00fck"},"content":{"rendered":"<p>[vc_row][vc_column]<div class=\"c-content-box m-forced\"><strong>Kedves l\u00e1togat\u00f3k, j\u00f3 sz\u00e1nd\u00e9k\u00fa bar\u00e1tok!<\/strong><br \/>\n<img loading=\"lazy\" class=\"size-thumbnail wp-image-10438 alignright\" src=\"https:\/\/knezevi-vinogradi.hr\/wp-content\/uploads\/2015\/07\/Slika1-150x150.jpg\" alt=\"slika1\" width=\"150\" height=\"150\" \/>\u0150szint\u00e9n k\u00f6sz\u00f6nten\u00e9m \u00d6n\u00f6ket \u00e9s megk\u00f6sz\u00f6n\u00f6m az \u00e9rdekl\u0151d\u00e9st a Hercegsz\u00f6ll\u0151si J\u00e1r\u00e1s ir\u00e1nt. A Hercegsz\u00f6ll\u0151si J\u00e1r\u00e1s ter\u00fcletileg egyike a legnagyobb J\u00e1r\u00e1soknak nemcsak az Esz\u00e9k-Baranya Megy\u00e9ben hanem Horv\u00e1torsz\u00e1gban is. T\u00f6rt\u00e9nelmi \u00e9s jelenlegi helyzet bemutat\u00e1sa mellett a J\u00e1r\u00e1s ter\u00fclet\u00e9n, nem titkolt sz\u00e1nd\u00e9ka \u00e9s v\u00e1gya ennek az oldalnak, hogy prezent\u00e1lja minden m\u00f3don a J\u00e1r\u00e1s ter\u00fclet\u00e9nek gazdas\u00e1g\u00e1t a l\u00e1togat\u00f3k sz\u00e1m\u00e1ra, hogy meggy\u0151z\u0151djenek minden tekintettel a lakoss\u00e1g szorgalm\u00e1r\u00f3l \u00e9s vend\u00e9gszeretet\u00e9r\u0151l.<\/p>\n<p><p><a href=\"\/hu\/az-eloljaro-szava\/\" class=\"c-button\">T\u00f6bb<\/a><\/p>\n<\/div>[\/vc_column][\/vc_row][vc_row][vc_column]<div class=\"c-directory m-2-columns\"><div class=\"c-content-box\"><div class=\"directory-inner\"><h2 class=\"directory-title\">Kiemelt oldalak<\/h2><div class=\"directory-content\"><div class=\"menu-menu-sredina-container\"><ul id=\"menu-menu-sredina\" class=\"directory-menu\"><li id=\"menu-item-2836\" class=\"menu-item menu-item-type-post_type menu-item-object-page menu-item-2836\"><a href=\"https:\/\/knezevi-vinogradi.hr\/kontakt\/\">Kontakt<\/a><\/li>\n<li id=\"menu-item-2837\" class=\"menu-item menu-item-type-post_type menu-item-object-page menu-item-2837\"><a href=\"https:\/\/knezevi-vinogradi.hr\/opcina\/\">Op\u0107ina<\/a><\/li>\n<li id=\"menu-item-2838\" class=\"menu-item menu-item-type-post_type menu-item-object-page menu-item-2838\"><a href=\"https:\/\/knezevi-vinogradi.hr\/turizam\/\">Turizam<\/a><\/li>\n<li id=\"menu-item-49473\" class=\"menu-item menu-item-type-custom menu-item-object-custom menu-item-49473\"><a href=\"https:\/\/www.zona.knezevi-vinogradi.hr\/\">Poslovno-poduzetni\u010dka i rekreativna zona Kne\u017eevi Vinogradi<\/a><\/li>\n<li id=\"menu-item-3597\" class=\"menu-item menu-item-type-post_type menu-item-object-page menu-item-3597\"><a href=\"https:\/\/knezevi-vinogradi.hr\/ustanove-i-tvrtke\/knezevi-parkovi-doo\/\">Kne\u017eevi parkovi d.o.o.<\/a><\/li>\n<li id=\"menu-item-6182\" class=\"menu-item menu-item-type-post_type menu-item-object-page menu-item-6182\"><a href=\"https:\/\/knezevi-vinogradi.hr\/ustroj\/ostvarivanje-prava-na-pristup-informacijama\/\">Ostvarivanje prava na pristup informacijama<\/a><\/li>\n<li id=\"menu-item-12225\" class=\"menu-item menu-item-type-post_type menu-item-object-page menu-item-12225\"><a href=\"https:\/\/knezevi-vinogradi.hr\/sluzbenik-za-zastitu-osobnih-podataka\/\">Slu\u017ebenik za za\u0161titu osobnih podataka<\/a><\/li>\n<li id=\"menu-item-7625\" class=\"menu-item menu-item-type-custom menu-item-object-custom menu-item-7625\"><a href=\"http:\/\/biblio.knezevi-vinogradi.hr\">Biblio &#8211; Baza Podataka<\/a><\/li>\n<\/ul><\/div><\/div><\/div><\/div><\/div>[\/vc_column][\/vc_row]<\/p>\n","protected":false},"excerpt":{"rendered":"<p>[vc_row][vc_column][\/vc_column][\/vc_row][vc_row][vc_column][\/vc_column][\/vc_row]<\/p>\n","protected":false},"author":2,"featured_media":0,"parent":0,"menu_order":0,"comment_status":"closed","ping_status":"open","template":"","meta":[],"_links":{"self":[{"href":"https:\/\/knezevi-vinogradi.hr\/hu\/wp-json\/wp\/v2\/pages\/4700\/"}],"collection":[{"href":"https:\/\/knezevi-vinogradi.hr\/hu\/wp-json\/wp\/v2\/pages\/"}],"about":[{"href":"https:\/\/knezevi-vinogradi.hr\/hu\/wp-json\/wp\/v2\/types\/page\/"}],"author":[{"embeddable":true,"href":"https:\/\/knezevi-vinogradi.hr\/hu\/wp-json\/wp\/v2\/users\/2\/"}],"replies":[{"embeddable":true,"href":"https:\/\/knezevi-vinogradi.hr\/hu\/wp-json\/wp\/v2\/comments\/?post=4700"}],"version-history":[{"count":15,"href":"https:\/\/knezevi-vinogradi.hr\/hu\/wp-json\/wp\/v2\/pages\/4700\/revisions\/"}],"predecessor-version":[{"id":10708,"href":"https:\/\/knezevi-vinogradi.hr\/hu\/wp-json\/wp\/v2\/pages\/4700\/revisions\/10708\/"}],"wp:attachment":[{"href":"https:\/\/knezevi-vinogradi.hr\/hu\/wp-json\/wp\/v2\/media\/?parent=4700"}],"curies":[{"name":"wp","href":"https:\/\/api.w.org\/{rel}","templated":true}]}}