{"id":4731,"date":"2015-07-03T13:19:26","date_gmt":"2015-07-03T12:19:26","guid":{"rendered":"https:\/\/knezevi-vinogradi.hr\/?page_id=4731"},"modified":"2015-12-21T13:31:50","modified_gmt":"2015-12-21T12:31:50","slug":"turizmus","status":"publish","type":"page","link":"https:\/\/knezevi-vinogradi.hr\/hu\/turizmus\/","title":{"rendered":"Turizmus"},"content":{"rendered":"<p>Korunk zaklatott \u00e9letvitele j\u00e1rul hozz\u00e1 legink\u00e1bb az idegenforgalom fejl\u0151d\u00e9s\u00e9hez. Ki ne \u00e9rezte volna m\u00e1r az \u00f6r\u00f6k\u00f6s rohan\u00e1s okozta f\u00e1radts\u00e1got, ki ne k\u00edv\u00e1nt volna szabadulni h\u00e9tk\u00f6znapjainak l\u00e1ncait\u00f3l. Gyakran szeretn\u00e9nk elfelejteni gondjainkat egy csendes, b\u00e9k\u00e9s k\u00f6rnyezetben. Igazi fel\u00fcd\u00fcl\u00e9st k\u00edn\u00e1lnak l\u00e1togat\u00f3iknak a Hercegsz\u00f6ll\u0151si J\u00e1r\u00e1s falvai saj\u00e1tos, igen gazdag term\u00e9szeti adotts\u00e1gaikkal, turisztikai k\u00edn\u00e1latukkal.<\/p>\n<p>Esz\u00e9k v\u00e1ros\u00e1t\u00f3l \u00e9szaki ir\u00e1nyba, h\u00fasz kilom\u00e9ternyi t\u00e1vols\u00e1gra tal\u00e1lhat\u00f3 ez a kis o\u00e1zis, a B\u00e1ni-hegy d\u00e9li lank\u00e1in. Az id\u0151 lelassul itt, ak\u00e1rcsak a ter\u00fcletet \u00f6lel\u0151 Duna \u00e9s Dr\u00e1va folyamok m\u00e9lt\u00f3s\u00e1ggal tovad\u00f6rg\u00f6l\u0151dz\u0151 hull\u00e1mai, amelyek \u00e9vsz\u00e1zadokon \u00e1t \u00f6lelik e kies t\u00e1j erd\u0151it, mez\u0151it, sz\u0151l\u0151skertjeit, lak\u00f3inak lelk\u00e9t. A t\u00e1j lak\u00f3i szorgalmukkal, figyelm\u00fckkel viszonozz\u00e1k e m\u00e9rf\u00f6ldes \u00f6lel\u00e9st, ami\u00e9rt \u00e9des m\u00e9zet, \u00fcde gy\u00fcm\u00f6lcs\u00f6t, gy\u00f6ngy\u00f6z\u0151 bort, zs\u00edros gabon\u00e1t kapnak cser\u00e9be. \u00cdgy azt\u00e1n \u00f6sszetartoz\u00e1suk \u00f6r\u00f6k \u00e9s megt\u00f6rhetetlen. Ez a megfoghatatlan sz\u00e9ps\u00e9g\u0171 k\u00f6tel\u00e9k \u00e9rz\u00e9kelhet\u0151 a Dr\u00e1vasz\u00f6g jellegzetes \u00f6lel\u00e9s\u00e9ben, amely \u00fajra \u00e9s \u00fajra visszacsalogatja azokat, akiket egyszer meg\u00e9rintett a var\u00e1zsa. Kiss\u00e9 sz\u00e9gyenl\u0151sen rejtegeti e t\u00e1j gy\u00f6ngyeit, m\u00e9gis \u00f6nzetlen\u00fcl felk\u00edn\u00e1lja mindazoknak, akik \u0151szinte \u00e9rdekl\u0151d\u00e9ssel, tiszta sz\u00e1nd\u00e9kkal, halkan megsz\u00f3l\u00edtj\u00e1k, ahogy egy kedveshez illik.<\/p>\n<p>Egyed\u00fcl\u00e1ll\u00f3ak a l\u00f6szfalba v\u00e1jt \u00e9vsz\u00e1zados pinc\u00e9i. V\u00e9gtelen sz\u0151l\u0151skertjei kiv\u00e1l\u00f3 min\u0151s\u00e9g\u0171 baranyai borokat teremnek, amelyek kir\u00e1lyi \u00edzei a hazai konyha specialit\u00e1sainak \u00e9lvezete ut\u00e1n csillannak fel igaz\u00e1n. Hal\u00e9telek \u00e9s vadast\u00e1l v\u00e1rj\u00e1k az erd\u0151k m\u00e9ly\u00e9n rejt\u0151zk\u00f6d\u0151 vad\u00e1szh\u00e1zak l\u00e1togat\u00f3it. A feled\u00e9st\u0151l megmentett \u0151si foglalkoz\u00e1sok, \u00e9rdekes n\u00e9pszok\u00e1sok, dal \u00e9s zene mind-mind r\u00e9szecsk\u00e9i csup\u00e1n az idegenforgalmi k\u00edn\u00e1latnak, amely ezt a vid\u00e9ket egyediv\u00e9, izgalmass\u00e1 \u00e9s felismerhet\u0151v\u00e9 teszi.<\/p>\n<p>A Hercegsz\u00f6ll\u0151si J\u00e1r\u00e1s ter\u00fclete m\u00e1r r\u00e9g\u00f3ta ismert, nagy trad\u00edci\u00f3val rendelkez\u0151 borterm\u0151 vid\u00e9k, amely kiv\u00e1l\u00f3 term\u00e9szeti adotts\u00e1gokkal meg\u00e1ldott. N\u00e9melyek<br \/>\nszerint Baranya nev\u00e9t a \u201ebor anyja\u201d szavakb\u00f3l kapta. Ha \u00edgy van, akkor ebben a dr\u00e1vasz\u00f6gi l\u00f6szh\u00e1tnak, amelyet a helyiek B\u00e1ni-hegynek neveznek, bizony\u00e1ra nagy szerepe volt.<\/p>\n<p>N\u00e9mely kutat\u00f3k \u00fagy v\u00e9lik, hogy az itteni els\u0151 sz\u0151l\u0151skerteket a r\u00f3mai cs\u00e1sz\u00e1rs\u00e1g idej\u00e9n telep\u00edtett\u00e9k. Az\u00f3ta fejl\u0151dik a bor\u00e1szat, amelyet m\u00e1r egykori nagybirtokos tulajdonosai is sikerrel m\u0171veltek, majd a Belje kombin\u00e1t bor\u00e1szata v\u00e1lt messze f\u00f6ld\u00f6n ismertt\u00e9. Manaps\u00e1g a meg\u00fajul\u00f3 Belje Bor\u00e1szati \u00dczem mellett sikeres mag\u00e1nbor\u00e1szok n\u00f6velik tov\u00e1bb a baranyai borok h\u00edrnev\u00e9t, mint p\u00e9ld\u00e1ul Josi\u0107, Gerstm\u00e1jer, Medi\u0107, Koll\u00e1r, Kov\u00e1ts \u00e9s m\u00e1sok.<\/p>\n<p>A borkedvel\u0151k bizony\u00e1ra j\u00f3l ismerik a Belje olaszrizlingj\u00e9t, amely hossz\u00fa \u00e9veken \u00e1t sok bork\u00f3stol\u00f3n nyert arany\u00e9rmet. A l\u00f6szfalba v\u00e1jt pinc\u00e9k l\u00e1togat\u00e1sa szakavatott k\u00eds\u00e9rettel nem mindennapi \u00e9lm\u00e9nyt \u00edg\u00e9r. A pinc\u00e9k k\u00f6z\u00fcl n\u00e9h\u00e1nyat m\u00e1r m\u0171eml\u00e9kk\u00e9 nyilv\u00e1n\u00edtottak, \u00e9s falusi \u00e9p\u00edt\u00e9szet\u00fcnk, kultur\u00e1lis m\u00faltunk \u00e9rt\u00e9kes r\u00e9sz\u00e9t k\u00e9pviselik.<\/p>\n<p>Hercegsz\u00f6ll\u0151s k\u00f6rny\u00e9k\u00e9n ismert a \u201eBaz\u00e9nok\u201d (Medenc\u00e9k) Sport- \u00e9s Rekre\u00e1ci\u00f3s K\u00f6zpont. F\u00fcrd\u0151medenc\u00e9ivel, \u00e9tterm\u00e9vel sokak sz\u00e1m\u00e1ra k\u00edn\u00e1l kikapcsol\u00f3d\u00e1st \u00e9s sz\u00f3rakoz\u00e1si lehet\u0151s\u00e9get.<\/p>\n<p>A kalandra v\u00e1gy\u00f3k is megtal\u00e1lhatj\u00e1k j\u00e1r\u00e1sunk ter\u00fclet\u00e9n a kedv\u00fckre val\u00f3 sz\u00f3rakoz\u00e1st, vezethetnek terepj\u00e1r\u00f3 g\u00e9pkocsikat, kenut, tal\u00e1lhatnak rendezett paintball p\u00e1ly\u00e1t. A r\u00e9gi \u00e9letm\u00f3d kedvel\u0151i fi\u00e1keren j\u00e1rhatj\u00e1k be Karancsot, a n\u00e9prajzi \u00e9rt\u00e9keit \u0151rz\u0151 \u201eetno-falut\u201d.<\/p>\n<p>A Kop\u00e1csi R\u00e9t Nemzeti Park kis r\u00e9sze a j\u00e1r\u00e1s ter\u00fclet\u00e9n fekszik, k\u00f6zel\u00e9ben gazdag vad\u00e1szter\u00fcletek \u00e9s horg\u00e1szvizek tal\u00e1lhat\u00f3k, ahol a vad\u00e1szok \u00e9s sporthorg\u00e1szok h\u00f3dolhatnak szenved\u00e9ly\u00fcknek.<\/p>\n<p>&nbsp;<\/p>\n<p>&nbsp;<\/p>\n","protected":false},"excerpt":{"rendered":"<p>Korunk zaklatott \u00e9letvitele j\u00e1rul hozz\u00e1 legink\u00e1bb az idegenforgalom fejl\u0151d\u00e9s\u00e9hez. Ki ne \u00e9rezte volna m\u00e1r az \u00f6r\u00f6k\u00f6s rohan\u00e1s okozta f\u00e1radts\u00e1got, ki ne k\u00edv\u00e1nt volna szabadulni h\u00e9tk\u00f6znapjainak l\u00e1ncait\u00f3l. Gyakran szeretn\u00e9nk elfelejteni gondjainkat egy csendes, b\u00e9k\u00e9s k\u00f6rnyezetben. Igazi fel\u00fcd\u00fcl\u00e9st k\u00edn\u00e1lnak l\u00e1togat\u00f3iknak a Hercegsz\u00f6ll\u0151si J\u00e1r\u00e1s falvai saj\u00e1tos, igen gazdag term\u00e9szeti adotts\u00e1gaikkal, turisztikai k\u00edn\u00e1latukkal. Esz\u00e9k v\u00e1ros\u00e1t\u00f3l \u00e9szaki ir\u00e1nyba, h\u00fasz kilom\u00e9ternyi [&hellip;]<\/p>\n","protected":false},"author":2,"featured_media":0,"parent":0,"menu_order":0,"comment_status":"closed","ping_status":"closed","template":"","meta":[],"_links":{"self":[{"href":"https:\/\/knezevi-vinogradi.hr\/hu\/wp-json\/wp\/v2\/pages\/4731\/"}],"collection":[{"href":"https:\/\/knezevi-vinogradi.hr\/hu\/wp-json\/wp\/v2\/pages\/"}],"about":[{"href":"https:\/\/knezevi-vinogradi.hr\/hu\/wp-json\/wp\/v2\/types\/page\/"}],"author":[{"embeddable":true,"href":"https:\/\/knezevi-vinogradi.hr\/hu\/wp-json\/wp\/v2\/users\/2\/"}],"replies":[{"embeddable":true,"href":"https:\/\/knezevi-vinogradi.hr\/hu\/wp-json\/wp\/v2\/comments\/?post=4731"}],"version-history":[{"count":3,"href":"https:\/\/knezevi-vinogradi.hr\/hu\/wp-json\/wp\/v2\/pages\/4731\/revisions\/"}],"predecessor-version":[{"id":6211,"href":"https:\/\/knezevi-vinogradi.hr\/hu\/wp-json\/wp\/v2\/pages\/4731\/revisions\/6211\/"}],"wp:attachment":[{"href":"https:\/\/knezevi-vinogradi.hr\/hu\/wp-json\/wp\/v2\/media\/?parent=4731"}],"curies":[{"name":"wp","href":"https:\/\/api.w.org\/{rel}","templated":true}]}}