{"id":4772,"date":"2015-10-08T15:49:13","date_gmt":"2015-10-08T13:49:13","guid":{"rendered":"https:\/\/knezevi-vinogradi.hr\/?page_id=4772"},"modified":"2015-10-08T15:49:13","modified_gmt":"2015-10-08T13:49:13","slug":"gazdasag","status":"publish","type":"page","link":"https:\/\/knezevi-vinogradi.hr\/hu\/onkormanyzat\/gazdasag\/","title":{"rendered":"Gazdas\u00e1g"},"content":{"rendered":"<h3>A Hercegsz\u00f6l\u0151si gazdas\u00e1g alapjait ma is a mez\u0151gazdas\u00e1gi termel\u00e9s, a feldolgoz\u00f3ipar \u00e9s a napr\u00f3l- napra er\u0151teljesebben fejl\u0151d\u0151 falusi, vad\u00e1sz \u00e9s hal\u00e1sz turizmus k\u00e9pezi.<\/h3>\n<hr \/>\n<p>13.000 ha term\u0151ter\u00fcleten folyik sz\u00e1nt\u00f3f\u00f6ldi n\u00f6v\u00e9nytermeszt\u00e9s, sz\u0151l\u0151- \u00e9s gy\u00fcm\u00f6lcstermel\u00e9s pedig 1.800 hekt\u00e1ron. A nagyobb c\u00e9gek k\u00f6z\u00fcl a j\u00e1r\u00e1s ter\u00fclet\u00e9n m\u00fck\u00f6dik a Belje R.t, Borplastika Kft. \u00e9s Rabo Kft. \u00e9s egyre n\u00f6vekv\u0151 sz\u00e1m\u00fa kisiparosok \u00e9s v\u00e1llalkoz\u00f3k ( csal\u00e1di mez\u0151gazdas\u00e1gi v\u00e1lalkoz\u00f3k)- OPG.<\/p>\n<p>A 2013. as nyilv\u00e1ntart\u00e1s szerint a Hercegsz\u0151l\u0151si J\u00e1r\u00e1s ter\u00fclet\u00e9n 275 OPG ( csala\u00e1di mez\u0151gazdas\u00e1gi v\u00e1lalkoz\u00e1s ) van bejegyezve. Legt\u00f6bb OPG Hercesgz\u0151l\u0151s\u00f6n 77, V\u00f6r\u00f6smarton 60, Karancson 45, Seps\u00e9n 30 \u00e9s K\u0151ben 9 van. 6.128 hekt\u00e1r megm\u0171velhet\u0151sz\u00e1nt\u00f3f\u00f6ldt\u0151l, 5.600 hekt\u00e1ron kereszt\u00fcl mez\u0151 van, 190 hekt\u00e1r k\u00f6r\u00fcl foglal el a sz\u0151l\u0151hegy \u00e9s mintegy 300 hekt\u00e1r gy\u00fcm\u00f6lcs\u00f6s van. A J\u00e1r\u00e1s ter\u00fclet\u00e1n a Belje 6.500 hekt\u00e1rt m\u0171vel meg amib\u0151l kb. 6.000 hekt\u00e1r mez\u0151 va\u00e9s kb. 500 hekt\u00e1r sz\u0151l\u0151hegy.<\/p>\n<p>Az ezer \u00e9ves, a r\u00f3mai id\u0151kb\u0151l ered\u0151 hagyom\u00e1nnyal rendelkez\u0151 sz\u0151l\u0151termel\u00e9s \u00e9s bor\u00e1szat mind ink\u00e1bb megteremti a kontinent\u00e1lis turizmus fejl\u0151d\u00e9s\u00e9nek el\u0151felt\u00e9teleit.<\/p>\n<p>A Hercegsz\u00f6ll\u0151si J\u00e1r\u00e1s az eg\u00e9sz j\u00e1r\u00e1s ter\u00fclet\u00e9n folyamatosan munk\u00e1lkodik az infrastrkt\u00fara ki\u00e9p\u00edt\u00e9s\u00e9n, mint a gazdas\u00e1g fejl\u0151d\u00e9s\u00e9nek egyik alapvet\u0151 felt\u00e9tel\u00e9nek megteremt\u00e9s\u00e9n.<\/p>\n<p>A v\u00e1llalkoz\u00e1sok \u00e9l\u00e9nk\u00edt\u00e9se c\u00e9lj\u00e1b\u00f3l megalakult a v\u00e1llalkoz\u00f3i \u00f6vezet, ahol sz\u00e1mos engedm\u00e9ny \u00e9s m\u00e1s kedvezm\u00e9ny mellett juthatnak parcell\u00e1hoz az \u00e9rdekelt v\u00e1llalkoz\u00e1sok. Az \u00fczleti v\u00e1llalkoz\u00f3i \u00f6vezet 56 hekt\u00e1ron l\u00e9tes\u00fclt, ahol hozz\u00e1vet\u0151legesen 35 ha ter\u00fclet van az iparosoknak, cca. 12 ha a turizmussal foglalkoz\u00f3k r\u00e9sz\u00e9re, a fennmarad\u00f3 r\u00e9sz pedig az infrastrukt\u00fara ki\u00e9p\u00edt\u00e9s\u00e9re elk\u00fcl\u00f6n\u00edtve.<\/p>\n<p>A j\u00e1r\u00e1s gazdas\u00e1gi fejl\u0151d\u00e9s\u00e9nek el\u0151seg\u00edt\u00e9se c\u00e9lj\u00e1b\u00f3l a ter\u00fclet\u00e9n m\u0171k\u00f6d\u0151 csal\u00e1di gazdas\u00e1gok \u00e9s m\u00e1s gazdas\u00e1gi v\u00e1llalatok r\u00e9sz\u00e9re a j\u00e1r\u00e1s t\u00e1mogat\u00e1sokat ny\u00fajt, m\u00e9gpedig:<\/p>\n<p>-bankk\u00f6lcs\u00f6n\u00f6k kamatt\u00e1mogat\u00e1sa,<br \/>\n-t\u00f6bb\u00e9ves \u00fcltetv\u00e9nyek telep\u00edt\u00e9s\u00e9nek t\u00e1mogat\u00e1sa,<br \/>\n-term\u00e9nybiztos\u00edt\u00e1s t\u00e1mogat\u00e1sa,<br \/>\n-helyi csatornah\u00e1l\u00f3zat rendez\u00e9se, \u00e9s m\u00e1s t\u00e1mogat\u00e1sok.<\/p>\n<p>Az \u00f6sszes eddigi t\u00e1mogat\u00e1sok seg\u00edtettek abban, hogy a Hercegsz\u00f6ll\u0151si J\u00e1r\u00e1s gazdas\u00e1gi fejletts\u00e9ge a jobbak k\u00f6z\u00e9 sorolhat\u00f3 a Dr\u00e1vasz\u00f6gben.<\/p>\n<h3>A gazdas\u00e1gfejleszt\u00e9s hordoz\u00f3inak jegyz\u00e9ke:<\/h3>\n<p><a href=\"http:\/\/www.belje.hr\" target=\"_blank\">BELJE Rt.<\/a><br \/>\n<a href=\"http:\/\/www.bor-plastika.hr\" target=\"_blank\">BOR-PLASTIKA Kft.<\/a><br \/>\n<a href=\"http:\/\/werkosagro.com\/\" target=\"_blank\">RABO Kft.<\/a><\/p>\n","protected":false},"excerpt":{"rendered":"<p>A Hercegsz\u00f6l\u0151si gazdas\u00e1g alapjait ma is a mez\u0151gazdas\u00e1gi termel\u00e9s, a feldolgoz\u00f3ipar \u00e9s a napr\u00f3l- napra er\u0151teljesebben fejl\u0151d\u0151 falusi, vad\u00e1sz \u00e9s hal\u00e1sz turizmus k\u00e9pezi. 13.000 ha term\u0151ter\u00fcleten folyik sz\u00e1nt\u00f3f\u00f6ldi n\u00f6v\u00e9nytermeszt\u00e9s, sz\u0151l\u0151- \u00e9s gy\u00fcm\u00f6lcstermel\u00e9s pedig 1.800 hekt\u00e1ron. A nagyobb c\u00e9gek k\u00f6z\u00fcl a j\u00e1r\u00e1s ter\u00fclet\u00e9n m\u00fck\u00f6dik a Belje R.t, Borplastika Kft. \u00e9s Rabo Kft. \u00e9s egyre n\u00f6vekv\u0151 sz\u00e1m\u00fa [&hellip;]<\/p>\n","protected":false},"author":4,"featured_media":0,"parent":4779,"menu_order":0,"comment_status":"closed","ping_status":"open","template":"","meta":[],"_links":{"self":[{"href":"https:\/\/knezevi-vinogradi.hr\/hu\/wp-json\/wp\/v2\/pages\/4772\/"}],"collection":[{"href":"https:\/\/knezevi-vinogradi.hr\/hu\/wp-json\/wp\/v2\/pages\/"}],"about":[{"href":"https:\/\/knezevi-vinogradi.hr\/hu\/wp-json\/wp\/v2\/types\/page\/"}],"author":[{"embeddable":true,"href":"https:\/\/knezevi-vinogradi.hr\/hu\/wp-json\/wp\/v2\/users\/4\/"}],"replies":[{"embeddable":true,"href":"https:\/\/knezevi-vinogradi.hr\/hu\/wp-json\/wp\/v2\/comments\/?post=4772"}],"version-history":[{"count":1,"href":"https:\/\/knezevi-vinogradi.hr\/hu\/wp-json\/wp\/v2\/pages\/4772\/revisions\/"}],"predecessor-version":[{"id":4816,"href":"https:\/\/knezevi-vinogradi.hr\/hu\/wp-json\/wp\/v2\/pages\/4772\/revisions\/4816\/"}],"up":[{"embeddable":true,"href":"https:\/\/knezevi-vinogradi.hr\/hu\/wp-json\/wp\/v2\/pages\/4779\/"}],"wp:attachment":[{"href":"https:\/\/knezevi-vinogradi.hr\/hu\/wp-json\/wp\/v2\/media\/?parent=4772"}],"curies":[{"name":"wp","href":"https:\/\/api.w.org\/{rel}","templated":true}]}}