{"id":4785,"date":"2015-10-08T13:33:42","date_gmt":"2015-10-08T11:33:42","guid":{"rendered":"https:\/\/knezevi-vinogradi.hr\/?page_id=4785"},"modified":"2015-10-08T13:33:42","modified_gmt":"2015-10-08T11:33:42","slug":"foldrajzi-helyzet","status":"publish","type":"page","link":"https:\/\/knezevi-vinogradi.hr\/hu\/onkormanyzat\/magunkrol\/foldrajzi-helyzet\/","title":{"rendered":"F\u00f6ldrajzi helyzet"},"content":{"rendered":"<p>Hercegsz\u0151l\u0151si J\u00e1r\u00e1s ter\u00fclete 248,77 km\u00b2, ez Esz\u00e9k-Baranya Megye 6%-a, a Dr\u00e1vasz\u00f6gnek pedig 22%-a.<br \/>\nJ\u00e1r\u00e1sunk Horv\u00e1torsz\u00e1g \u00e9szakkeleti r\u00e9sz\u00e9n helyezkedik el, illetve az \u0151 term\u00e9szet-f\u00f6ldrajzi egys\u00e9g\u00e9ben Barany\u00e1ban.A Dr\u00e1vasz\u00f6g\u00f6n* bel\u00fcl a Hercegsz\u00f6ll\u0151si J\u00e1r\u00e1s a keleti r\u00e9szen helyezkedik el, azzal, hogy ter\u00fclet\u00e9nek keleti fert\u00e1lya a Duna bal partj\u00e1ra is kiterjed.<\/p>\n<p>A j\u00e1r\u00e1s k\u00f6zpontja, Hercegsz\u00f6ll\u0151s k\u00f6zs\u00e9g, Esz\u00e9kt\u0151l 25 km-re fekszik, P\u00e9lmonostort\u00f3l 10 km-re, 5 km-re az E-73, 26 km-re a D\u00e1lyok-Udvar hat\u00e1r\u00e1tkel\u0151t\u0151l, 15 km-re a Dun\u00e1t\u00f3l, ahol Vajdas\u00e1ggal (Szerbi\u00e1val) hat\u00e1ros, Kop\u00e1csi R\u00e9t term\u00e9szetv\u00e9delmi park ter\u00fclet\u00e9nek egy r\u00e9sze a J\u00e1r\u00e1s ter\u00fclet\u00e9n helyezkedik el.<\/p>\n<p>A j\u00e1r\u00e1s \u00e9szaki hat\u00e1r\u00e1n ter\u00fcl el a Dar\u00e1zsi J\u00e1r\u00e1s, \u00e9szaknyugat ir\u00e1ny\u00e1ban pedig a Baranyab\u00e1ni (Popovaci) J\u00e1r\u00e1s. A j\u00e1r\u00e1s \u00e9szaki hat\u00e1rvonal\u00e1nak teljes hossza 17 km. Nyugaton a j\u00e1r\u00e1s P\u00e9lmonostorral hat\u00e1ros, 6 km hosszan. A j\u00e1r\u00e1st\u00f3l d\u00e9lnyugatra ter\u00fcl el a Laskafalusi (\u010ceminaci) J\u00e1r\u00e1s, amellyel 14 km hosszan hat\u00e1ros, d\u00e9len pedig a Bellyei J\u00e1r\u00e1ssal hat\u00e1ros 17 km hossz\u00fas\u00e1gban.<\/p>\n<h3><\/h3>\n","protected":false},"excerpt":{"rendered":"<p>Hercegsz\u0151l\u0151si J\u00e1r\u00e1s ter\u00fclete 248,77 km\u00b2, ez Esz\u00e9k-Baranya Megye 6%-a, a Dr\u00e1vasz\u00f6gnek pedig 22%-a. J\u00e1r\u00e1sunk Horv\u00e1torsz\u00e1g \u00e9szakkeleti r\u00e9sz\u00e9n helyezkedik el, illetve az \u0151 term\u00e9szet-f\u00f6ldrajzi egys\u00e9g\u00e9ben Barany\u00e1ban.A Dr\u00e1vasz\u00f6g\u00f6n* bel\u00fcl a Hercegsz\u00f6ll\u0151si J\u00e1r\u00e1s a keleti r\u00e9szen helyezkedik el, azzal, hogy ter\u00fclet\u00e9nek keleti fert\u00e1lya a Duna bal partj\u00e1ra is kiterjed. A j\u00e1r\u00e1s k\u00f6zpontja, Hercegsz\u00f6ll\u0151s k\u00f6zs\u00e9g, Esz\u00e9kt\u0151l 25 km-re fekszik, [&hellip;]<\/p>\n","protected":false},"author":4,"featured_media":0,"parent":4782,"menu_order":1,"comment_status":"closed","ping_status":"closed","template":"","meta":[],"_links":{"self":[{"href":"https:\/\/knezevi-vinogradi.hr\/hu\/wp-json\/wp\/v2\/pages\/4785\/"}],"collection":[{"href":"https:\/\/knezevi-vinogradi.hr\/hu\/wp-json\/wp\/v2\/pages\/"}],"about":[{"href":"https:\/\/knezevi-vinogradi.hr\/hu\/wp-json\/wp\/v2\/types\/page\/"}],"author":[{"embeddable":true,"href":"https:\/\/knezevi-vinogradi.hr\/hu\/wp-json\/wp\/v2\/users\/4\/"}],"replies":[{"embeddable":true,"href":"https:\/\/knezevi-vinogradi.hr\/hu\/wp-json\/wp\/v2\/comments\/?post=4785"}],"version-history":[{"count":1,"href":"https:\/\/knezevi-vinogradi.hr\/hu\/wp-json\/wp\/v2\/pages\/4785\/revisions\/"}],"predecessor-version":[{"id":4786,"href":"https:\/\/knezevi-vinogradi.hr\/hu\/wp-json\/wp\/v2\/pages\/4785\/revisions\/4786\/"}],"up":[{"embeddable":true,"href":"https:\/\/knezevi-vinogradi.hr\/hu\/wp-json\/wp\/v2\/pages\/4782\/"}],"wp:attachment":[{"href":"https:\/\/knezevi-vinogradi.hr\/hu\/wp-json\/wp\/v2\/media\/?parent=4785"}],"curies":[{"name":"wp","href":"https:\/\/api.w.org\/{rel}","templated":true}]}}