{"id":4803,"date":"2015-10-08T14:26:47","date_gmt":"2015-10-08T12:26:47","guid":{"rendered":"https:\/\/knezevi-vinogradi.hr\/?page_id=4803"},"modified":"2015-10-13T14:13:53","modified_gmt":"2015-10-13T12:13:53","slug":"karancs","status":"publish","type":"page","link":"https:\/\/knezevi-vinogradi.hr\/hu\/onkormanyzat\/helysegek\/karancs\/","title":{"rendered":"Karancs"},"content":{"rendered":"<p>[vc_row][vc_column][vc_column_text]<\/p>\n<p>Karancs 1065 lakos\u00e1val a m\u00e1sodik legnagyobb k\u00f6zs\u00e9ge a j\u00e1r\u00e1snak. Nyolc utc\u00e1ja van: Kolodvorska (Vas\u00fat\u00e1llom\u00e1s utca), Pet\u0151fi S\u00e1ndor, Nikola Tesla utca, Ivo Lola Ribar utca, Baranjska (Baranyai utca), Tin Ujevi\u0107 utca, Radni\u010dka (Munk\u00e1s utca), Sun\u010dana (Napos utca). A faluhoz tartozik m\u00e9g a Karancsi Puszta \u00e9s a Karancsi T\u00e9glagy\u00e1r.<\/p>\n<p>A faluban m\u0171k\u00f6dik a Belje Rt. sz\u0151l\u00e9szeti r\u00e9szleg\u00e9nek g\u00e9p\u00e1llom\u00e1sa valamint k\u00f6zponti kooper\u00e1ci\u00f3s oszt\u00e1lya \u00e9s a faluban borospinc\u00e9k egy r\u00e9sze, a falu sz\u00e1m\u00e1ra meghat\u00e1roz\u00f3 gazdas\u00e1gi \u00e1gazatt\u00e1 v\u00e1lt a falusi turizmus.Ennek r\u00e9v\u00e9n Karancs k\u00f6zs\u00e9g messze f\u00f6ld\u00f6n ismertt\u00e9 lett mint \u201eetno-falu\u201d, \u00e9s sokan l\u00e1togatj\u00e1k mind k\u00fclf\u00f6ldr\u0151l mind belf\u00f6ldr\u0151l, a vend\u00e9gek a gasztron\u00f3miai \u00e9s turisztikai \u00e9ttermek \u00e9s csal\u00e1di falusi h\u00e1ztart\u00e1sok k\u00edn\u00e1lat\u00e1t.<\/p>\n<p>Karancson m\u0171k\u00f6dik a Hercegsz\u00f6ll\u0151si \u00c1ltal\u00e1nos Iskola Kihelyezett Tagozata 1-4. oszt\u00e1lyig valamint a Nyuszi \u00d3voda Karancsi Tagozat\u00e1nak is.<\/p>\n<p>A civil szervezetek k\u00f6z\u00fcl a legismertebbek a Polet Labdar\u00fag\u00f3 Egyes\u00fclet, valamint a ZANTO \u201eV\u00e1lts\u00e1tok fel a b\u00e1natot mosollyal\u201d Ifj\u00fas\u00e1gi Egyes\u00fclet.<\/p>\n<p><em><strong>T\u00f6rt\u00e9nelem<\/strong><\/em><\/p>\n<p>Karancs az egyetlen telep\u00fcl\u00e9s a mai Hercegsz\u00f6ll\u0151si j\u00e1r\u00e1s ter\u00fclet\u00e9n, amely az egykori d\u00e1rdai uradalom r\u00e9sze volt. A t\u00f6bbi falukhoz hasonl\u00f3an a k\u00f6zs\u00e9g ter\u00fcleteinek nagy r\u00e9sze, mintegy harmada sz\u0151l\u0151 \u00e9s erd\u0151 volt. A gazd\u00e1k kiv\u00e1l\u00f3 borokat termeltek. A kir\u00e1lyi posta \u00fatvonala \u00e1thaladt a k\u00f6zs\u00e9gen. A faluban h\u00e9t iparos m\u0171k\u00f6d\u00f6tt (cip\u00e9szek, szab\u00f3k, k\u00e1d\u00e1rok \u00e9s eszterg\u00e1lyos) \u00e9s egy keresked\u0151. Mivel a falunak gazdag legel\u0151i voltak jelent\u0151s \u00e1llat\u00e1llom\u00e1nyt tartottak, ezeket v\u00e1s\u00e1rokon adt\u00e1k el.<\/p>\n<p>&nbsp;<\/p>\n<p>[\/vc_column_text][\/vc_column][\/vc_row][vc_row][vc_column]<div class=\"c-gmap\"><div class=\"gmap-canvas\" style=\"height: 400px;\" data-address=\"Karanac, Hrvatska\" data-zoom=\"16\" data-maptype=\"satellite\" data-enable-mousewheel=\"false\"><\/div><\/div>[\/vc_column][\/vc_row]<\/p>\n","protected":false},"excerpt":{"rendered":"<p>[vc_row][vc_column][vc_column_text] Karancs 1065 lakos\u00e1val a m\u00e1sodik legnagyobb k\u00f6zs\u00e9ge a j\u00e1r\u00e1snak. Nyolc utc\u00e1ja van: Kolodvorska (Vas\u00fat\u00e1llom\u00e1s utca), Pet\u0151fi S\u00e1ndor, Nikola Tesla utca, Ivo Lola Ribar utca, Baranjska (Baranyai utca), Tin Ujevi\u0107 utca, Radni\u010dka (Munk\u00e1s utca), Sun\u010dana (Napos utca). A faluhoz tartozik m\u00e9g a Karancsi Puszta \u00e9s a Karancsi T\u00e9glagy\u00e1r. A faluban m\u0171k\u00f6dik a Belje Rt. sz\u0151l\u00e9szeti [&hellip;]<\/p>\n","protected":false},"author":4,"featured_media":0,"parent":4864,"menu_order":0,"comment_status":"closed","ping_status":"closed","template":"","meta":[],"_links":{"self":[{"href":"https:\/\/knezevi-vinogradi.hr\/hu\/wp-json\/wp\/v2\/pages\/4803\/"}],"collection":[{"href":"https:\/\/knezevi-vinogradi.hr\/hu\/wp-json\/wp\/v2\/pages\/"}],"about":[{"href":"https:\/\/knezevi-vinogradi.hr\/hu\/wp-json\/wp\/v2\/types\/page\/"}],"author":[{"embeddable":true,"href":"https:\/\/knezevi-vinogradi.hr\/hu\/wp-json\/wp\/v2\/users\/4\/"}],"replies":[{"embeddable":true,"href":"https:\/\/knezevi-vinogradi.hr\/hu\/wp-json\/wp\/v2\/comments\/?post=4803"}],"version-history":[{"count":2,"href":"https:\/\/knezevi-vinogradi.hr\/hu\/wp-json\/wp\/v2\/pages\/4803\/revisions\/"}],"predecessor-version":[{"id":5319,"href":"https:\/\/knezevi-vinogradi.hr\/hu\/wp-json\/wp\/v2\/pages\/4803\/revisions\/5319\/"}],"up":[{"embeddable":true,"href":"https:\/\/knezevi-vinogradi.hr\/hu\/wp-json\/wp\/v2\/pages\/4864\/"}],"wp:attachment":[{"href":"https:\/\/knezevi-vinogradi.hr\/hu\/wp-json\/wp\/v2\/media\/?parent=4803"}],"curies":[{"name":"wp","href":"https:\/\/api.w.org\/{rel}","templated":true}]}}