{"id":4805,"date":"2015-10-08T15:12:44","date_gmt":"2015-10-08T13:12:44","guid":{"rendered":"https:\/\/knezevi-vinogradi.hr\/?page_id=4805"},"modified":"2015-10-08T18:31:09","modified_gmt":"2015-10-08T16:31:09","slug":"csuza","status":"publish","type":"page","link":"https:\/\/knezevi-vinogradi.hr\/hu\/onkormanyzat\/helysegek\/csuza\/","title":{"rendered":"Cs\u00faza"},"content":{"rendered":"<p>[vc_row][vc_column][vc_column_text]<\/p>\n<p>A 2011. n\u00e9psz\u00e1ml\u00e1l\u00e1s szerint Csuz\u00e1n 567 lakos \u00e9l 6 utc\u00e1ban (Mar\u0161ala Tita, Petefi \u0160andora, Ko\u0161ut Lajo\u0161a, \u017deljezni\u010dka, Trg A\u010d Gedeona, 1. maja).<\/p>\n<p>A lakoss\u00e1gcs\u00f6kken\u00e9s ellen\u00e9re Cs\u00faza mindjobban a turizmusr\u00f3l ismert. A Piros Csizma \u00e9s a Kov\u00e1cs Cs\u00e1rda vend\u00e9gl\u0151k gasztron\u00f3miai k\u00edn\u00e1lata mellett a Koll\u00e1r, Kov\u00e1ts \u00e9s m\u00e1s boroz\u00f3k csalogatj\u00e1k ide a pihen\u00e9sre, feled\u00e9sre v\u00e1gy\u00f3 l\u00e1togat\u00f3kat. A vend\u00e9gszob\u00e1k sz\u00e1ma l\u00e1tv\u00e1nyosan n\u00f6vekszik.<\/p>\n<p>Cs\u00faz\u00e1n a V\u00f6r\u00f6smarti \u00c1ltal\u00e1nos Iskola tagozata m\u0171k\u00f6dik, magyar \u00e9s horv\u00e1t nyelven, 1-4. oszt\u00e1lyig \u00e9s a Nyuszi \u00d3voda helyi tagozata magyar nyelven.<\/p>\n<p>A helys\u00e9g nevezetes \u00e9l\u00e9nk kult\u00far\u00e9let\u00e9r\u0151l \u00e9s kultur\u00e1lis egyes\u00fcleteire\u0151lCs\u00e1rd\u00e1s M\u0171vel\u0151d\u00e9si Egyes\u00fclet, valamint a J\u00f3kai M\u00f3r Kult\u00faregyes\u00fclet. N\u00e9h\u00e1ny \u00e9vvel ezel\u0151tt \u00fajult er\u0151vel beindult a sporttev\u00e9kenys\u00e9g, megalakult a Columbus Labdar\u00fag\u00f3 Egyes\u00fclet.<\/p>\n<p><em><strong>T\u00f6rt\u00e9nelem\u00a0<\/strong><\/em><\/p>\n<p>Cs\u00faza az \u00c1rp\u00e1d-h\u00e1zi kir\u00e1lyok idej\u00e9n j\u00f6tt l\u00e9tre. Az els\u0151 \u00edrott eml\u00e9k 1252-b\u0151l sz\u00e1rmazik, mely szerint IV. B\u00e9la N\u00e1na isp\u00e1nnak aj\u00e1nd\u00e9kozza ezt a ter\u00fcletet. Neve Chuza, \u00e9s a bodrogi uradalomhoz tartozott. A horv\u00e1t elnevez\u00e9s csak hangz\u00e1s\u00e1ban hasonl\u00f3, de jelent\u00e9se nem \u00e1ll kapcsolatban a falu magyar nev\u00e9vel.\u00a0A XV.sz.-ban a sikl\u00f3si uradalomhoz tartozik, a XVI.sz.-ban a falu ura Per\u00e9nyi P\u00e9ter. \u00a0A t\u00f6r\u00f6k h\u00f3dolts\u00e1g idej\u00e9n a moh\u00e1csi szandzs\u00e1knak fizet ad\u00f3t.<\/p>\n<p>A falu k\u00f6zpontj\u00e1ban lev\u0151 templomdomb alatti alag\u00fat k\u00f6r\u00fcl r\u00e9gi p\u00e9nzeket, abroncsokat, emberi csontokat tal\u00e1ltak, mely arra enged k\u00f6vetkeztetni, hogy itt t\u00f6r\u00f6k b\u00f6rt\u00f6n volt.<br \/>\nA falu 1698-t\u00f3l 1734-ig Savolyai Jen\u0151 tulajdona. 1780-ban M\u00e1ria Ter\u00e9zia l\u00e1nya, Krisztina aj\u00e1nd\u00e9kba kapja a falut, s h\u00e1zass\u00e1ga r\u00e9v\u00e9n a Habsburgok tulajdon\u00e1ba ker\u00fcl. Els\u0151 pecs\u00e9tje 1772-b\u0151l sz\u00e1rmazik, melyen a falu jelk\u00e9pek\u00e9nt eke \u00e9s egy, a cs\u0151r\u00e9ben sz\u0151l\u0151f\u00fcrt\u00f6t tart\u00f3 mad\u00e1r l\u00e1that\u00f3. Ez arra utal, hogy a falu lak\u00f3i f\u00f6ldm\u0171vel\u0151k voltak.<br \/>\nAz els\u0151 n\u00e9psz\u00e1ml\u00e1l\u00e1s (1784.) szerint a falunak 681 lakosa volt, t\u00f6bbs\u00e9g\u00fckben reform\u00e1tusok.<br \/>\nAz 1848\/49-es szabads\u00e1gharc \u00e9s forradalom ut\u00e1n 1852-ben itt is megt\u00f6rt\u00e9nt a jobb\u00e1gyok felszabad\u00edt\u00e1sa. A faluban obeliszket emeltek Kossuthnak. Az 1920-as versailles-i b\u00e9kedikt\u00e1tumot k\u00f6vet\u0151 hat\u00e1rrendez\u00e9s ut\u00e1n lerombolt\u00e1k, de egy r\u00e9sze, Kossuth domborm\u0171ve \u00e9pen maradt, s azt a falu kult\u00farh\u00e1z\u00e1ban \u0151rzik ma is.<\/p>\n<p>[\/vc_column_text][\/vc_column][\/vc_row][vc_row][vc_column]<div class=\"c-gmap\"><div class=\"gmap-canvas\" style=\"height: 400px;\" data-address=\"Suza, Hrvatska\" data-zoom=\"16\" data-maptype=\"satellite\" data-enable-mousewheel=\"false\"><\/div><\/div>[\/vc_column][\/vc_row]<\/p>\n","protected":false},"excerpt":{"rendered":"<p>[vc_row][vc_column][vc_column_text] A 2011. n\u00e9psz\u00e1ml\u00e1l\u00e1s szerint Csuz\u00e1n 567 lakos \u00e9l 6 utc\u00e1ban (Mar\u0161ala Tita, Petefi \u0160andora, Ko\u0161ut Lajo\u0161a, \u017deljezni\u010dka, Trg A\u010d Gedeona, 1. maja). A lakoss\u00e1gcs\u00f6kken\u00e9s ellen\u00e9re Cs\u00faza mindjobban a turizmusr\u00f3l ismert. A Piros Csizma \u00e9s a Kov\u00e1cs Cs\u00e1rda vend\u00e9gl\u0151k gasztron\u00f3miai k\u00edn\u00e1lata mellett a Koll\u00e1r, Kov\u00e1ts \u00e9s m\u00e1s boroz\u00f3k csalogatj\u00e1k ide a pihen\u00e9sre, feled\u00e9sre v\u00e1gy\u00f3 l\u00e1togat\u00f3kat. [&hellip;]<\/p>\n","protected":false},"author":4,"featured_media":0,"parent":4864,"menu_order":0,"comment_status":"closed","ping_status":"closed","template":"","meta":[],"_links":{"self":[{"href":"https:\/\/knezevi-vinogradi.hr\/hu\/wp-json\/wp\/v2\/pages\/4805\/"}],"collection":[{"href":"https:\/\/knezevi-vinogradi.hr\/hu\/wp-json\/wp\/v2\/pages\/"}],"about":[{"href":"https:\/\/knezevi-vinogradi.hr\/hu\/wp-json\/wp\/v2\/types\/page\/"}],"author":[{"embeddable":true,"href":"https:\/\/knezevi-vinogradi.hr\/hu\/wp-json\/wp\/v2\/users\/4\/"}],"replies":[{"embeddable":true,"href":"https:\/\/knezevi-vinogradi.hr\/hu\/wp-json\/wp\/v2\/comments\/?post=4805"}],"version-history":[{"count":1,"href":"https:\/\/knezevi-vinogradi.hr\/hu\/wp-json\/wp\/v2\/pages\/4805\/revisions\/"}],"predecessor-version":[{"id":4806,"href":"https:\/\/knezevi-vinogradi.hr\/hu\/wp-json\/wp\/v2\/pages\/4805\/revisions\/4806\/"}],"up":[{"embeddable":true,"href":"https:\/\/knezevi-vinogradi.hr\/hu\/wp-json\/wp\/v2\/pages\/4864\/"}],"wp:attachment":[{"href":"https:\/\/knezevi-vinogradi.hr\/hu\/wp-json\/wp\/v2\/media\/?parent=4805"}],"curies":[{"name":"wp","href":"https:\/\/api.w.org\/{rel}","templated":true}]}}