{"id":4812,"date":"2015-10-08T15:25:09","date_gmt":"2015-10-08T13:25:09","guid":{"rendered":"https:\/\/knezevi-vinogradi.hr\/?page_id=4812"},"modified":"2015-10-13T14:16:07","modified_gmt":"2015-10-13T12:16:07","slug":"ko","status":"publish","type":"page","link":"https:\/\/knezevi-vinogradi.hr\/hu\/onkormanyzat\/helysegek\/ko\/","title":{"rendered":"K\u0151"},"content":{"rendered":"<p>[vc_row][vc_column][vc_column_text]<\/p>\n<p>K\u0151 a legkevesebb lakossal rendelkez\u0151 telep\u00fcl\u00e9s a J\u00e1r\u00e1sban 2011. n\u00e9psz\u00e1ml\u00e1l\u00e1s adatai szerint 166 lakosa van akik egy utc\u00e1ban (F\u0151 utca \u2013 Glavna ulica) \u00e9lnek.<\/p>\n<p>Egyre ismertebb\u00e9 v\u00e1lik a falu Budzs\u00e1knak nevezett r\u00e9sze, amelyben pincesor van, \u00e9s egyfajta bor\u00fatnak sz\u00e1m\u00edt. A falu \u00e9szaki r\u00e9sz\u00e9n tal\u00e1lhat\u00f3 dr\u00e1vasz\u00f6gi l\u00f6szh\u00e1t lejt\u0151in fekszik, k\u00f6r\u00fcl\u00f6tte a Belje Rt. \u00e9s mag\u00e1nszem\u00e9lyek sz\u0151l\u0151\u00fcltetv\u00e9nyei vannak.<\/p>\n<p>K\u0151ben tal\u00e1lhat\u00f3 1877-ben \u00e1tkav\u00edtott Reform\u00e1tus egyh\u00e1z.<\/p>\n<p><em><strong>T\u00f6rt\u00e9nelem<\/strong><\/em><\/p>\n<p>A bellyei uradalom idej\u00e9n kiterjedt erdejei \u00e9s sz\u0151l\u0151skertjei voltak, amelyek kis h\u00edj\u00e1n lefedt\u00e9k a gy\u00e9ren lakott k\u00f6zs\u00e9g ter\u00fclet\u00e9nek fel\u00e9t. Lakoss\u00e1ga sz\u0151l\u00e9szettel foglalkozott, \u00e9s bor \u00e9s gy\u00fcm\u00f6lcs \u00e9rt\u00e9kes\u00edt\u00e9sb\u0151l \u00e9lt. 1766-ban a falu lakoss\u00e1ga reform\u00e1tus vall\u00e1s\u00fa volt.<\/p>\n<p>[\/vc_column_text][\/vc_column][\/vc_row][vc_row][vc_column]<div class=\"c-gmap\"><div class=\"gmap-canvas\" style=\"height: 400px;\" data-address=\"Kamenac, Hrvatska\" data-zoom=\"16\" data-maptype=\"satellite\" data-enable-mousewheel=\"false\"><\/div><\/div>[\/vc_column][\/vc_row]<\/p>\n","protected":false},"excerpt":{"rendered":"<p>[vc_row][vc_column][vc_column_text] K\u0151 a legkevesebb lakossal rendelkez\u0151 telep\u00fcl\u00e9s a J\u00e1r\u00e1sban 2011. n\u00e9psz\u00e1ml\u00e1l\u00e1s adatai szerint 166 lakosa van akik egy utc\u00e1ban (F\u0151 utca \u2013 Glavna ulica) \u00e9lnek. Egyre ismertebb\u00e9 v\u00e1lik a falu Budzs\u00e1knak nevezett r\u00e9sze, amelyben pincesor van, \u00e9s egyfajta bor\u00fatnak sz\u00e1m\u00edt. A falu \u00e9szaki r\u00e9sz\u00e9n tal\u00e1lhat\u00f3 dr\u00e1vasz\u00f6gi l\u00f6szh\u00e1t lejt\u0151in fekszik, k\u00f6r\u00fcl\u00f6tte a Belje Rt. \u00e9s mag\u00e1nszem\u00e9lyek [&hellip;]<\/p>\n","protected":false},"author":4,"featured_media":0,"parent":4864,"menu_order":0,"comment_status":"closed","ping_status":"closed","template":"","meta":[],"_links":{"self":[{"href":"https:\/\/knezevi-vinogradi.hr\/hu\/wp-json\/wp\/v2\/pages\/4812\/"}],"collection":[{"href":"https:\/\/knezevi-vinogradi.hr\/hu\/wp-json\/wp\/v2\/pages\/"}],"about":[{"href":"https:\/\/knezevi-vinogradi.hr\/hu\/wp-json\/wp\/v2\/types\/page\/"}],"author":[{"embeddable":true,"href":"https:\/\/knezevi-vinogradi.hr\/hu\/wp-json\/wp\/v2\/users\/4\/"}],"replies":[{"embeddable":true,"href":"https:\/\/knezevi-vinogradi.hr\/hu\/wp-json\/wp\/v2\/comments\/?post=4812"}],"version-history":[{"count":2,"href":"https:\/\/knezevi-vinogradi.hr\/hu\/wp-json\/wp\/v2\/pages\/4812\/revisions\/"}],"predecessor-version":[{"id":5321,"href":"https:\/\/knezevi-vinogradi.hr\/hu\/wp-json\/wp\/v2\/pages\/4812\/revisions\/5321\/"}],"up":[{"embeddable":true,"href":"https:\/\/knezevi-vinogradi.hr\/hu\/wp-json\/wp\/v2\/pages\/4864\/"}],"wp:attachment":[{"href":"https:\/\/knezevi-vinogradi.hr\/hu\/wp-json\/wp\/v2\/media\/?parent=4812"}],"curies":[{"name":"wp","href":"https:\/\/api.w.org\/{rel}","templated":true}]}}