{"id":4814,"date":"2015-10-08T15:39:59","date_gmt":"2015-10-08T13:39:59","guid":{"rendered":"https:\/\/knezevi-vinogradi.hr\/?page_id=4814"},"modified":"2015-10-08T18:32:52","modified_gmt":"2015-10-08T16:32:52","slug":"keselyust-es-munkas-telepulesek","status":"publish","type":"page","link":"https:\/\/knezevi-vinogradi.hr\/hu\/onkormanyzat\/helysegek\/keselyust-es-munkas-telepulesek\/","title":{"rendered":"Kesely\u0171st \u00e9s munk\u00e1s telep\u00fcl\u00e9sek"},"content":{"rendered":"<p>[vc_row][vc_column][vc_column_text]<\/p>\n<p>A puszt\u00e1k mint egy k\u00fcl\u00f6nleges gy\u00e1rt\u00e1si gazdas\u00e1gi \u00e9s t\u00e1rsadalmi k\u00f6z\u00f6ss\u00e9g a Dr\u00e1vasz\u00f6g ter\u00fclet\u00e9n szervezettek a 19. sz\u00e1zadban v\u00e9g\u00e9n mint hirn\u00f6kei a kapitalista termel\u00e9si m\u00f3dnak a Belje keret\u00e9ben.<\/p>\n<p>Mirkovac (Kesely\u0171st) vagy Frigyesf\u00f6ld major a Belje nemess\u00e9g \u00e1ltal lakott 1850-ben . 1800 k\u00f6r\u00fcl t\u00f6bb mint 400 lakosa volt. 1914 az els\u0151 vil\u00e1gh\u00e1bor\u00fa \u00fat\u00e1n k\u00f6r\u00fclbel\u00fcl 300 lakosa volt.\u00a0Sokolovac (Katalin-puszta ) vagy Rampelf\u00f6ld birtok Alm\u00e1s-puszta \u00e9s Tapolca egyes\u00edt\u00e9s\u00e9vel 1860 t\u00e1j\u00e1n j\u00f6tt l\u00e9tre, 1914-ben 169 lakosa volt.\u00a0Jasenovac (Jessef\u00f6ld) 1974-ben 260 lakosa volt.<\/p>\n<p>\u00dagy indultak mint egy n\u00f6v\u00e9nytermeszt\u00e9si \u00e9s \u00e1llatteny\u00e9szt\u00e9si k\u00f6zpont \u00e9s sajnos Sokolovac \u00e9s Jasenovac Beljei farmk\u00e9nt v\u00e9gezt\u00e9k. Ezek a tervez\u00e9ssel \u00e9p\u00fclt Beljei telep\u00fcl\u00e9sek,majoros sz\u00e1ll\u00e1sok vagy puszt\u00e1k mint termel\u00e9si gazdas\u00e1g voltak megszervezve termel\u00e9si feladattal amely a gazdas\u00e1gi udvar \u00e9s m\u0171hely keretein bel\u00fcl t\u00f6rt\u00e9nik.<\/p>\n<p>A puszt\u00e1knak kialakult szoci\u00e1lis infrastrukt\u00far\u00e1juk iskol\u00e1juk, boltjuk, orvosi rendel\u0151j\u00fck, m\u0171vel\u0151d\u00e1si h\u00e1zuk, k\u00f6zigazgat\u00e1si \u00e9p\u00fclet\u00fck volt, \u00e9s lak\u00e1saik voltak a munk\u00e1sok sz\u00e1m\u00e1ra.<\/p>\n<p>A gazdas\u00e1gi kapcsolat a baranyai dunai puszt\u00e1k k\u00f6z\u00f6tt egy Beljei kisvas\u00fat, amely \u00e9p\u00edt\u00e9se 1906-ban kezd\u0151d\u00fctt \u00e9s eg\u00e9szen 1915-ig tartott. \u00d6sszek\u00f6t\u0151tte a Zeleno polje-puszt\u00e1t illetve P\u00e9lmonostor-Brestovac-Jasenovac- Mirkovac-Sokolovac- Zlatna Greda(Bokrosh\u00e1t)-Kazuk kik\u00f6t\u0151 a Dun\u00e1n. 1910-ben adt\u00e1k \u00e1t a normalis v\u00e1g\u00e1ny\u00fa vas\u00fatat. P\u00e9lmonostort\u00f3l-Batin\u00e1ig 26 kilom\u00e9ter hosszus\u00e1gban. Az utols\u00f3 utaz\u00e1sa a kisvas\u00fatnak Sokolovact\u00f3l Hercegsz\u0151l\u0151sig volt, amelyt 1952-ben adtak \u00e1t, hamarosan elindult az \u00f6tlet az \u00e1r\u00fa \u00e1trakod\u00e1ssal Hercegsz\u0151l\u0151s\u00f6n a kisvas\u00fatr\u00f3l a norm\u00e1lis v\u00e1g\u00e1nyu vonatra. Ett\u0151l hamarosan el\u00e1lltak mivel el\u0151fordult, hogy elolt\u00f3dott.<\/p>\n<p>A puszt\u00e1k az \u00faj fiatals\u00e1gukat a m\u00e1sodik vil\u00e1gh\u00e1bor\u00fa ut\u00e1n tapasztalt\u00e1k meg, amikor a puszt\u00e1kat munk\u00e1sok Horv\u00e1torsz\u00e1g m\u00e1s r\u00e9szeir\u0151l \u00e9s Bosznia-Hercegovin\u00e1b\u00f3l telepednek le. A puszt\u00e1k az \u00faj fiatals\u00e1gukat mozik, korh\u00e1zak, kultur\u00e1lis klubok, labdarug\u00f3 klubok \u00e9s fejl\u0151d\u0151 t\u00e1rsadalmi \u00e9lettel \u00e9ltek meg.<\/p>\n<p>1957-ben a Belje ugy d\u00f6nt, hogy fokozatosan besz\u00fcnteti a 120 km kisvas\u00fatat, mert vesztes\u00e9ges volt. Ez a folyamat 1962-ig tart. Tov\u00e1bb\u00e1abban az id\u0151szakban 1966-1968-ig besz\u00fcntetik a norm\u00e1lis v\u00e1g\u00e1ny\u00fa vas\u00fatat is P\u00e9lmonostor-Batina. V\u00e1ltoz\u00e1sok a mez\u0151gazdas\u00e1gi termel\u00e9si technol\u00f3gi\u00e1ban \u00e9s a nagy ipari l\u00e9tes\u00edtm\u00e9nyek l\u00e9trehoz\u00e1sa a nagyobb v\u00e1rosokban a puszt\u00e1k fokozatos elhagy\u00e1s\u00e1t okozz\u00e1k.<\/p>\n<p>Az infrastrukt\u00fara hi\u00e1nya k\u00fcl\u00f6n\u00f6sen az iskola, eg\u00e9szs\u00e9g\u00fcgyi \u00e9s egy\u00e9b int\u00e9zm\u00e9nyek \u00e9s az \u00e1rvizek 1956-ban \u00e9s 1978-ben felgyorsitj\u00e1k a puszt\u00e1k olt\u00e1s\u00e1t eln\u00e9pesed\u00e9s\u00e9t.<br \/>\nA 60 \u00e9vek elej\u00e9n a huszadik sz\u00e1zadban elkezd\u0151dik az elv\u00e1ndorl\u00e1si folyamat a baranyai puszt\u00e1kr\u00f3l \u00e9s cs\u00f6kken az \u00e9letmin\u0151s\u00e9g.<\/p>\n<p>Hogy a baranyai puszt\u00e1k ne t\u0171njenek el teljesen pozitiv p\u00e9ld\u00e1kat hozott az Eur\u00f3pai Uni\u00f3 mint ahogy a helyi Zlatna Greda puszta p\u00e9ld\u00e1ja is bemutatj\u00e1k, hogy az uni\u00f3s forr\u00e1sok felhaszn\u00e1l\u00e1s\u00e1al a puszt\u00e1k \u00e1t\u00e9p\u00edt\u00e9ssel \u00faj \u00e9letre kelhetnek \u00e9s \u00fczembe helyezhetik a fenn\u00e1ll\u00f3 ipari \u00f6r\u00f6ks\u00e9g\u00fcket.<\/p>\n<p>Ma Jeszef\u00f6ld (Jasenovac) \u00e9s Katalin-puszta kihal\u00f3ban vannak. E k\u00e9t puszta fennmaradt lakosainak Hercegsz\u0151l\u0151s\u00f6n \u00e9s Cs\u00faza fel\u00e9 terveznek h\u00e1zakat \u00e9p\u00edteni.<\/p>\n<p>Kesely\u0171s (Mirkovac) ragyog\u00f3 p\u00e9ld\u00e1ja a puszt\u00e1k tul\u00e9l\u00e9s\u00e9nek ahol ma k\u00f6r\u00fclbel\u00fcl \u00f6tven csal\u00e1d \u00e9l.<\/p>\n<p>A 2011-es n\u00e9psz\u00e1ml\u00e1l\u00e1si adatok szerint Kesely\u0171s (Mirkovac) 108, Jeszef\u00f6ldnek (Jasenovac)35 es Katalin-puszt\u00e1nak (Sokolovac) pedig 14 lakosa volt.<\/p>\n<p>[\/vc_column_text][\/vc_column][\/vc_row][vc_row][vc_column]<div class=\"c-gmap\"><div class=\"gmap-canvas\" style=\"height: 400px;\" data-address=\"Mirkovac, Hrvatska\" data-zoom=\"16\" data-maptype=\"hybrid\" data-enable-mousewheel=\"false\"><\/div><\/div>[\/vc_column][\/vc_row]<\/p>\n","protected":false},"excerpt":{"rendered":"<p>[vc_row][vc_column][vc_column_text] A puszt\u00e1k mint egy k\u00fcl\u00f6nleges gy\u00e1rt\u00e1si gazdas\u00e1gi \u00e9s t\u00e1rsadalmi k\u00f6z\u00f6ss\u00e9g a Dr\u00e1vasz\u00f6g ter\u00fclet\u00e9n szervezettek a 19. sz\u00e1zadban v\u00e9g\u00e9n mint hirn\u00f6kei a kapitalista termel\u00e9si m\u00f3dnak a Belje keret\u00e9ben. Mirkovac (Kesely\u0171st) vagy Frigyesf\u00f6ld major a Belje nemess\u00e9g \u00e1ltal lakott 1850-ben . 1800 k\u00f6r\u00fcl t\u00f6bb mint 400 lakosa volt. 1914 az els\u0151 vil\u00e1gh\u00e1bor\u00fa \u00fat\u00e1n k\u00f6r\u00fclbel\u00fcl 300 lakosa [&hellip;]<\/p>\n","protected":false},"author":4,"featured_media":0,"parent":4864,"menu_order":0,"comment_status":"closed","ping_status":"closed","template":"","meta":[],"_links":{"self":[{"href":"https:\/\/knezevi-vinogradi.hr\/hu\/wp-json\/wp\/v2\/pages\/4814\/"}],"collection":[{"href":"https:\/\/knezevi-vinogradi.hr\/hu\/wp-json\/wp\/v2\/pages\/"}],"about":[{"href":"https:\/\/knezevi-vinogradi.hr\/hu\/wp-json\/wp\/v2\/types\/page\/"}],"author":[{"embeddable":true,"href":"https:\/\/knezevi-vinogradi.hr\/hu\/wp-json\/wp\/v2\/users\/4\/"}],"replies":[{"embeddable":true,"href":"https:\/\/knezevi-vinogradi.hr\/hu\/wp-json\/wp\/v2\/comments\/?post=4814"}],"version-history":[{"count":1,"href":"https:\/\/knezevi-vinogradi.hr\/hu\/wp-json\/wp\/v2\/pages\/4814\/revisions\/"}],"predecessor-version":[{"id":4815,"href":"https:\/\/knezevi-vinogradi.hr\/hu\/wp-json\/wp\/v2\/pages\/4814\/revisions\/4815\/"}],"up":[{"embeddable":true,"href":"https:\/\/knezevi-vinogradi.hr\/hu\/wp-json\/wp\/v2\/pages\/4864\/"}],"wp:attachment":[{"href":"https:\/\/knezevi-vinogradi.hr\/hu\/wp-json\/wp\/v2\/media\/?parent=4814"}],"curies":[{"name":"wp","href":"https:\/\/api.w.org\/{rel}","templated":true}]}}