{"id":4817,"date":"2015-05-25T00:19:46","date_gmt":"2015-05-24T22:19:46","guid":{"rendered":"https:\/\/knezevi-vinogradi.hr\/?page_id=4817"},"modified":"2018-03-19T14:23:13","modified_gmt":"2018-03-19T13:23:13","slug":"uzleti-vallalkozasi-ovezet","status":"publish","type":"page","link":"https:\/\/knezevi-vinogradi.hr\/hu\/onkormanyzat\/gazdasag\/uzleti-vallalkozasi-ovezet\/","title":{"rendered":"\u00dczleti-V\u00e1llalkoz\u00e1si \u00f6vezet"},"content":{"rendered":"<h3>A Hercegsz\u0151l\u0151si J\u00e1r\u00e1s \u00dczleti-v\u00e1llalkoz\u00e1si \u00e9s rekr\u00e1ci\u00f3s \u00f6vezete mag\u00e1ba foglal 56 hekt\u00e1r 96a 31m\u00b2 fel\u00fcletet. Hercegsz\u0151l\u0151st\u0151l d\u00e9lre tal\u00e1lhat\u00f3 az Esz\u00e9k-Bellye-Hercegsz\u0151l\u0151si \u00fat keleti oldala ment\u00e9n (\u017d 4042) \u00e9s a megsz\u00fcntetett P\u00e9lmonostor-Batina vasutvonal d\u00e9li oldal\u00e1n. Mind\u00f6ssze 30km-re a magyar hat\u00e1rt\u00f3l \u00e9s ugyanolyan t\u00e1vols\u00e1gra van a Szerb K\u00f6zt\u00e1rsas\u00e1g \u00e9s Esz\u00e9k k\u00f6z\u00f6tt.<\/h3>\n<hr \/>\n<h3>Az \u00dczleti-V\u00e1llalkoz\u00e1si \u00e9s rekre\u00e1ci\u00f3s \u00f6vezet h\u00e1rom r\u00e9szre van tervezve:<\/h3>\n<p><strong>Az els\u0151 r\u00e9sz<\/strong> az Esz\u00e9k-Bellye-Hercegsz\u0151l\u0151s \u00fat mell\u00e9 van tervezve \u00e9szakra az \u00faj v\u00edzt\u00e1rol\u00f3 eg\u00e9szs\u00e9g\u00fcgyi \u00f6vezet\u00e9t\u0151l, ahol a r\u00e9szecsk\u00e9k ( telkek-f\u00f6ld) r\u00e9szben parcell\u00e1zottak 0,25 hekt\u00e1rt\u00f3l 1,50 hekt\u00e1rig, am\u00e9g az egy\u00e9b nem parcell\u00e1zott r\u00e9sz a jogszab\u00e1lyi el\u0151\u00edr\u00e1sok szerint van felosztva. A r\u00e9szecsk\u00e9k els\u0151 r\u00e9szben a k\u00f6vetkez\u0151 v\u00e1llalkoz\u00e1si tev\u00e9kenys\u00e9gekre vannak tervezve:<\/p>\n<p>\u2022 A termel\u0151 \u00e9s szolg\u00e1ltat\u00f3 tev\u00e9kenys\u00e9gek amelyek az \u0151shonos \u00e9s \u00f6kol\u00f3giai term\u00e9kek termel\u00e9s\u00e9n alap\u00edtottak;<br \/>\n\u2022 A termel\u0151 \u00e9s szolg\u00e1ltat\u00f3 tev\u00e9kenys\u00e9gek amelyek a hagyom\u00e1nyos mesters\u00e9gek \u00e9s az \u0151 term\u00e9keiken alap\u00edtottak;<br \/>\n\u2022 Kereskedelmi tev\u00e9kenys\u00e9g (nagykereskedelem, kiskereskedelem- meg piacok)<br \/>\n\u2022 \u00e9s minden egy\u00e9b tev\u00e9kenys\u00e9gek, amelyek nincsenek hat\u00e1ssal a k\u00f6rnyezetszenyez\u00e9sre<\/p>\n<p>A nagyobb hajt\u00f3er\u0151 fel\u00e9p\u00edt\u00e9s\u00e9n\u00e9l, a felhaszn\u00e1l\u00f3knak adhatnak egyn\u00e9l t\u00f6bb kateszteri reszecsk\u00e9t- f\u00f6ldet is, amir\u0151\u00e9 a dokumentumok \u00e1ttekint\u00e9se ut\u00e1n a K\u00e9pvisel\u0151test\u00fclet d\u00f6nt.<\/p>\n<p><strong>A m\u00e1sodik r\u00e9sz<\/strong> bemutatja a ter\u00fcletet a rekre\u00e1ci\u00f3s \u00e9s vend\u00e1gl\u00e1t\u00e1si szervezetett- idegenforgalmi \u00f6veteben. Az eml\u00edtett ter\u00fclet c\u00e9lja kieg\u00e9sz\u00edteni a turisztikai-sport \u00e9s rekre\u00e1ci\u00f3s tartalm\u00e1t a Hercegsz\u0151l\u0151si SRK \u201eBazeni\u201d nak, \u00f6sszhangban a Ter\u00fcleti tervvel a Hercegsz\u0151l\u0151si J\u00e1r\u00e1s berendez\u00e9s\u00e9r\u0151l ( Hivatalos Lap 5\/05, 5\/09) \u00e9s a Fejleszt\u00e9si tervvel a \u201e Hercegsz\u0151l\u0151si Rekre\u00e1ci\u00f3s k\u00f6zpont\u201d berendez\u00e9s\u00e9r\u0151l ( Hivatalos Lap 7\/08).<\/p>\n<p><strong>Harmadik r\u00e9sza<\/strong> gazdas\u00e1gi \u00f6vezet a mez\u0151gazdas\u00e1gok t\u00e1mogat\u00e1s\u00e1ra van tervezve, a l\u00e9tes\u00edtm\u00e9nyeknek amelyek a mez\u0151gazdas\u00e1g szolg\u00e9lat\u00e9ban vannak, valamint az els\u0151 r\u00e9szben tervezett tev\u00e9kenys\u00e9gek\u00e9rt ha a bet\u00f6lts\u00e9kig j\u00f6n a r\u00e9szecsk\u00e9k-f\u00f6ld has\u00edthat\u00f3ak ter\u00fcleti enged\u00e9lyel.<\/p>\n<hr \/>\n<h3>Az \u00dczleti-V\u00e1llalkoz\u00e1si \u00f6vezet berendez\u00e9se:<\/h3>\n<ul>\n<li>teljesen kommun\u00e1lisan felszerelt (utak, v\u00edz, villany, csatorna) ter\u00fclete az els\u0151 \u00e9s a\u00a0m\u00e1sodik r\u00e9sznek kb. 5 hekt\u00e1rt\u00f6l amelnyek a r\u00e9szecsk\u00e9je( f\u00f6ldje) m\u00e9g ma is elad\u00f3 kedvez\u0151 felt\u00e9telekkel ( v\u00e9g\u00fcl az \u00e1ra seg\u00edts\u00e9ggel 7,00\/kn\/m\u00b2).<\/li>\n<\/ul>\n<hr \/>\n<h3>Rendszab\u00e1lyok a befektet\u00e9s \u00f6szt\u00f6n\u00f6z\u00e9s\u00e9re a Hercegsz\u0151l\u0151si \u00dczleti-v\u00e1llalkoz\u00e1si \u00e9s rekre\u00e1ci\u00f3s \u00f6vezetbe:<\/h3>\n<p>1. Rendszab\u00e1ly- f\u00f6ldvs\u00e1rl\u00e1s 50% \u00e1r t\u00e1mogat\u00e1ssal<br \/>\n2. Rendszab\u00e1ly- f\u00f6ldv\u00e1s\u00e1rl\u00e1s r\u00e9szleges fizet\u00e9si lehet\u0151s\u00e9ggel<br \/>\n3. Rendszab\u00e1ly- felment\u00e9s a kommun\u00e1lis hozz\u00e1j\u00e1rul\u00e1sok fizet\u00e9s\u00e9t\u0151l<br \/>\n4. Rendszab\u00e1ly- felment\u00e9s a kommun\u00e1lis megt\u00e9rit\u00e9s fizet\u00e9s\u00e9t\u0151l<br \/>\n5. Rendszab\u00e1ly- felment\u00e9s a j\u00e1r\u00e1si ad\u00f3k fizet\u00e9s\u00e9t\u0151l<br \/>\n6. Rendszab\u00e1ly- felmennt\u00e9s a kommun\u00e1lis infrastruktura csatlakoz\u00e1s\u00e1 megt\u00e9rit\u00e9s\u00e9nek fizet\u00e9s\u00e9t\u0151l<br \/>\n7. Rendszab\u00e1ly- tarsfinansziroz\u00e1s hitelek kamataira<br \/>\n8. Rendszab\u00e1ly- m\u00e1s felment\u00e9sek jogszab\u00e1lyi el\u0151\u00edr\u00e1sok alapj\u00e1n<\/p>\n<hr \/>\n<h3>Az \u00f6vezet bejut\u00e1s\u00e1ba sz\u00fcks\u00e9ges elj\u00e1r\u00e1sok \u00e9s felt\u00e9telek:<\/h3>\n<p>Tov\u00e1bbi inform\u00e1ci\u00f3k\u00e9rt a befektet\u00e9st a Hercesgz\u0151l\u0151si \u00dczleti-v\u00e1llalkoz\u00e1si \u00e9s rekreativ \u00f6vezetet illet\u0151en fordulhatnak minden munka napon ( h\u00e9tf\u0151t\u00f6l- p\u00e9ntekig) 7,00-15,00 \u00f3r\u00e1ig a Hercegsz\u0151l\u0151si J\u00e1r\u00e1sba vagy telefonon \u00e9s e-mail.<\/p>\n<p>Az al\u00e1bbiakban k\u00f6z\u00f6lj\u00fck a folyamatosan nyitott felh\u00edv\u00e1st-p\u00e1ly\u00e1zatot \u00e9s egy list\u00e1t a jelenleg kin\u00e1lt \u00e9s befektet\u00e9sre sz\u00e1nt telkekr\u0151l (r\u00e9szecsk\u00e9k)<\/p>\n<ul>\n<li><a href=\"https:\/\/knezevi-vinogradi.hr\/wp-content\/uploads\/2016\/06\/OTVORENI-POZIV.pdf\" target=\"_blank\">NYITOTT FELH\u00cdV\u00c1S-P\u00c1LY\u00c1ZAT<\/a> (HR)<\/li>\n<li><a href=\"https:\/\/knezevi-vinogradi.hr\/wp-content\/uploads\/2015\/05\/popis-\u010destica.doc\">TELKEK LIST\u00c1JA<\/a><\/li>\n<li><a href=\"https:\/\/knezevi-vinogradi.hr\/wp-content\/uploads\/2015\/05\/K.Vin_.-posl.-zona.pdf\" target=\"_blank\">V\u00c1LLALKOZ\u00c1SI \u00d6VEZET V\u00c1ZLATA <\/a><\/li>\n<li><a href=\"https:\/\/knezevi-vinogradi.hr\/wp-content\/uploads\/2013\/08\/PROGRAM-POTICAJA-I-OLAK\u0160ICA-U-PODUZETNI\u010cKOJ-ZONI-I.doc\" target=\"_blank\">Az \u00fczleti-v\u00e1llalkoz\u00e1si \u00e9s rekreativ \u00f6vezet \u00f6sszt\u00f6n\u00f6z\u00e9s\u00e9nek \u00e9s megk\u00f6ny\u00edt\u00e9s\u00e9nek programja<\/a>\u00a0(HR)<\/li>\n<li><\/li>\n<\/ul>\n<hr \/>\n<h3>Az \u00f6vezet c\u00e9gei:<\/h3>\n<ul>\n<li>Borplastika Kft.<\/li>\n<li>Rabo Kft<\/li>\n<li>P\u00e1linka gy\u00e1rt\u00f3k egyes\u00fclete ( gy\u00fcm\u00f6lcsb\u0151l)- UPRIV<\/li>\n<li>Csal\u00e1di gazdas\u00e1g Svalina Mario<\/li>\n<\/ul>\n","protected":false},"excerpt":{"rendered":"<p>A Hercegsz\u0151l\u0151si J\u00e1r\u00e1s \u00dczleti-v\u00e1llalkoz\u00e1si \u00e9s rekr\u00e1ci\u00f3s \u00f6vezete mag\u00e1ba foglal 56 hekt\u00e1r 96a 31m\u00b2 fel\u00fcletet. Hercegsz\u0151l\u0151st\u0151l d\u00e9lre tal\u00e1lhat\u00f3 az Esz\u00e9k-Bellye-Hercegsz\u0151l\u0151si \u00fat keleti oldala ment\u00e9n (\u017d 4042) \u00e9s a megsz\u00fcntetett P\u00e9lmonostor-Batina vasutvonal d\u00e9li oldal\u00e1n. Mind\u00f6ssze 30km-re a magyar hat\u00e1rt\u00f3l \u00e9s ugyanolyan t\u00e1vols\u00e1gra van a Szerb K\u00f6zt\u00e1rsas\u00e1g \u00e9s Esz\u00e9k k\u00f6z\u00f6tt. Az \u00dczleti-V\u00e1llalkoz\u00e1si \u00e9s rekre\u00e1ci\u00f3s \u00f6vezet h\u00e1rom r\u00e9szre van [&hellip;]<\/p>\n","protected":false},"author":4,"featured_media":0,"parent":4772,"menu_order":0,"comment_status":"closed","ping_status":"closed","template":"","meta":[],"_links":{"self":[{"href":"https:\/\/knezevi-vinogradi.hr\/hu\/wp-json\/wp\/v2\/pages\/4817\/"}],"collection":[{"href":"https:\/\/knezevi-vinogradi.hr\/hu\/wp-json\/wp\/v2\/pages\/"}],"about":[{"href":"https:\/\/knezevi-vinogradi.hr\/hu\/wp-json\/wp\/v2\/types\/page\/"}],"author":[{"embeddable":true,"href":"https:\/\/knezevi-vinogradi.hr\/hu\/wp-json\/wp\/v2\/users\/4\/"}],"replies":[{"embeddable":true,"href":"https:\/\/knezevi-vinogradi.hr\/hu\/wp-json\/wp\/v2\/comments\/?post=4817"}],"version-history":[{"count":6,"href":"https:\/\/knezevi-vinogradi.hr\/hu\/wp-json\/wp\/v2\/pages\/4817\/revisions\/"}],"predecessor-version":[{"id":12071,"href":"https:\/\/knezevi-vinogradi.hr\/hu\/wp-json\/wp\/v2\/pages\/4817\/revisions\/12071\/"}],"up":[{"embeddable":true,"href":"https:\/\/knezevi-vinogradi.hr\/hu\/wp-json\/wp\/v2\/pages\/4772\/"}],"wp:attachment":[{"href":"https:\/\/knezevi-vinogradi.hr\/hu\/wp-json\/wp\/v2\/media\/?parent=4817"}],"curies":[{"name":"wp","href":"https:\/\/api.w.org\/{rel}","templated":true}]}}