{"id":4820,"date":"2015-05-25T00:23:07","date_gmt":"2015-05-24T23:23:07","guid":{"rendered":"https:\/\/knezevi-vinogradi.hr\/?page_id=4820"},"modified":"2015-10-08T16:15:45","modified_gmt":"2015-10-08T14:15:45","slug":"oktatas","status":"publish","type":"page","link":"https:\/\/knezevi-vinogradi.hr\/hu\/onkormanyzat\/oktatas\/","title":{"rendered":"Oktat\u00e1s"},"content":{"rendered":"<h3>A Hercegsz\u00f6l\u0151si J\u00e1r\u00e1sban k\u00e9t k\u00f6zponti \u00e1ltal\u00e1nos iskola l\u00e9tezik: a horv\u00e1t nyelv\u0171 Hercegsz\u00f6l\u0151s\u00f6n, m\u00edg a magyar anyanyelv\u0171 V\u00f6r\u00f6smarton valamint h\u00e1rom ter\u00fcleti iskola Karancson, Cs\u00faz\u00e1n \u00e9s Seps\u00e9n.<\/h3>\n<hr \/>\n<h3>Iskol\u00e1ztat\u00e1s t\u00f6rt\u00e9nelme<\/h3>\n<p>Az iskol\u00e1ztat\u00e1s t\u00f6rt\u00e9nete igen gazdag. V\u00f6r\u00f6smartnak m\u00e1r a 16. sz\u00e1zadban gimn\u00e1ziumi rang\u00fa iskol\u00e1ja volt, amelyet sokszor hasonl\u00edtanak \u00f6ssze a p\u00e9csi gimn\u00e1ziummal.1576.-ban a reform\u00e1tus zsinat Hercegsz\u0151l\u0151s\u00f6n meghat\u00e1rozta a tan\u00edt\u00f3i munkak\u00f6rt. A 16. sz\u00e1zadban l\u00e9tezett iskola Karancson, 1616.-ban feljegyezt\u00e9k, hogy a faluban a reform\u00e1tus iskola mellett, m\u0171k\u00f6dik katolikus is.Seps\u00e9n tan\u00edt\u00f3r\u00f3l el\u0151sz\u00f6r 1719.-ben tesznek eml\u00edt\u00e9st, de az iskola m\u00e1r el\u0151tte is m\u0171k\u00f6d\u00f6tt. K\u0151ben 1817 el\u0151tt volt iskola. K\u00f6r\u00fclbel\u00fcl ugyanebben az id\u0151ben Cs\u00faz\u00e1nak is volt iskol\u00e1ja 186-t\u00f3l kiadja a tan\u00e1rok neveinek list\u00e1j\u00e1t. 1843-ban alap\u00edtott\u00e1k az els\u0151 iskol\u00e1t Hercegsz\u00f6l\u0151s\u00f6n a P\u00e9csi egyh\u00e1zi fel\u00fcgyel\u0151s\u00e9g kezdem\u00e9nyez\u00e9s\u00e9re (k\u00f6zel a katolikus egyh\u00e1zhoz). Az \u00faj iskola\u00e9p\u00fclet egy oszt\u00e1lyteremmel 1874-ben \u00e9p\u00fclt \u00f6nk\u00e9ntes munk\u00e1val. K\u00e9s\u0151bb egy\u00e9b iskolai l\u00e9tes\u00edtm\u00e9nyeket is \u00e9pitenek a templomhoz.<\/p>\n<hr \/>\n<h3>Hercegsz\u00f6ll\u0151si \u00c1ltal\u00e1nos Iskola<\/h3>\n<p><em><strong>T\u00f6rt\u00e9nelem<\/strong><\/em><br \/>\n\u2022 \u00c1ltal\u00e1nos iskola Hercegsz\u00f6l\u0151s\u00f6n- reform\u00e1tus felekezet (1881-1916)<br \/>\n\u2022 \u00c1ltal\u00e1nos iskola Hercegsz\u00f6l\u0151s\u00f6n \u2013 r\u00f3mai katolikus felekezet (1907-1918)<br \/>\n\u2022 \u00c1ltal\u00e1nos iskola Hercegsz\u00f6l\u0151s\u00f6n \u2013 g\u00f6r\u00f6g katolikus szerb felekezet (1903-1915)<br \/>\n\u2022 \u00c1llami \u00e1ltal\u00e1nos iskola Hercegsz\u00f6l\u0151s\u00f6n (1922-1940)<br \/>\n\u2022 Magyar Kir\u00e1lyi \u00e1ltal\u00e1nos nemzeti iskola Hercegsz\u00f6l\u0151s\u00f6n (1941-1945)<br \/>\n\u2022 \u00c1ltal\u00e1nos iskola Hercegsz\u00f6l\u0151s\u00f6n (1954-1955)<\/p>\n<p>A mostani iskola Hercegsz\u00f6l\u0151s\u00fcn 1961-ben \u00e9p\u00fclt. A Hercegsz\u00f6ll\u0151si \u00c1ltal\u00e1nos Iskola a k\u00f6vetkez\u0151 telep\u00fcl\u00e9seken m\u0171k\u00f6dik: Hercegsz\u00f6ll\u0151s (Kne\u017eevi Vinogradi), Jeszef\u00f6ld (Jasenovac), Kesely\u0171s (Mirkovac), Katalinpuszta (Sokolovac), Albertfalva (Grabovac), Mitrov\u00e1c, Karancs (Karanac) \u00e9s K\u0151 (Kamenac). A karancsi ter\u00fcleti iskola 1982-be, \u00e9p\u00fclt.2007-ben az \u00faj tornatermet Stjepan Mesi\u0107, a Horv\u00e1t K\u00f6zt\u00e1rsas\u00e1g eln\u00f6ke nyitotta meg. Az oktat\u00e1s egy m\u0171szakban t\u00f6rt\u00e9nik. A 350 tanul\u00f3 sz\u00fcks\u00e9gleteir\u0151l 44 alkalmazott gondoskodik. Ebben az iskol\u00e1ban a szem\u00e9lyzet magas fok\u00fa k\u00e9pzetts\u00e9ge \u00e9s a megfelel\u0151 munkafelt\u00e9telek, \u00e1tlagon fel\u00fcli eredm\u00e9nyek el\u00e9r\u00e9s\u00e9t teszik lehet\u0151v\u00e9.<\/p>\n<p><em><strong>Hercegsz\u00f6ll\u0151si \u00c1ltal\u00e1nos Iskola<\/strong> <\/em><br \/>\nIgazgat\u00f3: Ivica Prgomet<br \/>\nGlavna 44, 31309 Kne\u017eevi Vinogradi (Hercegsz\u00f6ll\u0151s)<br \/>\nTel: 031\/730-661<br \/>\nE-mail: <a href=\"mailto:ured@os-knezevi-vinogradi.skole.hr\" target=\"_blank\">ured@os-knezevi-vinogradi.skole.hr<\/a><br \/>\nWeb: <a href=\"http:\/\/os-knezevi-vinogradi.skole.hr\/\" target=\"_blank\">Hercegsz\u00f6ll\u0151si \u00c1ltal\u00e1nos Iskola <\/a><\/p>\n<hr \/>\n<h3>\u00c1ltal\u00e1nos Iskola V\u00f6r\u00f6smart<\/h3>\n<p>Az iskola korai t\u00f6rt\u00e9net\u00e9t Baranyai Schneider J\u00falia, v\u00f6r\u00f6smarti tan\u00e1rn\u0151 jegyezte fel lelkes kutat\u00f3munk\u00e1val felt\u00e1rt r\u00e9gi okm\u00e1nyok alapj\u00e1n. Az iskola t\u00f6rt\u00e9nete szorosan \u00f6sszef\u00fcgg a Reform\u00e1tus Egyh\u00e1z\u00e9val. A gy\u00f6kerek eg\u00e9szen a XVI. sz\u00e1zadig ny\u00falnak vissza.1576. augusztus 16- \u00e9s 17-\u00e9n volt a hercegsz\u00f6ll\u0151si zsinat, melyen megalak\u00edtott\u00e1k a baranyai reform\u00e1tus egyh\u00e1zat, s meghat\u00e1rozt\u00e1k a rendszeres oktat\u00e1s \u00fcgy\u00e9t, \u00e9s azt, hogy minden teol\u00f3gusnak, miel\u0151tt papi hivat\u00e1sa gyakorl\u00e1s\u00e1ba kezdene 2-3 \u00e9vig rektori min\u0151s\u00e9gben tan\u00edtania kell a falusi als\u00f3fok\u00fa iskol\u00e1kban. 300 \u00e9vig p\u00e1lyav\u00e9gzett teol\u00f3gusok, \u00fan. akad\u00e9mikus rektorok tan\u00edtott\u00e1k Baranya lakoss\u00e1g\u00e1t. A debreceni koll\u00e9giumb\u00f3l \u00e9rkezett, m\u0171velt emberek voltak. Volt f\u0151iskolai, gimn\u00e1ziumi oktat\u00e1s eg\u00e9szen a t\u00f6r\u00f6k id\u0151kig, ut\u00e1na m\u00e1r csak 6 oszt\u00e1lyos elemik\u00e9nt m\u0171k\u00f6d\u00f6tt.<\/p>\n<p>Az els\u0151, tan\u00edt\u00f3k\u00e9pz\u0151t v\u00e9gzett, \u00e1llami tan\u00edt\u00f3 \u201emester\u201d, Apostol J\u00e1nos, az egykori 48-as honv\u00e9d, J\u00f3kai bar\u00e1tja volt, aki 1865-ben ker\u00fclt ide. Vej\u00e9vel, Dan\u00f3czy Bal\u00e1zzsal eg\u00e9sz \u00e9let\u00fcket tan\u00edt\u00f3k\u00e9nt V\u00f6r\u00f6smarton t\u00f6lt\u00f6tt\u00e9k.1949-ben Horv\u00e1torsz\u00e1g egyetlen magyar k\u00f6z\u00e9piskol\u00e1ja. Algimn\u00e1zium jelleg\u0171 8 oszt\u00e1lyos iskola, mely a falu k\u00f6zep\u00e9re, a volt vend\u00e9gl\u0151be ker\u00fcl a szurdokb\u00f3l. Tanul\u00f3i Kop\u00e1csr\u00f3l, Lask\u00f3r\u00f3l, Karancsr\u00f3l, Cs\u00faz\u00e1r\u00f3l, Hercegsz\u00f6l\u0151sr\u00f6l, Seps\u00e9r\u0151l, a bellyei uradalom puszt\u00e1ir\u00f3l \u00e9s Kisk\u0151szegr\u0151l \u00e9rkeznek V\u00f6r\u00f6smartra.\u00a01952-t\u0151l 8 oszt\u00e1lyos \u00e1ltal\u00e1nos iskola lett. Az iskola mai \u00e9p\u00fclete 1973-ban \u00e9p\u00fclt.<\/p>\n<p><em><strong>V\u00f6r\u00f6smarti \u00e1ltal\u00e1nos iskola<\/strong><\/em><br \/>\nIgazgat\u00f3: Kinga Kolar<br \/>\n\u0160portska 2a, 31307 Zmajevac (V\u00f6r\u00f6smart)<br \/>\nTel: 031\/734-173; 031\/734-233<br \/>\nE-mail: <a href=\"mailto:os-zmajevac@os-zmajevac.tcloud.hr\" target=\"_blank\">os-zmajevac@os-zmajevac.tcloud.hr<\/a><br \/>\nWeb: \u00a0<a href=\"http:\/\/os-zmajevac.hr\/\" target=\"_blank\">V\u00f6r\u00f6smarti \u00e1ltal\u00e1nos iskola<\/a><\/p>\n<p><em><strong>Cs\u00fazai \u00e1ltal\u00e1nos iskola<\/strong><\/em><br \/>\nTrg A\u010d Gedeona 9, 31308 Suza (Cs\u00faza)<br \/>\nTel: 031\/733-116<\/p>\n","protected":false},"excerpt":{"rendered":"<p>A Hercegsz\u00f6l\u0151si J\u00e1r\u00e1sban k\u00e9t k\u00f6zponti \u00e1ltal\u00e1nos iskola l\u00e9tezik: a horv\u00e1t nyelv\u0171 Hercegsz\u00f6l\u0151s\u00f6n, m\u00edg a magyar anyanyelv\u0171 V\u00f6r\u00f6smarton valamint h\u00e1rom ter\u00fcleti iskola Karancson, Cs\u00faz\u00e1n \u00e9s Seps\u00e9n. Iskol\u00e1ztat\u00e1s t\u00f6rt\u00e9nelme Az iskol\u00e1ztat\u00e1s t\u00f6rt\u00e9nete igen gazdag. V\u00f6r\u00f6smartnak m\u00e1r a 16. sz\u00e1zadban gimn\u00e1ziumi rang\u00fa iskol\u00e1ja volt, amelyet sokszor hasonl\u00edtanak \u00f6ssze a p\u00e9csi gimn\u00e1ziummal.1576.-ban a reform\u00e1tus zsinat Hercegsz\u0151l\u0151s\u00f6n meghat\u00e1rozta a tan\u00edt\u00f3i [&hellip;]<\/p>\n","protected":false},"author":4,"featured_media":0,"parent":4779,"menu_order":0,"comment_status":"closed","ping_status":"open","template":"","meta":[],"_links":{"self":[{"href":"https:\/\/knezevi-vinogradi.hr\/hu\/wp-json\/wp\/v2\/pages\/4820\/"}],"collection":[{"href":"https:\/\/knezevi-vinogradi.hr\/hu\/wp-json\/wp\/v2\/pages\/"}],"about":[{"href":"https:\/\/knezevi-vinogradi.hr\/hu\/wp-json\/wp\/v2\/types\/page\/"}],"author":[{"embeddable":true,"href":"https:\/\/knezevi-vinogradi.hr\/hu\/wp-json\/wp\/v2\/users\/4\/"}],"replies":[{"embeddable":true,"href":"https:\/\/knezevi-vinogradi.hr\/hu\/wp-json\/wp\/v2\/comments\/?post=4820"}],"version-history":[{"count":2,"href":"https:\/\/knezevi-vinogradi.hr\/hu\/wp-json\/wp\/v2\/pages\/4820\/revisions\/"}],"predecessor-version":[{"id":4822,"href":"https:\/\/knezevi-vinogradi.hr\/hu\/wp-json\/wp\/v2\/pages\/4820\/revisions\/4822\/"}],"up":[{"embeddable":true,"href":"https:\/\/knezevi-vinogradi.hr\/hu\/wp-json\/wp\/v2\/pages\/4779\/"}],"wp:attachment":[{"href":"https:\/\/knezevi-vinogradi.hr\/hu\/wp-json\/wp\/v2\/media\/?parent=4820"}],"curies":[{"name":"wp","href":"https:\/\/api.w.org\/{rel}","templated":true}]}}