{"id":4835,"date":"2015-05-26T09:09:14","date_gmt":"2015-05-26T07:09:14","guid":{"rendered":"https:\/\/knezevi-vinogradi.hr\/?page_id=4835"},"modified":"2016-04-11T08:24:15","modified_gmt":"2016-04-11T07:24:15","slug":"nepesseg","status":"publish","type":"page","link":"https:\/\/knezevi-vinogradi.hr\/hu\/onkormanyzat\/magunkrol\/nepesseg\/","title":{"rendered":"N\u00e9pess\u00e9g"},"content":{"rendered":"<p style=\"text-align: justify;\">Vid\u00e9k\u00fcnk embereml\u00e9kezet \u00f3ta vegyes lakoss\u00e1g\u00fa volt, k\u00fcl\u00f6nf\u00e9le kult\u00far\u00e1k metsz\u00e9spontj\u00e1ban horv\u00e1tok (sok\u00e1cok), magyarok, szerbek lakt\u00e1k. A II. vil\u00e1gh\u00e1bor\u00faig n\u00e9metek \u00e9s zsid\u00f3k is \u00e9ltek itt. A j\u00e1r\u00e1s lakoss\u00e1g\u00e1nak nemzetis\u00e9gi \u00f6sszet\u00e9tele a 2011-es n\u00e9psz\u00e1ml\u00e1l\u00e1si adatok alapj\u00e1n a k\u00f6vetkez\u0151: horv\u00e1tok 38%, magyarok 38%, szerbek 18%, egy\u00e9b nemzetis\u00e9g\u0171ek 6%. A II. vil\u00e1gh\u00e1bor\u00fa \u00e9s az 1991-es Honv\u00e9d\u0151 H\u00e1bor\u00fa jelent\u0151sen befoly\u00e1solta a nemzetis\u00e9gi \u00f6sszet\u00e9tel alakul\u00e1s\u00e1t.<\/p>\n<p style=\"text-align: justify; padding-left: 300px;\"><a href=\"https:\/\/knezevi-vinogradi.hr\/wp-content\/uploads\/2015\/05\/Tablica.png\" data-rel=\"lightbox-image-0\" data-rl_title=\"\" data-rl_caption=\"\" title=\"\"><img loading=\"lazy\" class=\" aligncenter wp-image-3762\" src=\"https:\/\/knezevi-vinogradi.hr\/wp-content\/uploads\/2015\/05\/Tablica.png\" alt=\"2011. stanovni\u0161tva\" width=\"314\" height=\"244\" \/><\/a><\/p>\n<p>&nbsp;<\/p>\n<p style=\"padding-left: 60px;\"><a href=\"https:\/\/knezevi-vinogradi.hr\/wp-content\/uploads\/2015\/05\/1991-2001.png\" data-rel=\"lightbox-image-1\" data-rl_title=\"\" data-rl_caption=\"\" title=\"\"><img loading=\"lazy\" class=\"aligncenter size-full wp-image-3731\" src=\"https:\/\/knezevi-vinogradi.hr\/wp-content\/uploads\/2015\/05\/1991-2001.png\" alt=\"Popis stanovni\u0161tva 1991. i 2001. godine\" width=\"800\" height=\"233\" srcset=\"https:\/\/knezevi-vinogradi.hr\/wp-content\/uploads\/2015\/05\/1991-2001.png 800w, https:\/\/knezevi-vinogradi.hr\/wp-content\/uploads\/2015\/05\/1991-2001-480x140.png 480w\" sizes=\"(max-width: 800px) 100vw, 800px\" \/><\/a><\/p>\n<p><a href=\"https:\/\/knezevi-vinogradi.hr\/wp-content\/uploads\/2015\/05\/1857-20011.png\" data-rel=\"lightbox-image-2\" data-rl_title=\"\" data-rl_caption=\"\" title=\"\"><img loading=\"lazy\" class=\"aligncenter size-full wp-image-3733\" src=\"https:\/\/knezevi-vinogradi.hr\/wp-content\/uploads\/2015\/05\/1857-20011.png\" alt=\"Popis stanovni\u0161tva 1857.-2001.\" width=\"1101\" height=\"216\" srcset=\"https:\/\/knezevi-vinogradi.hr\/wp-content\/uploads\/2015\/05\/1857-20011.png 1101w, https:\/\/knezevi-vinogradi.hr\/wp-content\/uploads\/2015\/05\/1857-20011-480x94.png 480w, https:\/\/knezevi-vinogradi.hr\/wp-content\/uploads\/2015\/05\/1857-20011-1024x201.png 1024w\" sizes=\"(max-width: 1101px) 100vw, 1101px\" \/><\/a><\/p>\n","protected":false},"excerpt":{"rendered":"<p>Vid\u00e9k\u00fcnk embereml\u00e9kezet \u00f3ta vegyes lakoss\u00e1g\u00fa volt, k\u00fcl\u00f6nf\u00e9le kult\u00far\u00e1k metsz\u00e9spontj\u00e1ban horv\u00e1tok (sok\u00e1cok), magyarok, szerbek lakt\u00e1k. A II. vil\u00e1gh\u00e1bor\u00faig n\u00e9metek \u00e9s zsid\u00f3k is \u00e9ltek itt. A j\u00e1r\u00e1s lakoss\u00e1g\u00e1nak nemzetis\u00e9gi \u00f6sszet\u00e9tele a 2011-es n\u00e9psz\u00e1ml\u00e1l\u00e1si adatok alapj\u00e1n a k\u00f6vetkez\u0151: horv\u00e1tok 38%, magyarok 38%, szerbek 18%, egy\u00e9b nemzetis\u00e9g\u0171ek 6%. A II. vil\u00e1gh\u00e1bor\u00fa \u00e9s az 1991-es Honv\u00e9d\u0151 H\u00e1bor\u00fa jelent\u0151sen befoly\u00e1solta a [&hellip;]<\/p>\n","protected":false},"author":4,"featured_media":0,"parent":4782,"menu_order":2,"comment_status":"closed","ping_status":"open","template":"","meta":[],"_links":{"self":[{"href":"https:\/\/knezevi-vinogradi.hr\/hu\/wp-json\/wp\/v2\/pages\/4835\/"}],"collection":[{"href":"https:\/\/knezevi-vinogradi.hr\/hu\/wp-json\/wp\/v2\/pages\/"}],"about":[{"href":"https:\/\/knezevi-vinogradi.hr\/hu\/wp-json\/wp\/v2\/types\/page\/"}],"author":[{"embeddable":true,"href":"https:\/\/knezevi-vinogradi.hr\/hu\/wp-json\/wp\/v2\/users\/4\/"}],"replies":[{"embeddable":true,"href":"https:\/\/knezevi-vinogradi.hr\/hu\/wp-json\/wp\/v2\/comments\/?post=4835"}],"version-history":[{"count":4,"href":"https:\/\/knezevi-vinogradi.hr\/hu\/wp-json\/wp\/v2\/pages\/4835\/revisions\/"}],"predecessor-version":[{"id":7497,"href":"https:\/\/knezevi-vinogradi.hr\/hu\/wp-json\/wp\/v2\/pages\/4835\/revisions\/7497\/"}],"up":[{"embeddable":true,"href":"https:\/\/knezevi-vinogradi.hr\/hu\/wp-json\/wp\/v2\/pages\/4782\/"}],"wp:attachment":[{"href":"https:\/\/knezevi-vinogradi.hr\/hu\/wp-json\/wp\/v2\/media\/?parent=4835"}],"curies":[{"name":"wp","href":"https:\/\/api.w.org\/{rel}","templated":true}]}}