{"id":4838,"date":"2015-10-08T17:00:48","date_gmt":"2015-10-08T15:00:48","guid":{"rendered":"https:\/\/knezevi-vinogradi.hr\/?page_id=4838"},"modified":"2015-10-08T18:38:25","modified_gmt":"2015-10-08T16:38:25","slug":"vegrehajto-testlet","status":"publish","type":"page","link":"https:\/\/knezevi-vinogradi.hr\/hu\/szervezet\/vegrehajto-testlet\/","title":{"rendered":"V\u00e9grehajt\u00f3 test\u00fclet"},"content":{"rendered":"<p>A J\u00e1r\u00e1s szerve az el\u00f6lj\u00e1r\u00f3 \u00e9s vele egy\u00fctt a helyettesei is.<\/p>\n<p>A j\u00e1r\u00e1si el\u00f6lj\u00e1r\u00f3 v\u00e9grehajt\u00e1si munkak\u00f6re:<\/p>\n<ul>\n<li>el\u0151k\u00e9sz\u00edti a j\u00e1r\u00e1si rendeletek javaslatai,<\/li>\n<li>v\u00e9grehajtja a J\u00e1r\u00e1si K\u00e9pvisel\u0151test\u00fclet \u00e1ltal\u00e1nos rendeleteit<\/li>\n<li>meg\u00e1llap\u00edtja a J\u00e1r\u00e1s k\u00f6lts\u00e9gvet\u00e9si javaslat\u00e1t \u00e9s a k\u00f6lts\u00e9gvet\u00e9s v\u00e9grehajt\u00e1s\u00e1t,<\/li>\n<li>ir\u00e1ny\u00edtja a t\u00f6rv\u00e9ny, az Alapszab\u00e1lyzat \u00e9s a J\u00e1r\u00e1si K\u00e9pvisel\u0151test\u00fclet \u00e1ltal\u00e1nos rendeletei szerint a J\u00e1r\u00e1s tulajdon\u00e1t k\u00e9pez\u0151 ingatlanokat, ind\u00f3s\u00e1gokat, tulajdonjogokat,<\/li>\n<li>hat\u00e1roz a Hercegsz\u0151l\u0151si J\u00e1r\u00e1s ing\u00f3 \u00e9s ingatlan vagyon\u00e1nak megszerz\u00e9s\u00e9r\u0151l \u00e9s elidegened\u00e9s\u00e9r\u0151l \u00e9s rendelkez\u00e9sre \u00e1ll\u00f3 t\u00f6bbi vagyonnal \u00f6sszhangban a t\u00f6rv\u00e9nyes el\u0151\u00edr\u00e1sokkal, az Alapszab\u00e1lyzat \u00e9s k\u00fcl\u00f6nleges el\u0151\u00edr\u00e1sokkal, amelyeknek egyenk\u00e9nti \u00e9rt\u00e9ke nem haladja meg a j\u00f6vedelem \u00f6sszeg\u00e9nek 0,5%- \u00e1t azon bev\u00e9tel n\u00e9lk\u00fcl sz\u00e1m\u00edtva, amelynek megszerz\u00e9se abban az \u00e9vben t\u00f6rt\u00e9nik, amely megel\u0151zi a vagyonszerz\u00e9sr\u0151l \u00e9s elidegened\u00e9s\u00e9r\u0151l, \u00e9rt\u00e9kes\u00edt\u00e9s\u00e9r\u0151l, sz\u00f3l\u00f3 hat\u00e1rozat \u00e9v\u00e9t, illetve tobbi vagyon rendelkez\u00e9s\u00e9r\u0151l, \u00e9s legt\u00f6bb 1.000.000 kun\u00e1ig, \u00e9s ha ez az \u00f6sszeg kevesebb 70.000,00 kun\u00e1t\u00f3l,akkor legfeljebb 70.000,00 kun\u00e1ig d\u00f6nthet, amennyiben a vagyonszerz\u00e9s \u00e9s elidegen\u00edt\u00e9s \u00e9s a rendelkez\u00e9sre \u00e1ll\u00f3 t\u00f6bbi vagyonnal a k\u00f6lts\u00e9gvet\u00e9si tervben szerepel \u00e9s annak megval\u00f3s\u00edt\u00e1sa\u00a0 \u00f6sszhangban \u00e1ll a t\u00f6rv\u00e9nyes el\u0151\u00edr\u00e1sokkal,<\/li>\n<li>ir\u00e1ny\u00edtja a J\u00e1r\u00e1s bev\u00e9tel\u00e9t \u00e9s kiad\u00e1s\u00e1t,<\/li>\n<li>ir\u00e1ny\u00edtja a J\u00e1r\u00e1s k\u00f6lts\u00e9gvet\u00e9si sz\u00e1ml\u00e1j\u00e1n rendelkez\u00e9sre \u00e1ll\u00f3 p\u00e9nzeszk\u00f6z\u00f6ket,<\/li>\n<li>szab\u00e1lyozza a J\u00e1r\u00e1s igazgat\u00e1si test\u00fcleteinek bels\u0151 rendj\u00e9t,<\/li>\n<li>kinevezi az igazgat\u00e1si test\u00fcletek vezet\u0151it \u00e9s azok kinevez\u00e9s\u00e9t visszavonja,<\/li>\n<li>kinevezi a bels\u0151 ellen\u0151rt \u00e9s visszavonja kinevez\u00e9s\u00e9t,<\/li>\n<li>meg\u00e1llap\u00edtja a J\u00e1r\u00e1si igazgat\u00e1si test\u00fcletei hivatala munkaviszonyi felv\u00e9teli terv\u00e9t,<\/li>\n<li>javasolja a ter\u00fcletfejleszt\u00e9si tervet \u00e9s annak m\u00f3dos\u00edt\u00e1s\u00e1t , kieg\u00e9sz\u00edt\u00e9s\u00e9t,fizikai \u00e9s jogi szem\u00e9lyek indokolt \u00e9s bizony\u00edtott javaslati alapj\u00e1n,<\/li>\n<li>\u00edr\u00e1nyitja a J\u00e1r\u00e1s igazgat\u00e1si oszt\u00e1ly\u00e1nak \u00e9s hivatalainak munk\u00e1j\u00e1t a j\u00e1r\u00e1s \u00f6nkorm\u00e1nyzati munkak\u00f6r\u00e9b\u0151l ered\u0151 \u00fcgyekben, illetve az \u00e1llamigazgat\u00e1si munk\u00e1ja, ha \u00e1t van ruh\u00e1zva J\u00e1r\u00e1sra,<\/li>\n<li>fel\u00fcgyeli \u00e9s meg\u00e1llap\u00edtja a v\u00e9gleges fejleszt\u00e9si tervjavaslatoz,<\/li>\n<li>saj\u00e1t \u00fczemei igazgat\u00f3it kinevezi \u00e9s azok kinevez\u00e9seit visszavonja,<\/li>\n<li>hat\u00e1roz kommun\u00e1lis tev\u00e9kenys\u00e9g ell\u00e1t\u00e1s\u00e1val kapcsolatos h\u00edrdet\u00e9sr\u0151l vagy p\u00e1ly\u00e1zat megjelentet\u00e9s\u00e9r\u0151l<\/li>\n<li>megk\u00f6ti a meg\u00e1llapod\u00e1si szerz\u0151d\u00e9seket a kommun\u00e1lis tev\u00e9kenys\u00e9gekr\u0151l,<\/li>\n<li>hat\u00e1roz kommun\u00e1lis tev\u00e9kenys\u00e9g ell\u00e1t\u00e1s\u00e1val kapcsolatos \u00e1raj\u00e1nlatok beszerz\u00e9s\u00e9re vonatkoz\u00f3 h\u00edrdet\u00e9sr\u0151l vagy p\u00e1ly\u00e1zat megjelentet\u00e9s\u00e9r\u0151l szerz\u0151d\u00e9sek alapj\u00e1n \u00e9s megk\u00f6ti a meg\u00e1llapod\u00e1si szerz\u0151d\u00e9seket,<\/li>\n<li>el\u0151zetes beleegyez\u00e9s\u00e9t adja a kommun\u00e1lis szolg\u00e1ltat\u00e1sok \u00e1rlistav\u00e1ltoz\u00e1sait illet\u0151en,<\/li>\n<li>kinevezi \u00e9s felmenti a J\u00e1r\u00e1s k\u00e9pvisel\u0151it az \u00e1llami inte\u00e9zm\u00e9nyek test\u00fcleteiben \u00e9s m\u00e1s jogi szem\u00e9lyekben amelyekben a J\u00e1r\u00e1s a tulajdonos\u00e9s amelyekben r\u00e9szv\u00e9nyei vagy \u00fczletr\u00e9szei vannak az ingatlan\u00e1ban,<\/li>\n<li>foly\u00f3 \u00e9v m\u00e1rcius v\u00e9g\u00e9ig a J\u00e1r\u00e1si K\u00e9pvisel\u0151test\u00fcletnek \u00e1tadja az el\u0151z\u0151 \u00e9vre vonatkoz\u00f3 a Kommun\u00e1lis \u00e9s infrasztrukt\u00fara programj\u00e1r\u00f3l \u00e9s a Kommun\u00e1lis infrasztrukt\u00fara l\u00e9tes\u00edtm\u00e9nyei \u00e9s felszerel\u00e9sei ki\u00e9p\u00edt\u00e9s\u00e9nek pogramj\u00e1r\u00f3l sz\u00f3l\u00f3 \u00e9vi jelent\u00e9st,<\/li>\n<li>elj\u00e1r p\u00e1ly\u00e1zati hirdet\u00e9sben \u00e9s hat\u00e9roz saj\u00e1t tulajdonu \u00fczlethelyis\u00e9g b\u00e9rbead\u00e1s\u00e1val kapcsolatos legmegfelel\u0151bb \u00e1raj\u00e1nlatr\u00f3l, a J\u00e1r\u00e1si K\u00e9pvisel\u0151test\u00fclet az \u00fczlethelyis\u00e9gek b\u00e9rbead\u00e1s\u00e1r\u00f3l sz\u00f3l\u00f3 k\u00fcl\u00f6n hat\u00e1rozata \u00e9rtelm\u00e9ben,<\/li>\n<li>d\u00f6nt\u00e9st hoz a forgalom \u00e9s a parkol\u00e1s szab\u00e1lyoz\u00e1s\u00e1r\u00f3l a J\u00e1r\u00e1s ter\u00fclet\u00e9n<\/li>\n<li>megszervezi a J\u00e1r\u00e1s ter\u00fclet\u00e9n a t\u0171zv\u00e9delmet, gondoskodik sikeres gyakorl\u00e1s\u00e1r\u00f3l \u00e9s int\u00e9zkedik a t\u0171zv\u00e9delem fejleszt\u00e9s\u00e9r\u0151l,<\/li>\n<li>fel\u00fcgyeli az igazgat\u00e1si oszt\u00e1lyok \u00e9s hivatalok munk\u00e1j\u00e1t \u00f6nkorm\u00e1nyzati munkak\u00f6rben,<\/li>\n<li>v\u00e9lem\u00e9nyt nyilv\u00e1nit m\u00e1s, felhatalmazott javasl\u00f3k el\u0151terjesztett javaslatair\u00f3l,<\/li>\n<li>fel\u00fcgyeli a Telep\u00fcl\u00e9si \u00d6nkorm\u00e1nyzatok test\u00fcleteinek t\u00f6rv\u00e9nyes munk\u00e1j\u00e1t,<\/li>\n<li>egy\u00e9b munk\u00e1t is v\u00e9gez az Alapszab\u00e1lyzat \u00e9s egy\u00e9b el\u0151\u00edr\u00e1sok \u00e9rtelm\u00e9ben.<\/li>\n<\/ul>\n","protected":false},"excerpt":{"rendered":"<p>A J\u00e1r\u00e1s szerve az el\u00f6lj\u00e1r\u00f3 \u00e9s vele egy\u00fctt a helyettesei is. A j\u00e1r\u00e1si el\u00f6lj\u00e1r\u00f3 v\u00e9grehajt\u00e1si munkak\u00f6re: el\u0151k\u00e9sz\u00edti a j\u00e1r\u00e1si rendeletek javaslatai, v\u00e9grehajtja a J\u00e1r\u00e1si K\u00e9pvisel\u0151test\u00fclet \u00e1ltal\u00e1nos rendeleteit meg\u00e1llap\u00edtja a J\u00e1r\u00e1s k\u00f6lts\u00e9gvet\u00e9si javaslat\u00e1t \u00e9s a k\u00f6lts\u00e9gvet\u00e9s v\u00e9grehajt\u00e1s\u00e1t, ir\u00e1ny\u00edtja a t\u00f6rv\u00e9ny, az Alapszab\u00e1lyzat \u00e9s a J\u00e1r\u00e1si K\u00e9pvisel\u0151test\u00fclet \u00e1ltal\u00e1nos rendeletei szerint a J\u00e1r\u00e1s tulajdon\u00e1t k\u00e9pez\u0151 ingatlanokat, ind\u00f3s\u00e1gokat, tulajdonjogokat, [&hellip;]<\/p>\n","protected":false},"author":4,"featured_media":0,"parent":4867,"menu_order":0,"comment_status":"closed","ping_status":"closed","template":"","meta":[],"_links":{"self":[{"href":"https:\/\/knezevi-vinogradi.hr\/hu\/wp-json\/wp\/v2\/pages\/4838\/"}],"collection":[{"href":"https:\/\/knezevi-vinogradi.hr\/hu\/wp-json\/wp\/v2\/pages\/"}],"about":[{"href":"https:\/\/knezevi-vinogradi.hr\/hu\/wp-json\/wp\/v2\/types\/page\/"}],"author":[{"embeddable":true,"href":"https:\/\/knezevi-vinogradi.hr\/hu\/wp-json\/wp\/v2\/users\/4\/"}],"replies":[{"embeddable":true,"href":"https:\/\/knezevi-vinogradi.hr\/hu\/wp-json\/wp\/v2\/comments\/?post=4838"}],"version-history":[{"count":3,"href":"https:\/\/knezevi-vinogradi.hr\/hu\/wp-json\/wp\/v2\/pages\/4838\/revisions\/"}],"predecessor-version":[{"id":5159,"href":"https:\/\/knezevi-vinogradi.hr\/hu\/wp-json\/wp\/v2\/pages\/4838\/revisions\/5159\/"}],"up":[{"embeddable":true,"href":"https:\/\/knezevi-vinogradi.hr\/hu\/wp-json\/wp\/v2\/pages\/4867\/"}],"wp:attachment":[{"href":"https:\/\/knezevi-vinogradi.hr\/hu\/wp-json\/wp\/v2\/media\/?parent=4838"}],"curies":[{"name":"wp","href":"https:\/\/api.w.org\/{rel}","templated":true}]}}